{"id":5523,"date":"2025-07-16T14:07:10","date_gmt":"2025-07-16T14:07:10","guid":{"rendered":"https:\/\/b2b.mideer.lt\/product\/mideer-say-chess-vaikiska-kamera\/"},"modified":"2026-04-17T07:30:47","modified_gmt":"2026-04-17T07:30:47","slug":"mideer-say-chess-vaikiska-kamera","status":"publish","type":"product","link":"https:\/\/b2b.mideer.lt\/lv\/product\/mideer-say-chess-vaikiska-kamera\/","title":{"rendered":"Say Cheese Kids kamera - zila \/ oran\u017ea"},"content":{"rendered":"<p>Mideer Say Chess Kids Camera ir ide\u0101la pirm\u0101 kamera mazajiem p\u0113tniekiem!\u0160\u012b rota\u013c\u012bg\u0101 un paroc\u012bg\u0101 kamera ir \u012bpa\u0161i izstr\u0101d\u0101ta b\u0113rniem vecum\u0101 no 3 gadiem, veicinot rado\u0161umu, zin\u0101tk\u0101ri un pied\u0101v\u0101jot v\u0113l vair\u0101k jautr\u012bbas.<\/p>\n<p><b>Galven\u0101s funkcijas:<\/b><\/p>\n<ul>\n<li>mideer kamera ir <b>48 MP priek\u0161\u0113j\u0101 un aizmugur\u0113j\u0101 kamera<\/b>\u013cauj b\u0113rniem uz\u0146emt \u012bpa\u0161i detaliz\u0113tas un asas fotogr\u0101fijas un videoklipus.<\/li>\n<li>Kamerai ir ne tikai\u00a0<b>fotograf\u0113\u0161ana<\/b>, bet ar\u012b <b>film\u0113\u0161ana<\/b> funkcija.<\/li>\n<li>Komplekt\u0101 ir \u00a0<strong>32 GB atmi\u0146as karte<\/strong>, lai kamera var\u0113tu\u00a0<b>Saglab\u0101jiet l\u012bdz 8000 fotoatt\u0113lu.<\/b><\/li>\n<li><b>Tr\u012bs integr\u0113tas klasisk\u0101s sp\u0113les -\u00a0<\/b>izklaidei un jautr\u012bbai.<\/li>\n<li>Unik\u0101la iesp\u0113ja\u00a0<b>ierakstiet un klausieties savu m\u016bziku.<\/b> tie\u0161i no kameras.<\/li>\n<li>Izgatavots no b\u0113rniem dro\u0161iem un iztur\u012bgiem materi\u0101liem.<\/li>\n<li><b>Kompakts izm\u0113rs -<\/b> \u0113rts maz\u0101m rok\u0101m, \u0113rts glab\u0101\u0161anai un transport\u0113\u0161anai.<\/li>\n<li>Kamera ir apr\u012bkota ar kr\u0101su filtriem un r\u0101mjiem, kas \u013cauj b\u0113rniem padar\u012bt fotogr\u0101fijas v\u0113l jautr\u0101kas.<\/li>\n<\/ul>\n<p><b>Komplekt\u0101 ietilpst:<\/b><\/p>\n<ul>\n<li>1 x b\u0113rnu kamera<\/li>\n<li>1 x stil\u012bga rokas siksna<\/li>\n<li>1 x datu kabelis<\/li>\n<li>1 x lietot\u0101ja rokasgr\u0101mata (EN)<\/li>\n<li>1 x 32 GB atmi\u0146as karte<\/li>\n<li>1 x silikona korpuss<\/li>\n<\/ul>\n<p><strong>Kameras izm\u0113ri:<\/strong> 9,5 x 9,5 x 3 cm<\/p>\n<p><strong>Iepakojuma izm\u0113rs:<\/strong> 14,7 x 14,7 x 5,1 cm<\/p>\n<p><strong>Ieteicamais vecums:<\/strong> 3+<\/p>","protected":false},"excerpt":{"rendered":"<p>Mideer Say Chess vaiki\u0161ka kamera \u2013 idealus pirmasis fotoaparatas ma\u017eiesiems tyrin\u0117tojams!\u0160is \u017eaismingas ir patogus fotoaparatas sukurtas specialiai vaikams nuo 3 met\u0173, skatinantis k\u016brybi\u0161kum\u0105, smalsum\u0105 ir si\u016blantis dar daugiau pramog\u0173. Pagrindin\u0117s savyb\u0117s: mideer fotoaparatas turi 48 MP priekin\u0119 ir galin\u0119 kameras, leid\u017eian\u010dias vaikams daryti itin detalias ir ry\u0161kias nuotraukas bei vaizdo \u012fra\u0161us. Kamera turi ne tik\u00a0fotografavimo, bet ir filmavimo funkcij\u0105. Rinkinyje yra \u00a032 GB atminties kortel\u0117, tod\u0117l kamera gali\u00a0saugoti iki 8000 nuotrauk\u0173. Integruoti trys klasikiniai \u017eaidimai &#8211;\u00a0pramogoms ir smagiam laiko praleidimui. Unikali galimyb\u0117\u00a0\u012fra\u0161yti ir klausytis savo muzikos tiesiai i\u0161 kameros. Pagaminta i\u0161 vaikams saugi\u0173 ir patvari\u0173 med\u017eiag\u0173. Kompakti\u0161kas dydis &#8211; patogus ma\u017eoms rankyt\u0117ms, kad b\u016bt\u0173 galima lengvai laikyti ir transportuoti. Kameroje rasite spalvotus filtrus ir r\u0117melius, leid\u017eian\u010dius vaikams paversti savo nuotraukas dar smagesn\u0117mis. Komplekt\u0105 sudaro: 1 x vaiki\u0161ka kamera 1 x stilingas rie\u0161o dir\u017eelis 1 x duomen\u0173 kabelis 1 x vartotojo vadovas (EN) 1 x 32 GB atminties kortel\u0117 1 x silikoninis d\u0117klas Kameros matmenys: 9.5 x 9.5 x 3 cm Pakuot\u0117s dydis: 14.7 x 14.7 x 5.1 cm Rekomenduojamas am\u017eius: 3+<\/p>","protected":false},"featured_media":5550,"template":"","meta":[],"product_brand":[],"product_cat":[234,235,236,242,272,255,273,276],"product_tag":[],"class_list":{"0":"post-5523","1":"product","2":"type-product","3":"status-publish","4":"has-post-thumbnail","6":"product_cat-3-4-metai","7":"product_cat-5-6-metai","8":"product_cat-6-metai","9":"product_cat-dovanu-idejos","10":"product_cat-kaledines-dovanos","11":"product_cat-naujienos","12":"product_cat-visi-aksesuarai","13":"product_cat-zaislai-ir-zaidimai","15":"first","16":"instock","17":"taxable","18":"shipping-taxable","19":"product-type-simple"},"jetpack_sharing_enabled":true,"_links":{"self":[{"href":"https:\/\/b2b.mideer.lt\/lv\/wp-json\/wp\/v2\/product\/5523"}],"collection":[{"href":"https:\/\/b2b.mideer.lt\/lv\/wp-json\/wp\/v2\/product"}],"about":[{"href":"https:\/\/b2b.mideer.lt\/lv\/wp-json\/wp\/v2\/types\/product"}],"wp:featuredmedia":[{"embeddable":true,"href":"https:\/\/b2b.mideer.lt\/lv\/wp-json\/wp\/v2\/media\/5550"}],"wp:attachment":[{"href":"https:\/\/b2b.mideer.lt\/lv\/wp-json\/wp\/v2\/media?parent=5523"}],"wp:term":[{"taxonomy":"product_brand","embeddable":true,"href":"https:\/\/b2b.mideer.lt\/lv\/wp-json\/wp\/v2\/product_brand?post=5523"},{"taxonomy":"product_cat","embeddable":true,"href":"https:\/\/b2b.mideer.lt\/lv\/wp-json\/wp\/v2\/product_cat?post=5523"},{"taxonomy":"product_tag","embeddable":true,"href":"https:\/\/b2b.mideer.lt\/lv\/wp-json\/wp\/v2\/product_tag?post=5523"}],"curies":[{"name":"wp","href":"https:\/\/api.w.org\/{rel}","templated":true}]}}