{"id":5521,"date":"2025-07-16T14:07:08","date_gmt":"2025-07-16T14:07:08","guid":{"rendered":"https:\/\/b2b.mideer.lt\/product\/lets-sing-karaoke-rinkinys\/"},"modified":"2026-04-11T07:33:10","modified_gmt":"2026-04-11T07:33:10","slug":"lets-sing-karaoke-rinkinys","status":"publish","type":"product","link":"https:\/\/b2b.mideer.lt\/lv\/product\/lets-sing-karaoke-rinkinys\/","title":{"rendered":"Karaoke komplekts LV"},"content":{"rendered":"<p>Mideer Let's Sing! karaoke komplekts ar diviem mikrofoniem! Tas ir lielisks l\u012bdzeklis muzik\u0101l\u0101s dzirdes, dzied\u0101\u0161anas prasmju un rado\u0161uma att\u012bst\u012b\u0161anai, \u013caujot mazajiem izpild\u012bt\u0101jiem baud\u012bt savus priek\u0161nesumus, kad vien vi\u0146i v\u0113las.<\/p>\n<p><b>Galven\u0101s funkcijas un priek\u0161roc\u012bbas:<\/b><\/p>\n<ul>\n<li>Komplekt\u0101 ietilpst <b>divi mikrofoni<\/b>lieliski piem\u0113rots duetiem, \u0123imenes priek\u0161nesumiem un draugu ball\u012bt\u0113m.<\/li>\n<li><b>Bezvadu savienojums, izmantojot Bluetooth. <\/b>Savienojiet komplektu ar viedt\u0101lruni, plan\u0161etdatoru vai citu Bluetooth ier\u012bci un <b>s\u0101kt dzied\u0101t jebkur\u0101 laik\u0101 un jebkur\u0101 viet\u0101!<\/b> Tas nodro\u0161ina neierobe\u017eotu m\u016bzikas izv\u0113li.<\/li>\n<li><b>Balss mai\u0146as efekti. <\/b>Mikrofons ir apr\u012bkots ar \u010detriem balss mai\u0146as efektiem - meitenes balss, z\u0113na balss, briesmo\u0146a balss un mazu\u013ca balss. <span style=\"font-size: 0.875rem\">\u0160ie efekti nodro\u0161in\u0101s nebeidzamu jautr\u012bbu un \u013caus b\u0113rniem rad\u012bt smiekl\u012bgus un unik\u0101lus priek\u0161nesumus.<\/span><\/li>\n<li><span style=\"font-size: 0.875rem\"><br \/>\n<b>Uzl\u0101de, izmantojot USB-C - <\/b>\u0112rta un \u0101tra uzl\u0101de ar modernu USB-C savienojumu.<\/span><\/li>\n<\/ul>\n<p><span style=\"font-size: 0.875rem\"><strong>Iepakojuma izm\u0113ri: <\/strong>24,8 cm x 18,1 cm x 6,6 cm<\/span><\/p>\n<p><span style=\"font-size: 0.875rem\"><strong>Ieteicamais vecums:<\/strong> 3+<\/span><\/p>","protected":false},"excerpt":{"rendered":"<p>Mideer Let&#8217;s Sing! karaoke rinkinys su dviem mikrofonais! Tai puiki priemon\u0117 lavinti muzikin\u0119 klaus\u0105, dainavimo \u012fg\u016bd\u017eius ir k\u016brybi\u0161kum\u0105, leid\u017eianti ma\u017eiesiems atlik\u0117jams m\u0117gautis savo pasirodymais kada tik panor\u0117jus. Pagrindin\u0117s savyb\u0117s ir privalumai: Rinkin\u012f sudaro du mikrofonai, kurie puikiai tinka dainuoti duetams, \u0161eimos pasirodymams ir draug\u0173 vakar\u0117liams. Bevielis ry\u0161ys per Bluetooth. Prijunkite rinkin\u012f prie savo i\u0161maniojo telefono, plan\u0161etinio kompiuterio ar kit\u0173 Bluetooth \u012frengini\u0173 ir prad\u0117kite dainuoti bet kada, bet kur! Tai suteikia neribotas muzikos pasirinkimo galimybes. Balso keitimo efektai. Mikrofone yra \u012fmontuoti keturi balso keitimo efektai &#8211; mergait\u0117s balsas, berniuko balsas, monstro balsas ir k\u016bdikio balsas. \u0160ie efektai suteiks begal\u0119 linksmybi\u0173 ir leis vaikams kurti juokingus bei unikalius pasirodymus. \u012ekraunamas per USB-C &#8211; patogus ir greitas \u012fkrovimas naudojant moderni\u0105 USB-C jungt\u012f. Pakuot\u0117s matmenys: 24,8cm x 18,1cm x 6,6cm Rekomenduojamas am\u017eius: 3+<\/p>","protected":false},"featured_media":5540,"template":"","meta":[],"product_brand":[],"product_cat":[234,235,236,239,242,272,255,276],"product_tag":[],"class_list":{"0":"post-5521","1":"product","2":"type-product","3":"status-publish","4":"has-post-thumbnail","6":"product_cat-3-4-metai","7":"product_cat-5-6-metai","8":"product_cat-6-metai","9":"product_cat-daugiau-zaislu-ir-zaidimu","10":"product_cat-dovanu-idejos","11":"product_cat-kaledines-dovanos","12":"product_cat-naujienos","13":"product_cat-zaislai-ir-zaidimai","15":"first","16":"instock","17":"taxable","18":"shipping-taxable","19":"product-type-simple"},"jetpack_sharing_enabled":true,"_links":{"self":[{"href":"https:\/\/b2b.mideer.lt\/lv\/wp-json\/wp\/v2\/product\/5521"}],"collection":[{"href":"https:\/\/b2b.mideer.lt\/lv\/wp-json\/wp\/v2\/product"}],"about":[{"href":"https:\/\/b2b.mideer.lt\/lv\/wp-json\/wp\/v2\/types\/product"}],"wp:featuredmedia":[{"embeddable":true,"href":"https:\/\/b2b.mideer.lt\/lv\/wp-json\/wp\/v2\/media\/5540"}],"wp:attachment":[{"href":"https:\/\/b2b.mideer.lt\/lv\/wp-json\/wp\/v2\/media?parent=5521"}],"wp:term":[{"taxonomy":"product_brand","embeddable":true,"href":"https:\/\/b2b.mideer.lt\/lv\/wp-json\/wp\/v2\/product_brand?post=5521"},{"taxonomy":"product_cat","embeddable":true,"href":"https:\/\/b2b.mideer.lt\/lv\/wp-json\/wp\/v2\/product_cat?post=5521"},{"taxonomy":"product_tag","embeddable":true,"href":"https:\/\/b2b.mideer.lt\/lv\/wp-json\/wp\/v2\/product_tag?post=5521"}],"curies":[{"name":"wp","href":"https:\/\/api.w.org\/{rel}","templated":true}]}}