{"id":5519,"date":"2025-07-16T14:07:07","date_gmt":"2025-07-16T14:07:07","guid":{"rendered":"https:\/\/b2b.mideer.lt\/product\/penalas-matcha-green\/"},"modified":"2026-04-20T07:30:39","modified_gmt":"2026-04-20T07:30:39","slug":"penalas-matcha-green","status":"publish","type":"product","link":"https:\/\/b2b.mideer.lt\/lv\/product\/penalas-matcha-green\/","title":{"rendered":"Pen\u0101lis Matcha Green"},"content":{"rendered":"<p>\u0160is stil\u012bgais un \u012bpa\u0161i ietilp\u012bgais Mideer pen\u0101lis ir izstr\u0101d\u0101ts, lai pal\u012bdz\u0113tu b\u0113rniem (un ne tikai!) \u0113rti uzglab\u0101t visus m\u0101c\u012bbu un z\u012bm\u0113\u0161anas materi\u0101lus. Aizmirstiet par mekl\u0113\u0161anu mugursomas apak\u0161\u0101 - viss b\u016bs sav\u0101 viet\u0101 un pa rokai!<\/p>\n<ul>\n<li><strong>4 galven\u0101s funkcion\u0101l\u0101s jomas <\/strong>- p\u0101rskat\u0101ma un organiz\u0113ta glab\u0101\u0161ana.<\/li>\n<li><span style=\"font-size: 0.875rem\">Atverot pen\u0101l\u012bti, visi instrumenti ir redzami plaukst\u0101, t\u0101p\u0113c ir viegli un \u0101tri atrast nepiecie\u0161amos priek\u0161metus.\u00a0<\/span><\/li>\n<li><span style=\"font-size: 0.875rem\"><br \/>\nModerns un minim\u0101lisma dizains ar rota\u013c\u012bgiem Mideer elementiem.<\/span><\/li>\n<li><span style=\"font-size: 0.875rem\">Izgatavots no iztur\u012bga auduma un sp\u0113c\u012bgiem r\u0101v\u0113jsl\u0113dz\u0113jiem, kas nodro\u0161ina ilgsto\u0161u lieto\u0161anu.<\/span><\/li>\n<li><span style=\"font-size: 0.875rem\">T\u0101 kompaktais izm\u0113rs \u013cauj to \u0113rti ievietot mugursom\u0101 vai rokassom\u0101.<\/span><\/li>\n<\/ul>\n<p><span style=\"font-size: 0.875rem\">Mideer daudzfunkcion\u0101lais paliktnis ir ne tikai kancelejas piederumu tur\u0113t\u0101js, bet ar\u012b stil\u012bgs aksesu\u0101rs, kas pal\u012bdz uztur\u0113t k\u0101rt\u012bbu un veicina efekt\u012bv\u0101ku m\u0101c\u012b\u0161anos un rado\u0161umu! Ide\u0101la d\u0101vana skolas vecuma b\u0113rniem, studentiem vai ikvienam, kam nepiecie\u0161ama k\u0101rt\u012bga vieta rakst\u0101mliet\u0101m.<\/span><\/p>\n<p><span style=\"font-size: 0.875rem\"><strong>Izm\u0113ri:<\/strong> 20,5 cm x 7 cm x 7,5 cm<\/span><\/p>","protected":false},"excerpt":{"rendered":"<p>\u0160is stil\u012bgais un \u012bpa\u0161i ietilp\u012bgais Mideer pen\u0101lis ir izstr\u0101d\u0101ts, lai pal\u012bdz\u0113tu b\u0113rniem (un ne tikai!) \u0113rti uzglab\u0101t visus m\u0101c\u012bbu un z\u012bm\u0113\u0161anas materi\u0101lus. Aizmirstiet par mekl\u0113\u0161anu mugursomas apak\u0161\u0101 - viss b\u016bs sav\u0101 viet\u0101 un pa rokai! 4 galven\u0101s funkcion\u0101l\u0101s zonas p\u0101rskat\u0101mai un organiz\u0113tai glab\u0101\u0161anai. Kad pen\u0101lis ir atv\u0113rts, visi r\u012bki ir redzami plaukst\u0101, t\u0101d\u0113j\u0101di \u013caujot \u0101tri atrast nepiecie\u0161amos priek\u0161metus bez liekas piep\u016bles.  Moderns un minim\u0101lisma dizains ar rota\u013c\u012bgiem Mideer elementiem. Izgatavots no iztur\u012bga auduma un iztur\u012bgiem r\u0101v\u0113jsl\u0113dz\u0113jiem, kas nodro\u0161ina ilgsto\u0161u lieto\u0161anu. Kompaktais izm\u0113rs \u013cauj viegli ieb\u0101zt somi\u0146u mugursom\u0101 vai rokassomi\u0146\u0101. Mideer daudzfunkcion\u0101lais futr\u0101lis ir ne tikai kancelejas piederumu tur\u0113t\u0101js, bet ar\u012b stil\u012bgs aksesu\u0101rs, kas pal\u012bdz uztur\u0113t k\u0101rt\u012bbu un veicina efekt\u012bv\u0101ku m\u0101c\u012b\u0161anos un rado\u0161umu! Ide\u0101la d\u0101vana skolas vecuma b\u0113rniem, studentiem vai ikvienam, kam nepiecie\u0161ama k\u0101rt\u012bga vieta rakst\u0101mliet\u0101m. Izm\u0113ri: 20,5 cm x 7 cm x 7,5 cm.<\/p>","protected":false},"featured_media":5539,"template":"","meta":[],"product_brand":[],"product_cat":[235,236,254,255,273],"product_tag":[],"class_list":{"0":"post-5519","1":"product","2":"type-product","3":"status-publish","4":"has-post-thumbnail","6":"product_cat-5-6-metai","7":"product_cat-6-metai","8":"product_cat-mokyklos-reikmenys","9":"product_cat-naujienos","10":"product_cat-visi-aksesuarai","12":"first","13":"instock","14":"taxable","15":"shipping-taxable","16":"product-type-simple"},"jetpack_sharing_enabled":true,"_links":{"self":[{"href":"https:\/\/b2b.mideer.lt\/lv\/wp-json\/wp\/v2\/product\/5519"}],"collection":[{"href":"https:\/\/b2b.mideer.lt\/lv\/wp-json\/wp\/v2\/product"}],"about":[{"href":"https:\/\/b2b.mideer.lt\/lv\/wp-json\/wp\/v2\/types\/product"}],"wp:featuredmedia":[{"embeddable":true,"href":"https:\/\/b2b.mideer.lt\/lv\/wp-json\/wp\/v2\/media\/5539"}],"wp:attachment":[{"href":"https:\/\/b2b.mideer.lt\/lv\/wp-json\/wp\/v2\/media?parent=5519"}],"wp:term":[{"taxonomy":"product_brand","embeddable":true,"href":"https:\/\/b2b.mideer.lt\/lv\/wp-json\/wp\/v2\/product_brand?post=5519"},{"taxonomy":"product_cat","embeddable":true,"href":"https:\/\/b2b.mideer.lt\/lv\/wp-json\/wp\/v2\/product_cat?post=5519"},{"taxonomy":"product_tag","embeddable":true,"href":"https:\/\/b2b.mideer.lt\/lv\/wp-json\/wp\/v2\/product_tag?post=5519"}],"curies":[{"name":"wp","href":"https:\/\/api.w.org\/{rel}","templated":true}]}}