{"id":5515,"date":"2025-07-16T14:07:02","date_gmt":"2025-07-16T14:07:02","guid":{"rendered":"https:\/\/b2b.mideer.lt\/product\/piestuku-rinkinys-hb\/"},"modified":"2026-04-19T07:30:12","modified_gmt":"2026-04-19T07:30:12","slug":"piestuku-rinkinys-hb","status":"publish","type":"product","link":"https:\/\/b2b.mideer.lt\/lv\/product\/piestuku-rinkinys-hb\/","title":{"rendered":"Z\u012bmul\u012b\u0161u komplekts - 2B, 12 gab."},"content":{"rendered":"<p>\u0160ie Mideer augstas kvalit\u0101tes z\u012bmu\u013ci ir \u0113rti, prec\u012bzi un asi, ide\u0101li piem\u0113roti gan skolas uzdevumiem, gan m\u0101kslas projektiem.<\/p>\n<ul>\n<li><b>M\u012bksts un spilgts 2B graf\u012bts:<\/b> Ide\u0101li piem\u0113rots izteiksm\u012bg\u0101m skic\u0113m, intens\u012bvam \u0113nojumam un bag\u0101t\u012bg\u0101m, tum\u0161\u0101m l\u012bnij\u0101m. \u0160is z\u012bmulis lieliski sl\u012bd pa pap\u012bru, \u013caujot viegli veidot p\u0101rejas un dzi\u013c\u0101kus to\u0146us. Lieliska izv\u0113le m\u0101ksliniekiem, dizaineriem un ikvienam, kur\u0161 mekl\u0113 z\u012bmuli, kas \u013cauj izpaust savu rado\u0161umu.<\/li>\n<li><b>Se\u0161st\u016brains korpuss (se\u0161st\u016brains z\u012bmuli\u0146\u0161):<\/b> Ergonomiskais se\u0161st\u016brainais z\u012bmu\u013ca stobrs nodro\u0161ina <b>\u0113rta un stingra arest\u0113\u0161ana<\/b>nov\u0113r\u0161 z\u012bmu\u013ca ripo\u0161anu no galda un mazina rokas nogurumu ilgsto\u0161as rakst\u012b\u0161anas vai z\u012bm\u0113\u0161anas laik\u0101.<\/li>\n<li><b>Augst\u0101k\u0101 kvalit\u0101te:<\/b> Mideer z\u012bmu\u013ciem ir augstas kvalit\u0101tes graf\u012bts, kas ir iztur\u012bgs pret l\u016b\u0161anu un nodro\u0161ina vienm\u0113r\u012bgu sl\u012bd\u0113\u0161anu uz pap\u012bra.<\/li>\n<li><b>Stil\u012bgs dizains:<\/b> Z\u012bmul\u012b\u0161iem ir moderns un pievilc\u012bgs dizains.<\/li>\n<\/ul>","protected":false},"excerpt":{"rendered":"<p>\u0160ie Mideer augstas kvalit\u0101tes z\u012bmu\u013ci ir \u0113rti, prec\u012bzi un asi, ide\u0101li piem\u0113roti gan skolas uzdevumiem, gan m\u0101kslas projektiem. M\u012bksts un spilgts 2B graf\u012bts: ide\u0101li piem\u0113rots izteiksm\u012bg\u0101m skic\u0113m, intens\u012bvam \u0113nojumam un bag\u0101t\u012bg\u0101m, tum\u0161\u0101m l\u012bnij\u0101m. \u0160is z\u012bmulis lieliski sl\u012bd pa pap\u012bru, \u013caujot viegli veidot p\u0101rejas un dzi\u013c\u0101kus to\u0146us. Lieliska izv\u0113le m\u0101ksliniekiem, dizaineriem un ikvienam, kur\u0161 mekl\u0113 z\u012bmuli, kas \u013cauj izpaust savu rado\u0161umu. Se\u0161st\u016brains z\u012bmulis: ergonomiskais se\u0161st\u016brainais z\u012bmu\u013ca korpuss nodro\u0161ina \u0113rtu un stingru satv\u0113rienu, nov\u0113r\u0161 z\u012bmu\u013ca ripo\u0161anu no galda un samazina rokas nogurumu ilgsto\u0161as rakst\u012b\u0161anas vai z\u012bm\u0113\u0161anas laik\u0101. Izcila kvalit\u0101te: Mideer z\u012bmu\u013ciem ir augstas kvalit\u0101tes graf\u012bts, kas ir iztur\u012bgs pret l\u016b\u0161anu un nodro\u0161ina vienm\u0113r\u012bgu sl\u012bd\u0113\u0161anu pa pap\u012bru. Stil\u012bgs dizains: z\u012bmu\u013ciem ir moderns un pievilc\u012bgs dizains.<\/p>","protected":false},"featured_media":5527,"template":"","meta":[],"product_brand":[],"product_cat":[235,236,250,254,255,268,275],"product_tag":[],"class_list":{"0":"post-5515","1":"product","2":"type-product","3":"status-publish","4":"has-post-thumbnail","6":"product_cat-5-6-metai","7":"product_cat-6-metai","8":"product_cat-menai-ir-kurybiniai-uzsiemimai","9":"product_cat-mokyklos-reikmenys","10":"product_cat-naujienos","11":"product_cat-spalvinimo-priemones","12":"product_cat-visos-meno-prekes","14":"first","15":"instock","16":"taxable","17":"shipping-taxable","18":"product-type-simple"},"jetpack_sharing_enabled":true,"_links":{"self":[{"href":"https:\/\/b2b.mideer.lt\/lv\/wp-json\/wp\/v2\/product\/5515"}],"collection":[{"href":"https:\/\/b2b.mideer.lt\/lv\/wp-json\/wp\/v2\/product"}],"about":[{"href":"https:\/\/b2b.mideer.lt\/lv\/wp-json\/wp\/v2\/types\/product"}],"wp:featuredmedia":[{"embeddable":true,"href":"https:\/\/b2b.mideer.lt\/lv\/wp-json\/wp\/v2\/media\/5527"}],"wp:attachment":[{"href":"https:\/\/b2b.mideer.lt\/lv\/wp-json\/wp\/v2\/media?parent=5515"}],"wp:term":[{"taxonomy":"product_brand","embeddable":true,"href":"https:\/\/b2b.mideer.lt\/lv\/wp-json\/wp\/v2\/product_brand?post=5515"},{"taxonomy":"product_cat","embeddable":true,"href":"https:\/\/b2b.mideer.lt\/lv\/wp-json\/wp\/v2\/product_cat?post=5515"},{"taxonomy":"product_tag","embeddable":true,"href":"https:\/\/b2b.mideer.lt\/lv\/wp-json\/wp\/v2\/product_tag?post=5515"}],"curies":[{"name":"wp","href":"https:\/\/api.w.org\/{rel}","templated":true}]}}