{"id":5513,"date":"2025-07-16T14:07:01","date_gmt":"2025-07-16T14:07:01","guid":{"rendered":"https:\/\/b2b.mideer.lt\/product\/aliejinis-dvieju-galu-permanentinis-zymeklis-3vnt\/"},"modified":"2026-04-10T07:33:13","modified_gmt":"2026-04-10T07:33:13","slug":"aliejinis-dvieju-galu-permanentinis-zymeklis-3vnt","status":"publish","type":"product","link":"https:\/\/b2b.mideer.lt\/lv\/product\/aliejinis-dvieju-galu-permanentinis-zymeklis-3vnt\/","title":{"rendered":"E\u013c\u013cas permanentais mar\u0137ieris ar diviem galiem - 3 gab."},"content":{"rendered":"<p>\u0160is inovat\u012bvais Mideer permanentais mar\u0137ieris ir rad\u012bts, lai iedvesmotu m\u0101ksliniekus un pal\u012bdz\u0113tu atrais\u012bt rado\u0161umu. Ar dubulto uzgal\u012bti un augstas kvalit\u0101tes tinti tas ir ide\u0101ls r\u012bks gan ies\u0101c\u0113jiem, gan pieredz\u0113ju\u0161iem m\u0101ksliniekiem.<\/p>\n<p><b>Galven\u0101s funkcijas:<\/b><\/p>\n<ul>\n<li><b>0,8 mm pl\u0101ns uzgalis:<\/b> Ide\u0101li piem\u0113rots prec\u012bz\u0101m kont\u016br\u0101m, deta\u013c\u0101m un prec\u012bziem ras\u0113jumiem. Katra l\u012bnija b\u016bs skaidra un izteiksm\u012bga!<\/li>\n<li><b>3 mm plata sprausla:<\/b> Ide\u0101li piem\u0113rots lielu laukumu aizpild\u012b\u0161anai, vienm\u0113r\u012bgai kr\u0101so\u0161anai un spilgtu, drosm\u012bgu l\u012bniju z\u012bm\u0113\u0161anai.<\/li>\n<li><b>Spilgtas kr\u0101sas un skaidras kont\u016bras.<\/b><\/li>\n<\/ul>\n<ul>\n<li><b>\u016adensnecaurlaid\u012bgs un \u0101tri \u017e\u016bsto\u0161s:<\/b> Aizmirstiet par net\u012br\u0101m rok\u0101m un izbal\u0113ju\u0161iem z\u012bm\u0113jumiem! Tinte \u0101tri \u017e\u016bst un ir \u016bdensiztur\u012bga, garant\u0113jot t\u012brus un spilgtus rezult\u0101tus. Tinte neatst\u0101j p\u0113das uz rok\u0101m.<\/li>\n<li><b>Ide\u0101li piem\u0113rots visiem gad\u012bjumiem:<\/b> Ide\u0101li piem\u0113rots m\u0101kslas stund\u0101m skol\u0101, br\u012bv\u0101 laika z\u012bm\u0113\u0161anai un da\u017e\u0101diem rado\u0161iem projektiem.<\/li>\n<\/ul>\n<p><b>Ieteicamais vecums: <\/b>3+<\/p>\n<p><strong>Tintes ietilp\u012bba:<\/strong> 1,2 g uz mar\u0137ieri<\/p>\n<p><strong>Iepakojuma izm\u0113ri: <\/strong>14,5 cm x 1,5 cm x 4,5 cm<\/p>","protected":false},"excerpt":{"rendered":"<p>\u0160is inovat\u012bvais Mideer permanentais mar\u0137ieris ir rad\u012bts, lai iedvesmotu m\u0101ksliniekus un pal\u012bdz\u0113tu atrais\u012bt rado\u0161umu. Ar dubulto uzgal\u012bti un augstas kvalit\u0101tes tinti tas ir ide\u0101ls r\u012bks gan ies\u0101c\u0113jiem, gan pieredz\u0113ju\u0161iem m\u0101ksliniekiem. Galven\u0101s iez\u012bmes: 0,8 mm smalkais uzgalis: ide\u0101li piem\u0113rots prec\u012bz\u0101m kont\u016br\u0101m, deta\u013c\u0101m un prec\u012bziem z\u012bm\u0113jumiem. Katra l\u012bnija b\u016bs skaidra un izteiksm\u012bga! 3 mm plats uzgalis: lieliski piem\u0113rots lielu laukumu aizpild\u012b\u0161anai, vienm\u0113r\u012bgai kr\u0101so\u0161anai un spilgtu, drosm\u012bgu l\u012bniju z\u012bm\u0113\u0161anai. Spilgtas kr\u0101sas un skaidras kont\u016bras. \u016adensiztur\u012bgs un \u0101tri \u017e\u016bsto\u0161s: aizmirstiet par net\u012br\u0101m rok\u0101m un izbal\u0113ju\u0161iem z\u012bm\u0113jumiem! Tinte \u0101tri no\u017e\u016bst un ir \u016bdensiztur\u012bga, garant\u0113jot t\u012brus un skaidrus rezult\u0101tus. Tinte neatst\u0101j p\u0113das uz rok\u0101m. Ide\u0101li piem\u0113rota da\u017e\u0101diem gad\u012bjumiem: ide\u0101li piem\u0113rota m\u0101kslas stund\u0101m skol\u0101, br\u012bv\u0101 laika z\u012bm\u0113\u0161anai un da\u017e\u0101diem rado\u0161iem projektiem. Ieteicamais vecums: 3+ Tintes tilpums: 1,2 g vien\u0101 mar\u0137ier\u012b: Iepakojuma izm\u0113ri: 14,5 cm x 1,5 cm x 4,5 cm.<\/p>","protected":false},"featured_media":5517,"template":"","meta":[],"product_brand":[],"product_cat":[235,236,280,250,252,254,255,268,275],"product_tag":[],"class_list":{"0":"post-5513","1":"product","2":"type-product","3":"status-publish","4":"has-post-thumbnail","6":"product_cat-5-6-metai","7":"product_cat-6-metai","8":"product_cat-akcija","9":"product_cat-menai-ir-kurybiniai-uzsiemimai","10":"product_cat-meno-reikmenys","11":"product_cat-mokyklos-reikmenys","12":"product_cat-naujienos","13":"product_cat-spalvinimo-priemones","14":"product_cat-visos-meno-prekes","16":"first","17":"instock","18":"taxable","19":"shipping-taxable","20":"product-type-simple"},"jetpack_sharing_enabled":true,"_links":{"self":[{"href":"https:\/\/b2b.mideer.lt\/lv\/wp-json\/wp\/v2\/product\/5513"}],"collection":[{"href":"https:\/\/b2b.mideer.lt\/lv\/wp-json\/wp\/v2\/product"}],"about":[{"href":"https:\/\/b2b.mideer.lt\/lv\/wp-json\/wp\/v2\/types\/product"}],"wp:featuredmedia":[{"embeddable":true,"href":"https:\/\/b2b.mideer.lt\/lv\/wp-json\/wp\/v2\/media\/5517"}],"wp:attachment":[{"href":"https:\/\/b2b.mideer.lt\/lv\/wp-json\/wp\/v2\/media?parent=5513"}],"wp:term":[{"taxonomy":"product_brand","embeddable":true,"href":"https:\/\/b2b.mideer.lt\/lv\/wp-json\/wp\/v2\/product_brand?post=5513"},{"taxonomy":"product_cat","embeddable":true,"href":"https:\/\/b2b.mideer.lt\/lv\/wp-json\/wp\/v2\/product_cat?post=5513"},{"taxonomy":"product_tag","embeddable":true,"href":"https:\/\/b2b.mideer.lt\/lv\/wp-json\/wp\/v2\/product_tag?post=5513"}],"curies":[{"name":"wp","href":"https:\/\/api.w.org\/{rel}","templated":true}]}}