{"id":5496,"date":"2025-07-16T13:12:08","date_gmt":"2025-07-16T13:12:08","guid":{"rendered":"https:\/\/b2b.mideer.lt\/product\/itin-lengva-darzelio-kuprine-yellow\/"},"modified":"2026-04-19T07:30:13","modified_gmt":"2026-04-19T07:30:13","slug":"itin-lengva-darzelio-kuprine-yellow","status":"publish","type":"product","link":"https:\/\/b2b.mideer.lt\/lv\/product\/itin-lengva-darzelio-kuprine-yellow\/","title":{"rendered":"\u012apa\u0161i viegla mugursoma b\u0113rnistabai - dzeltena"},"content":{"rendered":"<p>\u0160aj\u0101 Hugz b\u0113rnistabas mugursom\u0101 ir apvienots stil\u012bgs dizains un praktiskums, lai j\u016bsu b\u0113rna ce\u013cojums uz b\u0113rnud\u0101rzu vai citiem piedz\u012bvojumiem b\u016btu p\u0113c iesp\u0113jas \u0113rt\u0101ks un jautr\u0101ks. \u0160\u012b mugursoma ir piesaisto\u0161\u0101 dzelten\u0101 kr\u0101s\u0101 ar m\u012b\u013cu ka\u0137a mot\u012bvu, un t\u0101 k\u013c\u016bs par j\u016bsu mazu\u013ca m\u012b\u013c\u0101ko aksesu\u0101ru.<\/p>\n<p><b>Galven\u0101s funkcijas:<\/b><\/p>\n<ul>\n<li><b>\u013boti viegli:<\/b> Tas ir izstr\u0101d\u0101ts t\u0101, lai atvieglotu j\u016bsu mazu\u013ca plecus, t\u0101p\u0113c ir ide\u0101li piem\u0113rots ikdienas lieto\u0161anai. T\u0101 sver tikai 100 g!T\u0101 ir viegli salok\u0101ma, t\u0101p\u0113c ir viegli transport\u0113jama un ce\u013cojot neaiz\u0146em p\u0101r\u0101k daudz vietas j\u016bsu \u010demod\u0101n\u0101.<\/li>\n<li><b>Elpojo\u0161a mugura:<\/b> \u012apa\u0161i veidot\u0101 muguras da\u013ca nodro\u0161ina gaisa cirkul\u0101ciju, lai nov\u0113rstu muguras sv\u012b\u0161anu pat akt\u012bvu sp\u0113\u013cu laik\u0101.<\/li>\n<li><b>Regul\u0113jama priek\u0161\u0113j\u0101 siksna:<\/b> Kr\u016b\u0161u siksna pal\u012bdz vienm\u0113r\u012bgi sadal\u012bt svaru, nodro\u0161inot maksim\u0101lu komfortu un pareizu st\u0101ju.<\/li>\n<li><b>\u016adensiztur\u012bgs un viegli t\u012br\u0101ms:<\/b> Izgatavots no iztur\u012bga, \u016bdensnecaurlaid\u012bga materi\u0101la, kas ir \u013coti viegli t\u012br\u0101ms. Net\u012brumi un traipi ir vienk\u0101r\u0161i noslauc\u0101mi, t\u0101p\u0113c j\u016bsu mugursoma vienm\u0113r izskat\u012bsies lieliski.<\/li>\n<\/ul>\n<ul>\n<li><b>Funkcion\u0101l\u0101 dal\u012b\u0161ana:<\/b>\n<ul>\n<li><b>Divi atsevi\u0161\u0137i nodal\u012bjumi s\u0101nos:<\/b> Lieliski piem\u0113rots dz\u0113rieniem, neliel\u0101m rota\u013cliet\u0101m vai citiem priek\u0161metiem, kas ir viegli sasniedzami.<\/li>\n<li><b>Atsevi\u0161\u0137s iek\u0161\u0113jais nodal\u012bjums:<\/b> Galvenaj\u0101 nodal\u012bjum\u0101 atrad\u012bsiet papildu iek\u0161\u0113jo nodal\u012bjumu, kas pal\u012bdz\u0113s jums sak\u0101rtot un sadal\u012bt mantas.<\/li>\n<\/ul>\n<\/li>\n<li><b>V\u0101rda karte iek\u0161pus\u0113:<\/b> Integr\u0113t\u0101 v\u0101rda birka \u013cauj viegli identific\u0113t mugursomu un nodro\u0161in\u0101t, ka t\u0101 nepaz\u016bd b\u0113rnud\u0101rz\u0101 vai citur.<\/li>\n<li><b>Pievilc\u012bgs dizains:<\/b> Jaukais ka\u0137a mot\u012bvs un spilgti dzelten\u0101 kr\u0101sa padara mugursomu rota\u013c\u012bgu un unik\u0101lu.<\/li>\n<\/ul>\n<p><strong>Mugursomas izm\u0113ri:<\/strong> 24 cm x 13 cm x 18 cm<\/p>","protected":false},"excerpt":{"rendered":"<p>\u0160i Hugz dar\u017eelio kuprin\u0117 sujungia stiling\u0105 dizain\u0105 ir prakti\u0161kum\u0105, kad J\u016bs\u0173 vaiko kelias \u012f dar\u017eel\u012f ar kitus nuotykius b\u016bt\u0173 kuo patogesnis ir linksmesnis. I\u0161siskirianti ak\u012f traukian\u010dia geltona spalva su mielu katin\u0117lio motyvu, \u0161i kuprin\u0117 taps m\u0117gstamiausiu J\u016bs\u0173 ma\u017eylio aksesuaru. Pagrindin\u0117s savyb\u0117s: Itin lengva: Sukurta taip, kad neapsunkint\u0173 ma\u017eylio pe\u010di\u0173, tod\u0117l puikiai tinka kasdieniam naudojimui. Kuprin\u0117 sveria vos 100g!Lengvai susilanksto, tod\u0117l j\u0105 patogu transportuoti ir ji neu\u017eims daug vietos lagamine kelion\u0117s metu. Kv\u0117puojanti nugara: Specialiai suprojektuota nugar\u0117l\u0117 u\u017etikrina oro cirkuliacij\u0105, kad nugara neprakaituot\u0173 net ir aktyvi\u0173 \u017eaidim\u0173 metu. Reguliuojama juostel\u0117 priekyje: Kr\u016btin\u0117s juostel\u0117 padeda tolygiai paskirstyti svor\u012f, u\u017etikrinant maksimal\u0173 komfort\u0105 ir taisykling\u0105 laikysen\u0105. Vandeniui atspari ir lengvai valoma med\u017eiaga: Pagaminta i\u0161 patvarios, vandeniui atsparios med\u017eiagos, kuri\u0105 itin lengva valyti. Purvas ir d\u0117m\u0117s tiesiog nusivalo, tod\u0117l kuprin\u0117 visada atrodys puikiai. Funkcionalus skyri\u0173 i\u0161d\u0117stymas: Du atskiri skyreliai \u0161onuose: Puikiai tinka gertuvei, smulkiems \u017eaislams ar kitiems greitai pasiekiamiems daiktams. Atskiras vidinis skyrelis: Pagrindiniame skyriuje rasite papildom\u0105 vidin\u012f skyri\u0173, kuris pad\u0117s organizuoti ir atskirti daiktus. Vardo kortel\u0117 viduje: Integruota vardo kortel\u0117 leis lengvai atpa\u017einti kuprin\u0119 ir u\u017etikrinti, kad ji nepasimest\u0173 dar\u017eelyje ar kitoje vietoje. Patrauklus dizainas: Mielas katin\u0117lio motyvas ir ry\u0161ki geltona spalva suteikia kuprinei \u017eaismingumo ir i\u0161skirtinumo. Kuprin\u0117s matmenys: 24cm x 13cm x 18cm<\/p>","protected":false},"featured_media":5505,"template":"","meta":[],"product_brand":[],"product_cat":[234,235,254,255,273],"product_tag":[],"class_list":{"0":"post-5496","1":"product","2":"type-product","3":"status-publish","4":"has-post-thumbnail","6":"product_cat-3-4-metai","7":"product_cat-5-6-metai","8":"product_cat-mokyklos-reikmenys","9":"product_cat-naujienos","10":"product_cat-visi-aksesuarai","12":"first","13":"instock","14":"taxable","15":"shipping-taxable","16":"product-type-simple"},"jetpack_sharing_enabled":true,"_links":{"self":[{"href":"https:\/\/b2b.mideer.lt\/lv\/wp-json\/wp\/v2\/product\/5496"}],"collection":[{"href":"https:\/\/b2b.mideer.lt\/lv\/wp-json\/wp\/v2\/product"}],"about":[{"href":"https:\/\/b2b.mideer.lt\/lv\/wp-json\/wp\/v2\/types\/product"}],"wp:featuredmedia":[{"embeddable":true,"href":"https:\/\/b2b.mideer.lt\/lv\/wp-json\/wp\/v2\/media\/5505"}],"wp:attachment":[{"href":"https:\/\/b2b.mideer.lt\/lv\/wp-json\/wp\/v2\/media?parent=5496"}],"wp:term":[{"taxonomy":"product_brand","embeddable":true,"href":"https:\/\/b2b.mideer.lt\/lv\/wp-json\/wp\/v2\/product_brand?post=5496"},{"taxonomy":"product_cat","embeddable":true,"href":"https:\/\/b2b.mideer.lt\/lv\/wp-json\/wp\/v2\/product_cat?post=5496"},{"taxonomy":"product_tag","embeddable":true,"href":"https:\/\/b2b.mideer.lt\/lv\/wp-json\/wp\/v2\/product_tag?post=5496"}],"curies":[{"name":"wp","href":"https:\/\/api.w.org\/{rel}","templated":true}]}}