{"id":5494,"date":"2025-07-16T13:12:06","date_gmt":"2025-07-16T13:12:06","guid":{"rendered":"https:\/\/b2b.mideer.lt\/product\/zaismingas-penalas-piestukine-violetine-su-koala\/"},"modified":"2026-04-03T07:31:19","modified_gmt":"2026-04-03T07:31:19","slug":"zaismingas-penalas-piestukine-violetine-su-koala","status":"publish","type":"product","link":"https:\/\/b2b.mideer.lt\/lv\/product\/zaismingas-penalas-piestukine-violetine-su-koala\/","title":{"rendered":"Rota\u013c\u012bgs pen\u0101lis \/ pen\u0101lis - Violets ar koalu"},"content":{"rendered":"<p>HUGZ futr\u0101lis ir kas vair\u0101k nek\u0101 tikai z\u012bmu\u013clieta un pen\u0101lis!<\/p>\n<p><b>Funkcijas:<\/b><\/p>\n<ul>\n<li>\n<p><b>Daudzfunkcionalit\u0101te:<\/b> \u0160o z\u012bmu\u013clietu var izmantot ne tikai z\u012bmu\u013ciem un pildspalv\u0101m, bet ar\u012b k\u0101 tur\u0113t\u0101ju kosm\u0113tikas ot\u0101m vai citiem s\u012bkumiem.<\/p>\n<\/li>\n<li>\n<p><b>\u0112rts dizains:<\/b> Cilindrisks futr\u0101lis ar diviem r\u0101v\u0113jsl\u0113dz\u0113jiem viegli atveras un aizveras, nodro\u0161inot vieglu piek\u013cuvi iek\u0161pus\u0113 eso\u0161ajiem priek\u0161metiem. Attaisiet r\u0101v\u0113jsl\u0113dz\u0113ju un nolaidiet aug\u0161\u0113jo da\u013cu, lai p\u0101rv\u0113rstu futr\u0101l\u012bti papl\u0101t\u0113, kas ir ide\u0101li piem\u0113rota z\u012bmu\u013cu vai kosm\u0113tikas otu glab\u0101\u0161anai uz galda.<\/p>\n<\/li>\n<li>\n<p><b>\u016adensiztur\u012bba:<\/b> Izgatavots no \u016bdensiztur\u012bga materi\u0101la, lai pasarg\u0101tu saturu no mitruma.<\/p>\n<\/li>\n<li>\n<p><b>Da\u017e\u0101di raksti un rakstz\u012bmes:<\/b> Izv\u0113lieties k\u0101du no \u010detriem da\u017e\u0101diem, rota\u013c\u012bgiem rakstiem.<\/p>\n<\/li>\n<li>\n<p>Tam ir \u0113rts rokturis \u0113rtai n\u0113s\u0101\u0161anai mugursom\u0101 vai n\u0113s\u0101\u0161anai rok\u0101s.<\/p>\n<\/li>\n<\/ul>\n<p><b>Kam tas ir paredz\u0113ts:<\/b><\/p>\n<p>\u0160is pen\u0101lis ir lieliski piem\u0113rots skol\u0113niem, studentiem, m\u0101ksliniekiem vai vienk\u0101r\u0161i ikvienam, kas v\u0113las, lai vi\u0146a rakst\u0101mr\u012bki vai kosm\u0113tikas l\u012bdzek\u013ci b\u016btu stil\u012bgi un k\u0101rt\u012bgi. Tas ir lieliska d\u0101vana b\u0113rniem un pieaugu\u0161ajiem.<\/p>\n<p><strong>Izm\u0113ri:<\/strong> 19 cm x 9 cm<\/p>","protected":false},"excerpt":{"rendered":"<p>HUGZ d\u0117klas yra daugiau nei tik penalas ir pie\u0161tukin\u0117! Savyb\u0117s: Daugiafunkcionalumas: \u0160i\u0105 pie\u0161tukin\u0119 galima naudoti ne tik pie\u0161tukams ir ra\u0161ikliams laikyti, bet ir kaip makia\u017eo \u0161epet\u0117li\u0173 ar kit\u0173 smulki\u0173 daikt\u0173 d\u0117kl\u0105. Patogus dizainas: Cilindro formos d\u0117klas su dviem u\u017etrauktukais lengvai atsiveria ir u\u017esidaro, leid\u017eiant patogiai pasiekti viduje esan\u010dius daiktus. Atsegus u\u017etrauktuk\u0105 ir nuleidus vir\u0161utin\u0119 dal\u012f, d\u0117klas transformuojasi \u012f d\u0117kl\u0105, puikiai tinkant\u012f pie\u0161tukams ar makia\u017eo \u0161epet\u0117liams ant stalo laikyti. Atsparumas vandeniui: Pagaminta i\u0161 vandeniui atsparios med\u017eiagos, apsaugan\u010dios turin\u012f nuo dr\u0117gm\u0117s. \u012evair\u016bs ra\u0161tai ir persona\u017eai: Galima rinktis i\u0161 keturi\u0173 skirting\u0173, \u017eaisming\u0173 ra\u0161t\u0173. Turi patogi\u0105 ranken\u0117l\u0119 ne\u0161iojimui, leid\u017eian\u010di\u0105 lengvai pritvirtinti prie kuprin\u0117s ar ne\u0161ti rankoje. Kam skirta: \u0160i pie\u0161tukin\u0117 puikiai tinka mokiniams, studentams, menininkams, ar tiesiog tiems, kurie nori stilingai ir tvarkingai laikyti savo ra\u0161ymo priemones ar kosmetik\u0105. Tai puiki dovana vaikams ir suaugusiems. I\u0161matavimai: 19cm x 9cm<\/p>","protected":false},"featured_media":5503,"template":"","meta":[],"product_brand":[],"product_cat":[234,235,236,254,255,273],"product_tag":[],"class_list":{"0":"post-5494","1":"product","2":"type-product","3":"status-publish","4":"has-post-thumbnail","6":"product_cat-3-4-metai","7":"product_cat-5-6-metai","8":"product_cat-6-metai","9":"product_cat-mokyklos-reikmenys","10":"product_cat-naujienos","11":"product_cat-visi-aksesuarai","13":"first","14":"instock","15":"taxable","16":"shipping-taxable","17":"product-type-simple"},"jetpack_sharing_enabled":true,"_links":{"self":[{"href":"https:\/\/b2b.mideer.lt\/lv\/wp-json\/wp\/v2\/product\/5494"}],"collection":[{"href":"https:\/\/b2b.mideer.lt\/lv\/wp-json\/wp\/v2\/product"}],"about":[{"href":"https:\/\/b2b.mideer.lt\/lv\/wp-json\/wp\/v2\/types\/product"}],"wp:featuredmedia":[{"embeddable":true,"href":"https:\/\/b2b.mideer.lt\/lv\/wp-json\/wp\/v2\/media\/5503"}],"wp:attachment":[{"href":"https:\/\/b2b.mideer.lt\/lv\/wp-json\/wp\/v2\/media?parent=5494"}],"wp:term":[{"taxonomy":"product_brand","embeddable":true,"href":"https:\/\/b2b.mideer.lt\/lv\/wp-json\/wp\/v2\/product_brand?post=5494"},{"taxonomy":"product_cat","embeddable":true,"href":"https:\/\/b2b.mideer.lt\/lv\/wp-json\/wp\/v2\/product_cat?post=5494"},{"taxonomy":"product_tag","embeddable":true,"href":"https:\/\/b2b.mideer.lt\/lv\/wp-json\/wp\/v2\/product_tag?post=5494"}],"curies":[{"name":"wp","href":"https:\/\/api.w.org\/{rel}","templated":true}]}}