{"id":5391,"date":"2025-06-10T08:15:31","date_gmt":"2025-06-10T08:15:31","guid":{"rendered":"https:\/\/b2b.mideer.lt\/product\/daugiafunkcinis-deklas-bear-copy\/"},"modified":"2026-04-05T07:32:30","modified_gmt":"2026-04-05T07:32:30","slug":"daugiafunkcinis-deklas-bear-copy","status":"publish","type":"product","link":"https:\/\/b2b.mideer.lt\/lv\/product\/daugiafunkcinis-deklas-bear-copy\/","title":{"rendered":"Ka\u0137u daudzfunkcion\u0101lais futr\u0101lis"},"content":{"rendered":"<p data-sourcepos=\"9:1-9:324\">Pludmal\u0113, ce\u013cojum\u0101, ikdien\u0101 - daudzfunkcion\u0101lais koferis ir ide\u0101ls risin\u0101jums visur, kur nepiecie\u0161ams \u0113rti organiz\u0113t un transport\u0113t nelielus priek\u0161metus. Taj\u0101 var viegli ievietot kr\u0113mus, zobu birstes, kosm\u0113tiku, l\u0101d\u0113t\u0101jus, austi\u0146as, nelielus aksesu\u0101rus un visas citas b\u0113rnu maz\u0101s lietas, kuras m\u0113dz pazust.<\/p>\n<p data-sourcepos=\"11:1-11:507\">\u0160is futr\u0101lis ir m\u012bksts un viegls, ta\u010du p\u0101rsteidzo\u0161i ietilp\u012bgs. To ir viegli ieb\u0101zt rokassomi\u0146\u0101, mugursom\u0101 vai \u010demod\u0101n\u0101. Izgatavots no \u016bdensiztur\u012bga materi\u0101la, tas dro\u0161i pasarg\u0101 iek\u0161pus\u0113 eso\u0161os priek\u0161metus no mitruma, t\u0101p\u0113c ir ide\u0101li piem\u0113rots lieto\u0161anai pludmal\u0113, pie baseina vai vannas istab\u0101. Tas ir ar\u012b \u013coti viegli kopjams - jebk\u0101di net\u012brumi paz\u016bd ar vienu mitras dr\u0101ni\u0146as vilcienu. Kr\u0101sainais, vasar\u012bgais dizains ne tikai uzlabo garast\u0101vokli, bet ar\u012b padara iepako\u0161anu un sakop\u0161anu daudz pat\u012bkam\u0101ku.<\/p>\n<p data-sourcepos=\"13:1-13:24\"><strong>Galven\u0101s funkcijas:<\/strong><\/p>\n<ul data-sourcepos=\"15:1-20:0\">\n<li data-sourcepos=\"15:1-15:122\"><strong>Forma (17 \u00d7 17 \u00d7 10 cm)<\/strong> - Vizu\u0101li kompakts, bet ietilp\u012bg\u0101ks, nek\u0101 izskat\u0101s, ide\u0101li piem\u0113rots da\u017e\u0101diem priek\u0161metiem.<\/li>\n<li data-sourcepos=\"16:1-16:149\"><strong>\u016adensiztur\u012bgs materi\u0101ls<\/strong> - Garant\u0113 satura aizsardz\u012bbu pret mitrumu, ide\u0101li piem\u0113rots lieto\u0161anai mitr\u0101 vid\u0113 (pludmal\u0113, peldbasein\u0101, vannas istab\u0101).<\/li>\n<li data-sourcepos=\"17:1-17:137\"><strong>M\u012bksts, bet stabils materi\u0101ls<\/strong> - viegli piel\u0101gojas somas saturam, bet saglab\u0101 formu, lai to b\u016btu viegli iepakot un lietot.<\/li>\n<li data-sourcepos=\"18:1-18:81\"><strong>Viegli t\u012br\u0101ms<\/strong> - nepiecie\u0161ama tikai mitra dr\u0101ni\u0146a..<\/li>\n<li data-sourcepos=\"19:1-20:0\"><strong>Daudzfunkcion\u0101li lietojumi<\/strong> - praktisks risin\u0101jums ce\u013co\u0161anai, ikdienas lieto\u0161anai m\u0101j\u0101s vai \u0101rpus telp\u0101m, da\u017e\u0101du s\u012bku priek\u0161metu organiz\u0113\u0161anai.<\/li>\n<\/ul>","protected":false},"excerpt":{"rendered":"<p>Papl\u016bdimys, kelion\u0117s, kasdienyb\u0117 \u2013 daugiafunkcinis d\u0117klas puikiai pasitarnaus visur, kur reikia patogiai sutvarkyti ir transportuoti smulkius daiktus. \u012e j\u012f lengvai tilps kremai, dant\u0173 \u0161epet\u0117liai, kosmetika, \u012fkrovikliai, ausin\u0117s, smulk\u016bs aksesuarai ir kitos vaiki\u0161kos smulkmenos, kurios taip m\u0117gsta pasimesti. \u0160is d\u0117klas yra mink\u0161tas ir lengvas, ta\u010diau steb\u0117tinai talpus. J\u012f itin paprasta \u012fsid\u0117ti \u012f rankin\u0119, kuprin\u0119 ar lagamin\u0105. Pagamintas i\u0161 vandeniui atsparios med\u017eiagos, jis patikimai apsaugo viduje esan\u010dius daiktus nuo dr\u0117gm\u0117s, tod\u0117l idealiai tinka naudoti papl\u016bdimyje, prie baseino ar vonios kambaryje. Be to, d\u0117klo prie\u017ei\u016bra itin paprasta \u2013 bet kokie ne\u0161varumai dingsta vos perbraukus dr\u0117gna \u0161luoste. Spalvingas, vasari\u0161kas dizainas ne tik pakelia nuotaik\u0105, bet ir padaro pakavim\u0105 bei tvarkym\u0105 daug malonesniu. Pagrindin\u0117s savyb\u0117s: Talpi forma (17 \u00d7 17 \u00d7 10 cm) \u2013 vizualiai kompakti\u0161kas, bet talpesnis, nei atrodo, puikiai tinka \u012fvairiems daiktams. Vandeniui atspari med\u017eiaga \u2013 garantuoja turinio apsaug\u0105 nuo dr\u0117gm\u0117s, idealu naudoti dr\u0117gnoje aplinkoje (papl\u016bdimys, baseinas, vonios kambarys). Mink\u0161ta, bet stabili med\u017eiaga \u2013 lengvai prisitaiko prie krep\u0161io turinio, bet i\u0161laiko form\u0105, kad b\u016bt\u0173 patogu pakuoti ir naudoti. Lengva valyti \u2013 tereikia dr\u0117gnos \u0161luost\u0117s.. Daugiafunkcinis pritaikymas \u2013 prakti\u0161kas sprendimas kelion\u0117ms, kasdieniam naudojimui namuose ar lauke, skirtas \u012fvairi\u0173 smulki\u0173 daikt\u0173 organizavimui.<\/p>","protected":false},"featured_media":5417,"template":"","meta":[],"product_brand":[],"product_cat":[15,233,234,235,236,242,255,273],"product_tag":[],"class_list":{"0":"post-5391","1":"product","2":"type-product","3":"status-publish","4":"has-post-thumbnail","6":"product_cat-uncategorized","7":"product_cat-0-2-metai","8":"product_cat-3-4-metai","9":"product_cat-5-6-metai","10":"product_cat-6-metai","11":"product_cat-dovanu-idejos","12":"product_cat-naujienos","13":"product_cat-visi-aksesuarai","15":"first","16":"outofstock","17":"taxable","18":"shipping-taxable","19":"product-type-simple"},"jetpack_sharing_enabled":true,"_links":{"self":[{"href":"https:\/\/b2b.mideer.lt\/lv\/wp-json\/wp\/v2\/product\/5391"}],"collection":[{"href":"https:\/\/b2b.mideer.lt\/lv\/wp-json\/wp\/v2\/product"}],"about":[{"href":"https:\/\/b2b.mideer.lt\/lv\/wp-json\/wp\/v2\/types\/product"}],"wp:featuredmedia":[{"embeddable":true,"href":"https:\/\/b2b.mideer.lt\/lv\/wp-json\/wp\/v2\/media\/5417"}],"wp:attachment":[{"href":"https:\/\/b2b.mideer.lt\/lv\/wp-json\/wp\/v2\/media?parent=5391"}],"wp:term":[{"taxonomy":"product_brand","embeddable":true,"href":"https:\/\/b2b.mideer.lt\/lv\/wp-json\/wp\/v2\/product_brand?post=5391"},{"taxonomy":"product_cat","embeddable":true,"href":"https:\/\/b2b.mideer.lt\/lv\/wp-json\/wp\/v2\/product_cat?post=5391"},{"taxonomy":"product_tag","embeddable":true,"href":"https:\/\/b2b.mideer.lt\/lv\/wp-json\/wp\/v2\/product_tag?post=5391"}],"curies":[{"name":"wp","href":"https:\/\/api.w.org\/{rel}","templated":true}]}}