{"id":5384,"date":"2025-06-10T08:15:28","date_gmt":"2025-06-10T08:15:28","guid":{"rendered":"https:\/\/b2b.mideer.lt\/product\/daugiafunkcinis-krepsys\/"},"modified":"2026-01-22T11:42:57","modified_gmt":"2026-01-22T11:42:57","slug":"daugiafunkcinis-krepsys","status":"publish","type":"product","link":"https:\/\/b2b.mideer.lt\/lv\/product\/daugiafunkcinis-krepsys\/","title":{"rendered":"Daudzfunkcion\u0101la soma"},"content":{"rendered":"<p data-sourcepos=\"5:1-5:238\">Stil\u012bga un praktiska, \u0161\u012b soma k\u013c\u016bs par neaizst\u0101jamu ikdienas sabiedroto! Spilgtais, rota\u013c\u012bgais dizains ar m\u012b\u013c\u0101m iz\u0161\u016bt\u0101m dz\u012bvnieku ilustr\u0101cij\u0101m ne tikai priec\u0113s acis, bet ar\u012b lieliski kalpos savam m\u0113r\u0137im.<\/p>\n<p data-sourcepos=\"7:1-7:42\">\u0160\u012b daudzfunkcion\u0101l\u0101 soma ir ide\u0101li piem\u0113rota:<\/p>\n<ul data-sourcepos=\"9:1-12:0\">\n<li data-sourcepos=\"9:1-9:152\">\n<strong>P\u0101rtikas transport\u0113\u0161anai:<\/strong> saglab\u0101jiet pusdienas vai uzkodas svaigas. Ide\u0101li piem\u0113rots \u0146em\u0161anai l\u012bdzi uz darbu, skolu vai pikniku.<\/li>\n<li data-sourcepos=\"10:1-10:176\">\n<strong>Kosm\u0113tika:<\/strong> \u0113rti novietojiet savus iecien\u012bt\u0101kos skaistumkop\u0161anas produktus ce\u013co\u0161anai vai uz sporta z\u0101li.<\/li>\n<li data-sourcepos=\"11:1-12:0\">\n<strong>Aug\u013ci un d\u0101rze\u0146i:<\/strong> \u0112rti un dro\u0161i p\u0101rn\u0113s\u0101jiet vesel\u012bgas uzkodas.<\/li>\n<\/ul>\n<p data-sourcepos=\"13:1-13:13\"><strong>Funkcijas:<\/strong><\/p>\n<ul data-sourcepos=\"15:1-20:0\">\n<li data-sourcepos=\"15:1-15:48\">\n<strong>Daudzfunkcion\u0101ls:<\/strong> piem\u0113rots da\u017e\u0101d\u0101m vajadz\u012bb\u0101m.<\/li>\n<li data-sourcepos=\"17:1-17:66\">\n<strong>\u0112rta loc\u012b\u0161ana:<\/strong> neaiz\u0146em daudz vietas, kad netiek izmantots.<\/li>\n<li data-sourcepos=\"18:1-18:59\">\n<strong>Stil\u012bgs dizains:<\/strong> ko\u0161as kr\u0101sas un jautras ilustr\u0101cijas.\n<\/li>\n<li data-sourcepos=\"19:1-20:0\">\n<strong>Izm\u0113ri:<\/strong> 15\u00d726 cm<\/li>\n<\/ul>","protected":false},"excerpt":{"rendered":"<p>Stilingas ir prakti\u0161kas krep\u0161ys taps nepakei\u010diamu j\u016bs\u0173 kasdienyb\u0117s palydovu! Ry\u0161kus, \u017eaismingas dizainas su mielai siuvin\u0117tomis gyv\u016bn\u0173 iliustracijomis ne tik d\u017eiugins ak\u012f, bet ir puikiai atliks savo funkcij\u0105. \u0160is daugiafunkcinis krep\u0161ys puikiai tinka: Maisto transportavimui: i\u0161laikykite savo pietus ar u\u017ekand\u017eius \u0161vie\u017eius. Puikiai tinka ne\u0161tis \u012f darb\u0105, mokykl\u0105 ar piknik\u0105. Kosmetikai: patogiai sud\u0117kite savo m\u0117gstamiausius gro\u017eio produktus kelion\u0117ms ar sporto salei. Vaisiams ir dar\u017eov\u0117ms: ne\u0161kite sveikus u\u017ekand\u017eius patogiai ir saugiai. Ypatyb\u0117s: Daugiafunkcis: tinka \u012fvairiems poreikiams. Patogus sulankstymas: neu\u017eima daug vietos, kai nenaudojamas. Stilingas dizainas: ry\u0161k\u016bs spalvos ir linksmos iliustracijos. Matmenys: 15&#215;26 cm<\/p>","protected":false},"featured_media":5508,"template":"","meta":[],"product_brand":[],"product_cat":[15,233,234,235,236,242,255,273],"product_tag":[],"class_list":{"0":"post-5384","1":"product","2":"type-product","3":"status-publish","4":"has-post-thumbnail","6":"product_cat-uncategorized","7":"product_cat-0-2-metai","8":"product_cat-3-4-metai","9":"product_cat-5-6-metai","10":"product_cat-6-metai","11":"product_cat-dovanu-idejos","12":"product_cat-naujienos","13":"product_cat-visi-aksesuarai","15":"first","16":"instock","17":"taxable","18":"shipping-taxable","19":"product-type-variable"},"jetpack_sharing_enabled":true,"_links":{"self":[{"href":"https:\/\/b2b.mideer.lt\/lv\/wp-json\/wp\/v2\/product\/5384"}],"collection":[{"href":"https:\/\/b2b.mideer.lt\/lv\/wp-json\/wp\/v2\/product"}],"about":[{"href":"https:\/\/b2b.mideer.lt\/lv\/wp-json\/wp\/v2\/types\/product"}],"wp:featuredmedia":[{"embeddable":true,"href":"https:\/\/b2b.mideer.lt\/lv\/wp-json\/wp\/v2\/media\/5508"}],"wp:attachment":[{"href":"https:\/\/b2b.mideer.lt\/lv\/wp-json\/wp\/v2\/media?parent=5384"}],"wp:term":[{"taxonomy":"product_brand","embeddable":true,"href":"https:\/\/b2b.mideer.lt\/lv\/wp-json\/wp\/v2\/product_brand?post=5384"},{"taxonomy":"product_cat","embeddable":true,"href":"https:\/\/b2b.mideer.lt\/lv\/wp-json\/wp\/v2\/product_cat?post=5384"},{"taxonomy":"product_tag","embeddable":true,"href":"https:\/\/b2b.mideer.lt\/lv\/wp-json\/wp\/v2\/product_tag?post=5384"}],"curies":[{"name":"wp","href":"https:\/\/api.w.org\/{rel}","templated":true}]}}