{"id":5364,"date":"2025-06-06T11:22:09","date_gmt":"2025-06-06T11:22:09","guid":{"rendered":"https:\/\/b2b.mideer.lt\/?post_type=product&#038;p=5364"},"modified":"2026-04-11T07:33:07","modified_gmt":"2026-04-11T07:33:07","slug":"molio-lipdymo-rinkinys-3d-prisiminimu-galerija","status":"publish","type":"product","link":"https:\/\/b2b.mideer.lt\/lv\/product\/molio-lipdymo-rinkinys-3d-prisiminimu-galerija\/","title":{"rendered":"M\u0101la veido\u0161anas komplekts - 3D atmi\u0146u galerija"},"content":{"rendered":"<p data-sourcepos=\"5:1-5:344\">\u0160is mideer m\u0101la veido\u0161anas komplekts \u013caus jums p\u0101rv\u0113rst v\u0113rt\u012bgus mirk\u013cus taust\u0101mos m\u0101kslas darbos. \u0160aj\u0101 komplekt\u0101 atrad\u012bsiet augst\u0101k\u0101s kvalit\u0101tes kaol\u012bna m\u0101lu, kr\u0101sas un visus nepiecie\u0161amos instrumentus, lai rad\u012btu personaliz\u0113tus \u0123imenes darbus, kas kalpos gadiem ilgi. \u0160is komplekts rosina \u0123imeni un draugus sadarboties, izmantojot rado\u0161as aktivit\u0101tes.<\/p>\n<p data-sourcepos=\"7:1-8:117\"><strong>Izveidojiet noz\u012bm\u012bgas atmi\u0146as:<\/strong> Ide\u0101li piem\u0113rots b\u0113rna pirm\u0101s rokas vai p\u0113das nospiedumam, dzim\u0161anas dienas, izlaiduma vai m\u0101jdz\u012bvnieka p\u0113das nospiedumiem.<\/p>\n<p data-sourcepos=\"10:1-11:84\"><strong>Augst\u0101k\u0101s kvalit\u0101tes un dro\u0161i materi\u0101li:<\/strong> Augstas kvalit\u0101tes kaol\u012bna m\u0101ls - gludas tekst\u016bras, viegli veidojams, iztur\u012bgs pret plais\u0101m. Kaol\u012bna m\u0101ls tiek uzskat\u012bts par vismaig\u0101ko no visiem m\u0101liem, t\u0101p\u0113c tas ir ide\u0101li piem\u0113rots jut\u012bgai \u0101dai.<\/p>\n<p data-sourcepos=\"10:1-11:84\"><strong>P\u0101rdom\u0101ts, gatavs dot:<\/strong> Skaisti iesai\u0146oti - ide\u0101li piem\u0113roti b\u0113rnu ball\u012bt\u0113m, svin\u012bb\u0101m vai jubilej\u0101m.<\/p>\n<ul>\n<li data-sourcepos=\"16:1-18:19\"><strong>Ieteicamais vecums:<\/strong> 3+<\/li>\n<li data-sourcepos=\"16:1-18:19\"><strong>D\u0117\u017eut\u0117s matmenys:<\/strong> 21 x 19,5 x 3,5 cm<\/li>\n<li data-sourcepos=\"16:1-18:19\"><strong>Komplekt\u0101 ietilpst: <\/strong>350 g m\u0101la, 1 lieto\u0161anas pam\u0101c\u012bba, 4 pigmenti, 1 lente, 3 instrumenti, 1 oti\u0146a, 1 birste<\/li>\n<li data-sourcepos=\"16:1-18:19\"><strong style=\"font-size: 0.875rem\">Materi\u0101ls:<\/strong><span style=\"font-size: 0.875rem\"> Kaol\u012bna m\u0101ls<\/span><\/li>\n<\/ul>","protected":false},"excerpt":{"rendered":"<p>\u0160i mideer molio lipdymo rinkinys leis Jums paversti brangias akimirkas ap\u010diuopiamu meno k\u016briniu. \u0160iame rinkinyje rasite auk\u0161\u010diausios kokyb\u0117s kaolino mol\u012f, da\u017eus ir visus reikalingus \u012frankius, kad sukurtum\u0117te personalizuotus \u0161eimos k\u016brinius, kurie i\u0161liks ilgus metus. Rinkinys skatina \u0161eimos ir draug\u0173 bendravim\u0105 per k\u016brybin\u0119 veikl\u0105. Kurkite prasmingus prisiminimus: Puikiai tinka pirmajam k\u016bdikio rankos ar kojos atspaudui, gimtadieniams, i\u0161leistuv\u0117ms ar augintinio p\u0117dos atspaudams. Auk\u0161\u010diausios kokyb\u0117s ir saugios med\u017eiagos: Auk\u0161tos kokyb\u0117s kaolino molis \u2013 lygi tekst\u016bra, lengva formuoti, atsparus \u012ftr\u016bkimams. Kaolino molis laikomas \u0161velniausiu i\u0161 vis\u0173 moli\u0173, tod\u0117l jis puikiai tinka jautriai odai. Apgalvota, paruo\u0161ta dovanai: Gra\u017eiai supakuota \u2013 idealiai tinka k\u016bdikio sutiktuv\u0117ms, \u0161vent\u0117ms ar sukaktims. Rekomenduojamas am\u017eius: 3+ D\u0117\u017eut\u0117s matmenys: 21 x 19.5 x 3.5 cm Rinkin\u012f sudaro: 350 g molio,\u00a01 instrukcija,\u00a04 pigmentai,\u00a01 juostel\u0117,\u00a03 \u012frankiai, 1 teptukas Med\u017eiaga: Kaolino molis<\/p>","protected":false},"featured_media":5365,"template":"","meta":[],"product_brand":[],"product_cat":[15,272],"product_tag":[],"class_list":{"0":"post-5364","1":"product","2":"type-product","3":"status-publish","4":"has-post-thumbnail","6":"product_cat-uncategorized","7":"product_cat-kaledines-dovanos","9":"first","10":"instock","11":"taxable","12":"shipping-taxable","13":"product-type-simple"},"jetpack_sharing_enabled":true,"_links":{"self":[{"href":"https:\/\/b2b.mideer.lt\/lv\/wp-json\/wp\/v2\/product\/5364"}],"collection":[{"href":"https:\/\/b2b.mideer.lt\/lv\/wp-json\/wp\/v2\/product"}],"about":[{"href":"https:\/\/b2b.mideer.lt\/lv\/wp-json\/wp\/v2\/types\/product"}],"wp:featuredmedia":[{"embeddable":true,"href":"https:\/\/b2b.mideer.lt\/lv\/wp-json\/wp\/v2\/media\/5365"}],"wp:attachment":[{"href":"https:\/\/b2b.mideer.lt\/lv\/wp-json\/wp\/v2\/media?parent=5364"}],"wp:term":[{"taxonomy":"product_brand","embeddable":true,"href":"https:\/\/b2b.mideer.lt\/lv\/wp-json\/wp\/v2\/product_brand?post=5364"},{"taxonomy":"product_cat","embeddable":true,"href":"https:\/\/b2b.mideer.lt\/lv\/wp-json\/wp\/v2\/product_cat?post=5364"},{"taxonomy":"product_tag","embeddable":true,"href":"https:\/\/b2b.mideer.lt\/lv\/wp-json\/wp\/v2\/product_tag?post=5364"}],"curies":[{"name":"wp","href":"https:\/\/api.w.org\/{rel}","templated":true}]}}