{"id":5355,"date":"2025-06-06T11:00:20","date_gmt":"2025-06-06T11:00:20","guid":{"rendered":"https:\/\/b2b.mideer.lt\/?post_type=product&#038;p=5355"},"modified":"2026-04-20T07:30:37","modified_gmt":"2026-04-20T07:30:37","slug":"molio-modeliavimo-rinkinys","status":"publish","type":"product","link":"https:\/\/b2b.mideer.lt\/lv\/product\/molio-modeliavimo-rinkinys\/","title":{"rendered":"M\u0101la model\u0113\u0161anas komplekts"},"content":{"rendered":"<p data-sourcepos=\"7:1-7:280\">\u0160is mideer m\u0101la model\u0113\u0161anas komplekts ir viegli lietojams un lieliski piem\u0113rots ies\u0101c\u0113jiem m\u0101ksliniekiem un ikvienam, kur\u0161 v\u0113las ienirt keramikas pasaul\u0113. Radiet unik\u0101lus \u0161edevrus un \u013caujiet va\u013cu savai izt\u0113lei!<\/p>\n<p><strong>Viss vien\u0101 komplekt\u0101:<\/strong> Aizmirstiet par papildu r\u012bku mekl\u0113\u0161anu! \u0160aj\u0101 komplekt\u0101 ir viss nepiecie\u0161amais rado\u0161ajam darbam:<\/p>\n<ul data-sourcepos=\"11:1-21:0\">\n<li style=\"list-style-type: none\">\n<ul data-sourcepos=\"12:5-16:177\">\n<li data-sourcepos=\"12:5-12:87\"><strong>4 paci\u0146as model\u0113\u0161anas m\u0101la (katra pa 50 g)<\/strong> - ide\u0101li piem\u0113rots da\u017e\u0101diem projektiem.<\/li>\n<li data-sourcepos=\"13:5-13:124\"><strong>4 veidnes<\/strong> - tostarp tom\u0101tu, bakla\u017e\u0101nu, papriku un burk\u0101nu veidnes, kas pal\u012bdz\u0113s viegli izveidot detaliz\u0113tus darbi\u0146us.<\/li>\n<li data-sourcepos=\"14:5-14:84\"><strong>10 kr\u0101su kr\u0101sas (2 komplekti)<\/strong> - pie\u0161\u0137irs spilgtumu un dz\u012bv\u012bbu j\u016bsu darbiem.<\/li>\n<li data-sourcepos=\"15:5-15:80\"><strong>5 pal\u012bginstrumenti<\/strong> - pal\u012bdz veidot, model\u0113t un preciz\u0113t deta\u013cas.<\/li>\n<li data-sourcepos=\"16:5-16:177\"><strong>Birste, pul\u0113\u0161anas n\u016bji\u0146a, sp\u012bd\u012bga laka, izsmidzin\u0101\u0161anas pudele un \u016bdens birste<\/strong> - visi nepiecie\u0161amie instrumenti profesion\u0101lai dekor\u0113\u0161anai un sp\u012bdumam.<\/li>\n<\/ul>\n<\/li>\n<\/ul>\n<p><strong>Ieteicams ies\u0101c\u0113jiem:<\/strong> Komplekts ir izstr\u0101d\u0101ts t\u0101, lai ikvienam, pat cilv\u0113kam bez pieredzes, b\u016btu viegli un jautri rad\u012bt. Komplekt\u0101 ir pievienotas ilustr\u0113tas instrukcijas, kas soli pa solim pal\u012bdz\u0113s jums izveidot satrieco\u0161us m\u0101kslas darbus.<\/p>\n<p><strong>Att\u012bsta rado\u0161umu un s\u012bko motoriku:<\/strong> M\u0101la veido\u0161ana rosina izt\u0113li, att\u012bsta s\u012bko motoriku un sp\u0113ju realiz\u0113t idejas. T\u0101 ir lieliska izgl\u012btojo\u0161a aktivit\u0101te, kas \u013cauj atp\u016bsties un att\u012bst\u012bt m\u0101ksliniecisk\u0101s prasmes.<\/p>\n<p><strong>Augsta kvalit\u0101te un dro\u0161\u012bba:<\/strong> mideer m\u0101ls ir dro\u0161s, netoksisks un viegli model\u0113jams. P\u0113c iz\u017e\u016b\u0161anas darbs saglab\u0101 formu un kr\u0101su, bet sp\u012bd\u012bg\u0101 laka nodro\u0161ina ilgsto\u0161u aizsardz\u012bbu un est\u0113tisko izskatu.<\/p>\n<p><strong>Lieliska d\u0101vana:<\/strong> \u0160is komplekts ir ide\u0101la d\u0101vana jebkuram gad\u012bjumam, piem\u0113rots b\u0113rniem no <strong>8 gadi un vec\u0101ki.<\/strong><\/p>\n<p data-sourcepos=\"34:1-34:39\"><strong>Izstr\u0101d\u0101juma izm\u0113ri:<\/strong> 26 x 18,2 x 8,1 cm<\/p>","protected":false},"excerpt":{"rendered":"<p>\u0160is mideer m\u0101la model\u0113\u0161anas komplekts ir viegli lietojams un lieliski piem\u0113rots ies\u0101c\u0113jiem m\u0101ksliniekiem un ikvienam, kur\u0161 v\u0113las ienirt keramikas pasaul\u0113. Radiet unik\u0101lus \u0161edevrus un \u013caujiet va\u013cu savai izt\u0113lei! Aizmirstiet par papildu instrumentu mekl\u0113\u0161anu! 4 model\u0113\u0161anas m\u0101la paci\u0146as (katra pa 50 g) - ide\u0101ls daudzums da\u017e\u0101diem projektiem. 4 veidnes, tostarp tom\u0101tu, bakla\u017e\u0101nu, paprikas un burk\u0101nu veidnes, kas pal\u012bdz\u0113s jums viegli izveidot detaliz\u0113tus darbus. 10 kr\u0101su kr\u0101sas (2 komplekti), lai pie\u0161\u0137irtu j\u016bsu darbiem dz\u012bv\u012bgumu un dz\u012bv\u012bbu. 5 pal\u012bginstrumenti - lai pal\u012bdz\u0113tu veidot, veidot un preciz\u0113t deta\u013cas. Ota, pul\u0113\u0161anas n\u016bji\u0146a, sp\u012bd\u012bga laka, aerosola pudele un \u016bdens birste - visi nepiecie\u0161amie instrumenti profesion\u0101lai apdarei un sp\u012bdumam. Piem\u0113rots ies\u0101c\u0113jiem: komplekts ir izstr\u0101d\u0101ts t\u0101, lai ikvienam, pat cilv\u0113kam bez pieredzes, b\u016btu viegli un jautri rad\u012bt. Komplekt\u0101 ir pievienotas ilustr\u0113tas instrukcijas, kas pal\u012bdz\u0113s soli pa solim izveidot satrieco\u0161us m\u0101kslas darbus. Nodarb\u012bba ir izstr\u0101d\u0101ta, lai veicin\u0101tu rado\u0161umu un s\u012bko motoriku: M\u0101la veido\u0161ana rosina izt\u0113li, att\u012bsta s\u012bko motoriku un sp\u0113ju \u012bstenot idejas. T\u0101 ir lieliska izgl\u012btojo\u0161a aktivit\u0101te, lai atp\u016bstos un att\u012bst\u012btu m\u0101ksliniecisk\u0101s prasmes. Augsta kvalit\u0101te un dro\u0161\u012bba: mideer m\u0101ls ir dro\u0161s, netoksisks un viegli model\u0113jams. P\u0113c iz\u017e\u016b\u0161anas darbs saglab\u0101 formu un kr\u0101su, savuk\u0101rt sp\u012bd\u012bg\u0101 laka nodro\u0161ina ilgsto\u0161u aizsardz\u012bbu un est\u0113tisko izskatu. Ide\u0101la d\u0101vana: \u0161is komplekts ir ide\u0101la d\u0101vana jebkuram gad\u012bjumam un ir piem\u0113rots b\u0113rniem vecum\u0101 no 8 gadiem. 26 x 18,2 x 8,1 cm<\/p>","protected":false},"featured_media":5362,"template":"","meta":[],"product_brand":[],"product_cat":[236,242,272,250,252,255,263,275],"product_tag":[],"class_list":{"0":"post-5355","1":"product","2":"type-product","3":"status-publish","4":"has-post-thumbnail","6":"product_cat-6-metai","7":"product_cat-dovanu-idejos","8":"product_cat-kaledines-dovanos","9":"product_cat-menai-ir-kurybiniai-uzsiemimai","10":"product_cat-meno-reikmenys","11":"product_cat-naujienos","12":"product_cat-pasidaryk-pats","13":"product_cat-visos-meno-prekes","15":"first","16":"instock","17":"taxable","18":"shipping-taxable","19":"product-type-simple"},"jetpack_sharing_enabled":true,"_links":{"self":[{"href":"https:\/\/b2b.mideer.lt\/lv\/wp-json\/wp\/v2\/product\/5355"}],"collection":[{"href":"https:\/\/b2b.mideer.lt\/lv\/wp-json\/wp\/v2\/product"}],"about":[{"href":"https:\/\/b2b.mideer.lt\/lv\/wp-json\/wp\/v2\/types\/product"}],"wp:featuredmedia":[{"embeddable":true,"href":"https:\/\/b2b.mideer.lt\/lv\/wp-json\/wp\/v2\/media\/5362"}],"wp:attachment":[{"href":"https:\/\/b2b.mideer.lt\/lv\/wp-json\/wp\/v2\/media?parent=5355"}],"wp:term":[{"taxonomy":"product_brand","embeddable":true,"href":"https:\/\/b2b.mideer.lt\/lv\/wp-json\/wp\/v2\/product_brand?post=5355"},{"taxonomy":"product_cat","embeddable":true,"href":"https:\/\/b2b.mideer.lt\/lv\/wp-json\/wp\/v2\/product_cat?post=5355"},{"taxonomy":"product_tag","embeddable":true,"href":"https:\/\/b2b.mideer.lt\/lv\/wp-json\/wp\/v2\/product_tag?post=5355"}],"curies":[{"name":"wp","href":"https:\/\/api.w.org\/{rel}","templated":true}]}}