{"id":5348,"date":"2025-06-04T20:56:57","date_gmt":"2025-06-04T20:56:57","guid":{"rendered":"https:\/\/b2b.mideer.lt\/?post_type=product&#038;p=5348"},"modified":"2026-04-06T07:33:14","modified_gmt":"2026-04-06T07:33:14","slug":"pop-up-mini-aitvaras-krokodilas","status":"publish","type":"product","link":"https:\/\/b2b.mideer.lt\/lv\/product\/pop-up-mini-aitvaras-krokodilas\/","title":{"rendered":"Pop-Up mini p\u016b\u0137\u012btis - Krokodils"},"content":{"rendered":"<p data-sourcepos=\"5:1-5:77\"><strong>mideer Pop-Up mini p\u016b\u0137is - prieks par vieglu lidojumu b\u0113rniem!<\/strong><\/p>\n<p data-sourcepos=\"7:1-7:266\">\"Pop-Up\" mini p\u016b\u0137u s\u0113rija ir \u012bpa\u0161i izstr\u0101d\u0101ta b\u0113rniem vecum\u0101 no 3 gadiem, sniedzot vi\u0146iem neaizmirstamu lidojumu pieredzi! \u0160iem p\u016b\u0137iem ir atsperu meh\u0101nisms \u0101trai un \u0113rtai sp\u0113l\u0113\u0161anai.<\/p>\n<p data-sourcepos=\"9:1-9:279\">\u0160ie kompaktie p\u016b\u0137i, kas paredz\u0113ti \u0113rtai lieto\u0161anai visu vecumu b\u0113rniem, nodro\u0161in\u0101s stund\u0101m ilgu izklaidi br\u012bv\u0101 dab\u0101. Tie ir \u013coti viegli p\u0101rn\u0113s\u0101jami un palai\u017eami, t\u0101p\u0113c tie ir ide\u0101la izv\u0113le b\u0113rniem, kuri v\u0113las izbaud\u012bt p\u016b\u0137o\u0161anas prieku jebkur\u0101 viet\u0101.<\/p>\n<ul>\n<li data-sourcepos=\"19:1-19:16\"><strong>Ieteicamais vecums:<\/strong> 3+<\/li>\n<li data-sourcepos=\"20:1-20:35\"><strong>Izm\u0113ri:<\/strong> 30 x 22 cm<\/li>\n<\/ul>","protected":false},"excerpt":{"rendered":"<p>mideer Pop-Up mini p\u016b\u0137is - prieks par vieglu lidojumu b\u0113rniem! \"Pop-Up\" mini p\u016b\u0137u s\u0113rija ir \u012bpa\u0161i izstr\u0101d\u0101ta b\u0113rniem vecum\u0101 no 3 gadiem, sniedzot vi\u0146iem neaizmirstamu lidojumu pieredzi! \u0160iem p\u016b\u0137iem ir atsperu meh\u0101nisms \u0101trai un vieglai sp\u0113lei. \u0160ie kompaktie p\u016b\u0137i, kas paredz\u0113ti \u0113rtai lieto\u0161anai visu vecumu b\u0113rniem, nodro\u0161in\u0101s stund\u0101m ilgu izklaidi br\u012bv\u0101 dab\u0101. Tie ir \u013coti viegli p\u0101rn\u0113s\u0101jami un palai\u017eami, t\u0101p\u0113c tie ir ide\u0101la izv\u0113le b\u0113rniem, kuri v\u0113las izbaud\u012bt p\u016b\u0137o\u0161anas prieku jebkur\u0101 viet\u0101. Ieteicamais vecums: 3+ Izm\u0113ri: 30 x 22 cm<\/p>","protected":false},"featured_media":5349,"template":"","meta":[],"product_brand":[],"product_cat":[234,235,236,280,246,255,276],"product_tag":[],"class_list":{"0":"post-5348","1":"product","2":"type-product","3":"status-publish","4":"has-post-thumbnail","6":"product_cat-3-4-metai","7":"product_cat-5-6-metai","8":"product_cat-6-metai","9":"product_cat-akcija","10":"product_cat-lauko-zaislai","11":"product_cat-naujienos","12":"product_cat-zaislai-ir-zaidimai","14":"first","15":"instock","16":"taxable","17":"shipping-taxable","18":"product-type-simple"},"jetpack_sharing_enabled":true,"_links":{"self":[{"href":"https:\/\/b2b.mideer.lt\/lv\/wp-json\/wp\/v2\/product\/5348"}],"collection":[{"href":"https:\/\/b2b.mideer.lt\/lv\/wp-json\/wp\/v2\/product"}],"about":[{"href":"https:\/\/b2b.mideer.lt\/lv\/wp-json\/wp\/v2\/types\/product"}],"wp:featuredmedia":[{"embeddable":true,"href":"https:\/\/b2b.mideer.lt\/lv\/wp-json\/wp\/v2\/media\/5349"}],"wp:attachment":[{"href":"https:\/\/b2b.mideer.lt\/lv\/wp-json\/wp\/v2\/media?parent=5348"}],"wp:term":[{"taxonomy":"product_brand","embeddable":true,"href":"https:\/\/b2b.mideer.lt\/lv\/wp-json\/wp\/v2\/product_brand?post=5348"},{"taxonomy":"product_cat","embeddable":true,"href":"https:\/\/b2b.mideer.lt\/lv\/wp-json\/wp\/v2\/product_cat?post=5348"},{"taxonomy":"product_tag","embeddable":true,"href":"https:\/\/b2b.mideer.lt\/lv\/wp-json\/wp\/v2\/product_tag?post=5348"}],"curies":[{"name":"wp","href":"https:\/\/api.w.org\/{rel}","templated":true}]}}