{"id":5339,"date":"2025-06-04T20:33:51","date_gmt":"2025-06-04T20:33:51","guid":{"rendered":"https:\/\/b2b.mideer.lt\/?post_type=product&#038;p=5339"},"modified":"2026-04-06T07:33:13","modified_gmt":"2026-04-06T07:33:13","slug":"vaikiskos-rankdarbiu-zirkles","status":"publish","type":"product","link":"https:\/\/b2b.mideer.lt\/lv\/product\/vaikiskos-rankdarbiu-zirkles\/","title":{"rendered":"B\u0113rnu rokdarbu \u0161\u0137\u0113res"},"content":{"rendered":"<p data-sourcepos=\"25:1-25:254\">Atkl\u0101jiet dro\u0161u un priec\u012bgu rado\u0161uma pasauli ar m\u016bsu \u012bpa\u0161i b\u0113rniem paredz\u0113taj\u0101m mideer amatniec\u012bbas \u0161\u0137\u0113r\u0113m. \u0160\u012bs \u0161\u0137\u0113res ir izstr\u0101d\u0101tas t\u0101, lai nodro\u0161in\u0101tu dro\u0161u un pat\u012bkamu rado\u0161o pieredzi, \u013caujot b\u0113rnam br\u012bvi izpausties.<\/p>\n<ul>\n<li data-sourcepos=\"27:1-28:0\">\n<p data-sourcepos=\"27:3-27:238\"><strong>Dro\u0161\u012bba pirmaj\u0101 viet\u0101:<\/strong> \u0160\u0137\u0113res ir ar iztur\u012bgiem ner\u016bs\u0113jo\u0161\u0101 t\u0113rauda asme\u0146iem ar noapa\u013cotiem galiem, kas nodro\u0161ina prec\u012bzu grie\u0161anu bez nejau\u0161u iegriezumu riska. Tas dod vec\u0101kiem sirdsmieru un b\u0113rniem drosmi rad\u012bt.<\/p>\n<\/li>\n<li data-sourcepos=\"29:1-30:0\">\n<p data-sourcepos=\"29:3-29:244\"><strong>Ergonomisks dizains maz\u0101m rok\u0101m:<\/strong> Ergonomiskie rokturi ir p\u0101rdom\u0101ti veidoti t\u0101, lai tie lieliski piegu\u013c maz\u0101m rok\u0101m, nodro\u0161inot komfortu pat garu rado\u0161o sesiju laik\u0101. Tas pal\u012bdz b\u0113rniem viegli un \u0113rti r\u012bkoties ar \u0161\u0137\u0113r\u0113m.<\/p>\n<\/li>\n<li data-sourcepos=\"31:1-32:0\">\n<p data-sourcepos=\"31:3-31:228\"><strong>Daudzpus\u012bba un praktiskums:<\/strong> \u0160\u012bs daudzpus\u012bg\u0101s \u0161\u0137\u0113res ir piem\u0113rotas visda\u017e\u0101d\u0101kajiem rokdarbu materi\u0101liem. T\u0101s ir neaizst\u0101jams r\u012bks ikvienam mazajam m\u0101ksliniekam!<\/p>\n<\/li>\n<li data-sourcepos=\"33:1-34:0\">\n<p data-sourcepos=\"33:3-33:199\"><strong>Stimul\u0113 rado\u0161umu un att\u012bsta prasmes:<\/strong> Uzticam\u0101s un b\u0113rniem draudz\u012bg\u0101s mideer amatniec\u012bbas \u0161\u0137\u0113res pal\u012bdz\u0113s stimul\u0113t j\u016bsu b\u0113rna rado\u0161umu un uzlabot s\u012bko motoriku un acu un roku koordin\u0101ciju.<\/p>\n<\/li>\n<li data-sourcepos=\"9:1-9:52\"><strong>Ieteicamais vecums:<\/strong> 3+<\/li>\n<li data-sourcepos=\"9:1-9:52\"><strong>Izm\u0113ri:<\/strong> 7,5 x 16 x 1,2 cm<\/li>\n<li data-sourcepos=\"9:1-9:52\"><strong>Svars:<\/strong> 0,03 kg<\/li>\n<\/ul>","protected":false},"excerpt":{"rendered":"<p>Atkl\u0101jiet dro\u0161u un priec\u012bgu rado\u0161uma pasauli ar m\u016bsu \u012bpa\u0161i b\u0113rniem paredz\u0113taj\u0101m mideer amatniec\u012bbas \u0161\u0137\u0113r\u0113m. \u0160\u012bs \u0161\u0137\u0113res ir izstr\u0101d\u0101tas t\u0101, lai nodro\u0161in\u0101tu dro\u0161u un pat\u012bkamu rado\u0161o pieredzi, \u013caujot b\u0113rnam br\u012bvi izpausties. Dro\u0161\u012bba pirmaj\u0101 viet\u0101: \u0161\u0137\u0113r\u0113m ir iztur\u012bgi ner\u016bs\u0113jo\u0161\u0101 t\u0113rauda asme\u0146i ar noapa\u013cotiem galiem, kas nodro\u0161ina prec\u012bzu grie\u0161anu bez nejau\u0161u iegriezumu riska. Tas vec\u0101kiem sniedz liel\u0101ku mieru, bet b\u0113rniem - drosmi rad\u012bt. Ergonomisks dizains maz\u0101m rok\u0101m: ergonomiskie rokturi ir p\u0101rdom\u0101ti veidoti t\u0101, lai tie lieliski piest\u0101v\u0113tu maz\u0101m rok\u0101m, nodro\u0161inot komfortu pat garu rado\u0161o nodarb\u012bbu laik\u0101. Tas pal\u012bdz b\u0113rniem viegli un \u0113rti r\u012bkoties ar \u0161\u0137\u0113r\u0113m. Daudzpus\u012bba un praktiskums: \u0161\u012bs daudzpus\u012bg\u0101s \u0161\u0137\u0113res ir piem\u0113rotas da\u017e\u0101diem amatniec\u012bbas materi\u0101liem. T\u0101s ir neaizst\u0101jams r\u012bks ikvienam mazajam m\u0101ksliniekam! T\u0101s veicina rado\u0161umu un att\u012bsta prasmes: Dro\u0161as un b\u0113rniem draudz\u012bgas mideer rokdarbu \u0161\u0137\u0113res pal\u012bdz\u0113s stimul\u0113t j\u016bsu b\u0113rna rado\u0161umu un uzlabot s\u012bko motoriku un acu un roku koordin\u0101ciju. Ieteicamais vecums: 3+ Izm\u0113ri: 7,5 x 16 x 1,2 cm Svars: 0,03 kg<\/p>","protected":false},"featured_media":5340,"template":"","meta":[],"product_brand":[],"product_cat":[234,235,236,250,254,255,275],"product_tag":[],"class_list":{"0":"post-5339","1":"product","2":"type-product","3":"status-publish","4":"has-post-thumbnail","6":"product_cat-3-4-metai","7":"product_cat-5-6-metai","8":"product_cat-6-metai","9":"product_cat-menai-ir-kurybiniai-uzsiemimai","10":"product_cat-mokyklos-reikmenys","11":"product_cat-naujienos","12":"product_cat-visos-meno-prekes","14":"first","15":"instock","16":"taxable","17":"shipping-taxable","18":"product-type-simple"},"jetpack_sharing_enabled":true,"_links":{"self":[{"href":"https:\/\/b2b.mideer.lt\/lv\/wp-json\/wp\/v2\/product\/5339"}],"collection":[{"href":"https:\/\/b2b.mideer.lt\/lv\/wp-json\/wp\/v2\/product"}],"about":[{"href":"https:\/\/b2b.mideer.lt\/lv\/wp-json\/wp\/v2\/types\/product"}],"wp:featuredmedia":[{"embeddable":true,"href":"https:\/\/b2b.mideer.lt\/lv\/wp-json\/wp\/v2\/media\/5340"}],"wp:attachment":[{"href":"https:\/\/b2b.mideer.lt\/lv\/wp-json\/wp\/v2\/media?parent=5339"}],"wp:term":[{"taxonomy":"product_brand","embeddable":true,"href":"https:\/\/b2b.mideer.lt\/lv\/wp-json\/wp\/v2\/product_brand?post=5339"},{"taxonomy":"product_cat","embeddable":true,"href":"https:\/\/b2b.mideer.lt\/lv\/wp-json\/wp\/v2\/product_cat?post=5339"},{"taxonomy":"product_tag","embeddable":true,"href":"https:\/\/b2b.mideer.lt\/lv\/wp-json\/wp\/v2\/product_tag?post=5339"}],"curies":[{"name":"wp","href":"https:\/\/api.w.org\/{rel}","templated":true}]}}