{"id":5337,"date":"2025-06-04T19:40:41","date_gmt":"2025-06-04T19:40:41","guid":{"rendered":"https:\/\/b2b.mideer.lt\/?post_type=product&#038;p=5337"},"modified":"2026-04-20T07:30:37","modified_gmt":"2026-04-20T07:30:37","slug":"stori-trikampiai-piestukai-2b-6vnt","status":"publish","type":"product","link":"https:\/\/b2b.mideer.lt\/lv\/product\/stori-trikampiai-piestukai-2b-6vnt\/","title":{"rendered":"Biezi tr\u012bsst\u016brveida z\u012bmu\u013ci 2B, 6 gab."},"content":{"rendered":"<p data-sourcepos=\"4:1-4:71\">T\u0101p\u0113c mideer biezie tr\u012bsst\u016brveida z\u012bmu\u013ci ir lieliska izv\u0113le ies\u0101c\u0113jiem:<\/p>\n<ol data-sourcepos=\"6:1-9:0\">\n<li data-sourcepos=\"6:1-6:138\"><strong>Zin\u0101tniska pieeja pareizas st\u0101jas veido\u0161anai.<\/strong> Tr\u012bsst\u016brveida stobrs lab\u0101k pal\u012bdz b\u0113rniem iem\u0101c\u012bties pareizi tur\u0113t z\u012bmuli.<\/li>\n<li data-sourcepos=\"7:1-7:201\"><strong>Komforts un maz\u0101ks roku nogurums.<\/strong> Z\u012bmul\u012b\u0161a biezais stobrs ar lielu atbalsta laukumu \u013cauj b\u0113rniem to viegli tur\u0113t rok\u0101s bez piep\u016bles. \u0112rts satv\u0113riens ar\u012b efekt\u012bvi samazina rokas spiedienu.<\/li>\n<li data-sourcepos=\"8:1-9:0\"><strong>Sp\u0113c\u012bgs un br\u012bvs rakst\u012bjums.<\/strong> Pastor\u0101lais graf\u012bts nodro\u0161ina lielisku un gludu rakst\u012b\u0161anu uz pap\u012bra un nav viegli lau\u017eams.<\/li>\n<\/ol>\n<p data-sourcepos=\"16:1-16:96\"><strong>2B z\u012bmu\u013ci<\/strong> b\u0113rniem, kuri dr\u012bzum\u0101 s\u0101ks m\u0101c\u012bties s\u0101kumskol\u0101, t.i., 4-6 gadus veciem b\u0113rniem.<\/p>\n<ul>\n<li data-sourcepos=\"18:1-22:37\"><strong>Am\u017eius:<\/strong> 4-6 gadi<\/li>\n<li data-sourcepos=\"18:1-22:37\"><strong>Iepakojuma izm\u0113ri:<\/strong> 17,5 x 6,1 x 1,1 cm<\/li>\n<li data-sourcepos=\"18:1-22:37\"><strong>Vien\u012bbu skaits iepakojum\u0101:<\/strong> 6 gab.<\/li>\n<li data-sourcepos=\"18:1-22:37\"><strong>Viena z\u012bmu\u013ca izm\u0113rs:<\/strong> 17 x 0,96 x 0,96 cm<\/li>\n<li data-sourcepos=\"18:1-22:37\"><strong>Materi\u0101ls:<\/strong> Ka\u013c\u0137u koks, graf\u012bts<\/li>\n<\/ul>","protected":false},"excerpt":{"rendered":"<p>T\u0101p\u0113c mideer biezie tr\u012bsst\u016brveida z\u012bmu\u013ci ir lieliska izv\u0113le ies\u0101c\u0113jiem: zin\u0101tniska pieeja pareizas st\u0101jas veido\u0161anai. Tr\u012bsst\u016brveida stobrs lab\u0101k pal\u012bdz b\u0113rniem iem\u0101c\u012bties pareizi tur\u0113t z\u012bmuli. \u0112rt\u012bba un maz\u0101ks rokas nogurums. Biezais z\u012bmu\u013ca korpuss ar lielu atbalsta laukumu atvieglo b\u0113rniem t\u0101 tur\u0113\u0161anu bez piep\u016bles. \u0112rts satv\u0113riens ar\u012b efekt\u012bvi samazina rokas spiedienu. Iztur\u012bgs un gluda rakst\u012b\u0161ana. Pastozais graf\u012bts nodro\u0161ina lielisku un vienm\u0113r\u012bgu rakst\u012b\u0161anu uz pap\u012bra un nav viegli l\u016bsto\u0161s. 2B z\u012bmu\u013ci ir paredz\u0113ti b\u0113rniem, kuri dr\u012bzum\u0101 s\u0101ks m\u0101c\u012bties s\u0101kumskol\u0101, t. i., 4-6 gadus veciem b\u0113rniem. Vecums: 4-6 gadi Iepakojuma izm\u0113ri: 17,5 x 6,1 x 1,1 cm Gabalu skaits iepakojum\u0101: 6 gab. Materi\u0101ls: liepas koks, graf\u012bts<\/p>","protected":false},"featured_media":5338,"template":"","meta":[],"product_brand":[],"product_cat":[234,235,280,254,255,275],"product_tag":[],"class_list":{"0":"post-5337","1":"product","2":"type-product","3":"status-publish","4":"has-post-thumbnail","6":"product_cat-3-4-metai","7":"product_cat-5-6-metai","8":"product_cat-akcija","9":"product_cat-mokyklos-reikmenys","10":"product_cat-naujienos","11":"product_cat-visos-meno-prekes","13":"first","14":"instock","15":"taxable","16":"shipping-taxable","17":"product-type-simple"},"jetpack_sharing_enabled":true,"_links":{"self":[{"href":"https:\/\/b2b.mideer.lt\/lv\/wp-json\/wp\/v2\/product\/5337"}],"collection":[{"href":"https:\/\/b2b.mideer.lt\/lv\/wp-json\/wp\/v2\/product"}],"about":[{"href":"https:\/\/b2b.mideer.lt\/lv\/wp-json\/wp\/v2\/types\/product"}],"wp:featuredmedia":[{"embeddable":true,"href":"https:\/\/b2b.mideer.lt\/lv\/wp-json\/wp\/v2\/media\/5338"}],"wp:attachment":[{"href":"https:\/\/b2b.mideer.lt\/lv\/wp-json\/wp\/v2\/media?parent=5337"}],"wp:term":[{"taxonomy":"product_brand","embeddable":true,"href":"https:\/\/b2b.mideer.lt\/lv\/wp-json\/wp\/v2\/product_brand?post=5337"},{"taxonomy":"product_cat","embeddable":true,"href":"https:\/\/b2b.mideer.lt\/lv\/wp-json\/wp\/v2\/product_cat?post=5337"},{"taxonomy":"product_tag","embeddable":true,"href":"https:\/\/b2b.mideer.lt\/lv\/wp-json\/wp\/v2\/product_tag?post=5337"}],"curies":[{"name":"wp","href":"https:\/\/api.w.org\/{rel}","templated":true}]}}