{"id":5335,"date":"2025-06-04T19:26:06","date_gmt":"2025-06-04T19:26:06","guid":{"rendered":"https:\/\/b2b.mideer.lt\/?post_type=product&#038;p=5335"},"modified":"2026-04-20T07:30:37","modified_gmt":"2026-04-20T07:30:37","slug":"trintuku-rinkinys-3vnt","status":"publish","type":"product","link":"https:\/\/b2b.mideer.lt\/lv\/product\/trintuku-rinkinys-3vnt\/","title":{"rendered":"Dz\u0113\u0161gumiju komplekts, 3 gab."},"content":{"rendered":"<p data-sourcepos=\"7:1-7:203\">\u0160ie mideer dz\u0113\u0161gumijas savu darbu veic nevainojami -\u00a0<strong>neatst\u0101j p\u0113das un neboj\u0101 pap\u012bru<\/strong>. Dz\u0113\u0161gumijas putek\u013ci un atlikumi ir viegli sakritu\u0161i vien\u0101 viet\u0101, lai j\u016bs var\u0113tu tos sav\u0101kt bez liekas piep\u016bles.<\/p>\n<p data-sourcepos=\"9:1-9:143\">M\u012bkst\u0101s dz\u0113\u0161gumijas funkcijas <strong>izcila spiedes un stiepes iztur\u012bba<\/strong>. Izgatavots no <strong>PVC sve\u0137i<\/strong>, tas ir <strong>bez smar\u017eas un dro\u0161a b\u0113rniem<\/strong>.<\/p>\n<ul>\n<li data-sourcepos=\"13:1-13:23\"><strong>Ieteicamais vecums:<\/strong> 3+<\/li>\n<li data-sourcepos=\"13:1-13:23\"><strong>Iepakojuma izm\u0113ri:<\/strong> 10 x 10 x 1,1 cm<\/li>\n<li data-sourcepos=\"13:1-13:23\"><strong>Vien\u012bbu skaits iepakojum\u0101:<\/strong> 3 gab.<\/li>\n<li data-sourcepos=\"13:1-13:23\"><strong>Viena dz\u0113\u0161gumijas izm\u0113rs:<\/strong> 5,3 x 2,5 x 1 cm<\/li>\n<li data-sourcepos=\"13:1-13:23\"><strong>Materi\u0101ls:<\/strong> M\u012bksta PVC gumija<\/li>\n<\/ul>","protected":false},"excerpt":{"rendered":"<p>\u0160ie mideer trintukai atlieka savo darb\u0105 nepriekai\u0161tingai \u2013\u00a0nepalieka joki\u0173 \u017eymi\u0173 ir nepa\u017eeid\u017eia popieriaus. Trintuko dulk\u0117s ir liku\u010diai lengvai susivynioja \u012f vien\u0105 viet\u0105, tad juos surinksite be jokio vargo. Mink\u0161tas trintukas pasi\u017eymi puikiu atsparumu suspaudimui ir tempimui. Pagamintas i\u0161 PVC dervos, jis yra bekvapis ir saugus naudoti vaikams. Rekomenduojamas am\u017eius: 3+ Pakuot\u0117s i\u0161matavimai: 10 x 10 x 1.1 cm Vienet\u0173 skai\u010dius pakuot\u0117je: 3 vnt. Vieno trintuko dydis: 5.3 x 2.5 x 1 cm Med\u017eiaga: Mink\u0161ta PVC guma<\/p>","protected":false},"featured_media":5336,"template":"","meta":[],"product_brand":[],"product_cat":[280,254,255],"product_tag":[],"class_list":{"0":"post-5335","1":"product","2":"type-product","3":"status-publish","4":"has-post-thumbnail","6":"product_cat-akcija","7":"product_cat-mokyklos-reikmenys","8":"product_cat-naujienos","10":"first","11":"instock","12":"taxable","13":"shipping-taxable","14":"product-type-simple"},"jetpack_sharing_enabled":true,"_links":{"self":[{"href":"https:\/\/b2b.mideer.lt\/lv\/wp-json\/wp\/v2\/product\/5335"}],"collection":[{"href":"https:\/\/b2b.mideer.lt\/lv\/wp-json\/wp\/v2\/product"}],"about":[{"href":"https:\/\/b2b.mideer.lt\/lv\/wp-json\/wp\/v2\/types\/product"}],"wp:featuredmedia":[{"embeddable":true,"href":"https:\/\/b2b.mideer.lt\/lv\/wp-json\/wp\/v2\/media\/5336"}],"wp:attachment":[{"href":"https:\/\/b2b.mideer.lt\/lv\/wp-json\/wp\/v2\/media?parent=5335"}],"wp:term":[{"taxonomy":"product_brand","embeddable":true,"href":"https:\/\/b2b.mideer.lt\/lv\/wp-json\/wp\/v2\/product_brand?post=5335"},{"taxonomy":"product_cat","embeddable":true,"href":"https:\/\/b2b.mideer.lt\/lv\/wp-json\/wp\/v2\/product_cat?post=5335"},{"taxonomy":"product_tag","embeddable":true,"href":"https:\/\/b2b.mideer.lt\/lv\/wp-json\/wp\/v2\/product_tag?post=5335"}],"curies":[{"name":"wp","href":"https:\/\/api.w.org\/{rel}","templated":true}]}}