{"id":5332,"date":"2025-06-04T07:03:53","date_gmt":"2025-06-04T07:03:53","guid":{"rendered":"https:\/\/b2b.mideer.lt\/?post_type=product&#038;p=5332"},"modified":"2026-04-06T22:03:04","modified_gmt":"2026-04-06T22:03:04","slug":"magisko-smelio-papildymas-1kg","status":"publish","type":"product","link":"https:\/\/b2b.mideer.lt\/lv\/product\/magisko-smelio-papildymas-1kg\/","title":{"rendered":"Burvju smil\u0161u uzpilde, 1 kg"},"content":{"rendered":"<p data-sourcepos=\"7:1-7:281\"><strong>Izcila funkcija!<\/strong> M\u016bsu burvju smiltis ir <strong>\u016bdensiztur\u012bgs<\/strong>lai jautr\u012bba var\u0113tu turpin\u0101ties ar\u012b \u016bden\u012b! Izgatavots no dab\u012bga bi\u0161u vaska, tas ir dro\u0161s, bez smar\u017eas un neatst\u0101j lip\u012bgas rokas. \u0112rts n\u0113s\u0101\u0161anas dizains \u013cauj rado\u0161uma prieku \u0146emt visur l\u012bdzi!<\/p>\n<p data-sourcepos=\"9:1-9:45\"><strong>K\u0101p\u0113c izv\u0113l\u0113ties Mideer Magic Sand?<\/strong><\/p>\n<ul data-sourcepos=\"11:1-17:0\">\n<li data-sourcepos=\"11:1-11:38\"><strong>Att\u012bsta rado\u0161umu un izt\u0113li.<\/strong><\/li>\n<li data-sourcepos=\"12:1-12:57\"><strong>Stimul\u0113 s\u012bko motoriku un taustes saj\u016btas.<\/strong><\/li>\n<li data-sourcepos=\"13:1-13:60\"><strong>Dro\u0161as un t\u012bras rota\u013cas ar dab\u012bgiem materi\u0101liem.<\/strong><\/li>\n<li data-sourcepos=\"14:1-14:53\"><strong>Sp\u0113l\u0113jiet uz sauszemes un \u016bden\u012b!<\/strong><\/li>\n<\/ul>","protected":false},"excerpt":{"rendered":"<p>Izcila funkcija! M\u016bsu burvju smiltis ir \u016bdensnecaurlaid\u012bgas, t\u0101p\u0113c jautr\u012bba var turpin\u0101ties pat \u016bden\u012b! T\u0101s ir izgatavotas no dab\u012bga bi\u0161u vaska, t\u0101p\u0113c ir dro\u0161as, bez smar\u017eas un neatst\u0101j lip\u012bgas rokas. \u0112rts p\u0101rn\u0113s\u0101\u0161anas dizains \u013cauj rado\u0161uma prieku \u0146emt visur l\u012bdzi! K\u0101p\u0113c izv\u0113l\u0113ties Mideer Magic Sand? Att\u012bsta rado\u0161umu un izt\u0113li. Stimul\u0113 s\u012bko motoriku un taustes saj\u016btas. Dro\u0161a un t\u012bra sp\u0113le ar dab\u012bgiem materi\u0101liem. Var sp\u0113l\u0113t gan uz sauszemes, gan \u016bden\u012b!<\/p>","protected":false},"featured_media":5333,"template":"","meta":[],"product_brand":[],"product_cat":[234,235,246,255,276],"product_tag":[],"class_list":{"0":"post-5332","1":"product","2":"type-product","3":"status-publish","4":"has-post-thumbnail","6":"product_cat-3-4-metai","7":"product_cat-5-6-metai","8":"product_cat-lauko-zaislai","9":"product_cat-naujienos","10":"product_cat-zaislai-ir-zaidimai","12":"first","13":"instock","14":"taxable","15":"shipping-taxable","16":"product-type-simple"},"jetpack_sharing_enabled":true,"_links":{"self":[{"href":"https:\/\/b2b.mideer.lt\/lv\/wp-json\/wp\/v2\/product\/5332"}],"collection":[{"href":"https:\/\/b2b.mideer.lt\/lv\/wp-json\/wp\/v2\/product"}],"about":[{"href":"https:\/\/b2b.mideer.lt\/lv\/wp-json\/wp\/v2\/types\/product"}],"wp:featuredmedia":[{"embeddable":true,"href":"https:\/\/b2b.mideer.lt\/lv\/wp-json\/wp\/v2\/media\/5333"}],"wp:attachment":[{"href":"https:\/\/b2b.mideer.lt\/lv\/wp-json\/wp\/v2\/media?parent=5332"}],"wp:term":[{"taxonomy":"product_brand","embeddable":true,"href":"https:\/\/b2b.mideer.lt\/lv\/wp-json\/wp\/v2\/product_brand?post=5332"},{"taxonomy":"product_cat","embeddable":true,"href":"https:\/\/b2b.mideer.lt\/lv\/wp-json\/wp\/v2\/product_cat?post=5332"},{"taxonomy":"product_tag","embeddable":true,"href":"https:\/\/b2b.mideer.lt\/lv\/wp-json\/wp\/v2\/product_tag?post=5332"}],"curies":[{"name":"wp","href":"https:\/\/api.w.org\/{rel}","templated":true}]}}