{"id":5278,"date":"2025-05-06T18:40:47","date_gmt":"2025-05-06T18:40:47","guid":{"rendered":"https:\/\/b2b.mideer.lt\/?post_type=product&#038;p=5278"},"modified":"2026-04-22T08:03:06","modified_gmt":"2026-04-22T08:03:06","slug":"kurybinis-drabuziu-dizaino-rinkinys-spindintis-vakaras","status":"publish","type":"product","link":"https:\/\/b2b.mideer.lt\/lv\/product\/kurybinis-drabuziu-dizaino-rinkinys-spindintis-vakaras\/","title":{"rendered":"Rado\u0161s ap\u0123\u0113rbu dizaina komplekts - Spo\u017eais vakars"},"content":{"rendered":"<p data-sourcepos=\"3:1-3:252\">Aizraujo\u0161a aktivit\u0101te, kas \u013cauj b\u0113rniem pieska\u0146ot ap\u0123\u0113rbu, kr\u0101sas un aksesu\u0101rus, p\u0101rv\u0113r\u0161ot vi\u0146u izt\u0113li realit\u0101t\u0113, izmantojot praktisku sp\u0113li. Ide\u0101li piem\u0113rots dzim\u0161anas dien\u0101m, d\u0101van\u0101m vai izt\u0113li rosino\u0161\u0101m rota\u013c\u0101m!<\/p>\n<p data-sourcepos=\"5:1-5:16\"><strong>K\u0101 sp\u0113l\u0113t:<\/strong><\/p>\n<ol data-sourcepos=\"6:1-10:0\">\n<li data-sourcepos=\"6:1-6:58\">Uzlieciet uz mode\u013ca savu m\u012b\u013c\u0101ko nekr\u0101sotu ap\u0123\u0113rbu.<\/li>\n<li data-sourcepos=\"7:1-7:44\">Izkr\u0101sojiet to ar sav\u0101m izv\u0113l\u0113taj\u0101m kr\u0101s\u0101m.<\/li>\n<li data-sourcepos=\"8:1-8:83\">Izmantojiet trafaretus vai z\u012bm\u0113jiet br\u012bvrokas, lai izveidotu jautrus rakstus.<\/li>\n<li data-sourcepos=\"9:1-10:0\">Izskatu papildina kr\u0101saini aksesu\u0101ri.<\/li>\n<\/ol>\n<p data-sourcepos=\"11:1-11:12\"><strong>S\u012bk\u0101ka inform\u0101cija:<\/strong><\/p>\n<ul data-sourcepos=\"12:1-17:0\">\n<li data-sourcepos=\"12:1-12:224\">Stimul\u0113 interesi par lomu sp\u0113l\u0113m un \u013cauj b\u0113rniem pieska\u0146ot ap\u0123\u0113rbu bezgal\u012bgai rado\u0161ai izklaidei.<\/li>\n<li data-sourcepos=\"13:1-13:178\">Ietver rota\u013c\u012bgus, ikdieni\u0161\u0137us un elegantus ap\u0123\u0113rbus.<\/li>\n<li data-sourcepos=\"13:1-13:178\">L\u012bm\u0113jot, kr\u0101sojot un z\u012bmogojot, b\u0113rni jautr\u0101 un saisto\u0161\u0101 veid\u0101 att\u012bsta s\u012bko motoriku, roku un acu koordin\u0101ciju un koncentr\u0113\u0161an\u0101s sp\u0113jas.<\/li>\n<li data-sourcepos=\"13:1-13:178\">Iztur\u012bg\u0101s uzl\u012bmes var uzl\u012bm\u0113t vair\u0101kas reizes, mudinot b\u0113rnus eksperiment\u0113t un izm\u0113\u0123in\u0101t da\u017e\u0101dus dizainus bez ierobe\u017eojumiem.<\/li>\n<li data-sourcepos=\"13:1-13:178\">Katram kr\u0101sainajam z\u012bmulim ir divas kr\u0101sas, kas papla\u0161ina rado\u0161o iesp\u0113ju kl\u0101stu un atvieglo detaliz\u0113tu un spilgtu dizainu veido\u0161anu.<\/li>\n<\/ul>\n<p data-sourcepos=\"18:1-18:493\">K\u013c\u016bsti par vakara karalieni! \u0160is burv\u012bgais \"Sparkly Evening\" komplekts \u013cauj meiten\u0113m izveidot \u017eilbino\u0161as kleitas, mirdzo\u0161as ti\u0101ras un stil\u012bgus aksesu\u0101rus ma\u0123iskam vakaram. Ar mirdzo\u0161\u0101m uzl\u012bm\u0113m kleit\u0101m un balles fonu rado\u0161ums sp\u012bd\u0113s spo\u017ei. Ide\u0101li piem\u0113rots ball\u012bt\u0113m, rota\u013c\u0101m vai sap\u0146u veido\u0161anai!<\/p>\n<ul>\n<li data-sourcepos=\"20:1-23:23\"><strong>Am\u017eius:<\/strong> 3+<\/li>\n<li data-sourcepos=\"20:1-23:23\"><strong>D\u0117\u017eut\u0117s matmenys:<\/strong> 24 cm x 24 cm x 3 cm<\/li>\n<li data-sourcepos=\"20:1-23:23\"><strong>Ietver:<\/strong> 20 lapas ar ap\u0123\u0113rba uzl\u012bm\u0113m, 1 lapa ar aksesu\u0101ru uzl\u012bm\u0113m, 4 fig\u016bri\u0146as, 1 z\u012bm\u0113\u0161anas veidne, 5 abpus\u0113ji kr\u0101sainie z\u012bmu\u013ci.<\/li>\n<li data-sourcepos=\"20:1-23:23\"><strong>Materi\u0101ls:<\/strong> Pap\u012brs<\/li>\n<\/ul>","protected":false},"excerpt":{"rendered":"<p>Aizraujo\u0161a aktivit\u0101te, kas \u013cauj b\u0113rniem pieska\u0146ot ap\u0123\u0113rbu, kr\u0101sas un aksesu\u0101rus, p\u0101rv\u0113r\u0161ot vi\u0146u izt\u0113li realit\u0101t\u0113, izmantojot praktisku sp\u0113li. Ide\u0101li piem\u0113rots dzim\u0161anas dien\u0101m, d\u0101van\u0101m vai izt\u0113li rosino\u0161\u0101m rota\u013c\u0101m! K\u0101 sp\u0113l\u0113t. Izkr\u0101sojiet to ar sav\u0101m izv\u0113l\u0113taj\u0101m kr\u0101s\u0101m. Izmantojiet trafaretus vai z\u012bm\u0113jiet ar br\u012bv\u0101m rok\u0101m, lai izveidotu jautrus rakstus. Pievienojiet kr\u0101sainus aksesu\u0101rus, lai pabeigtu izskatu. S\u012bk\u0101ka inform\u0101cija: Stimul\u0113 interesi par lomu sp\u0113l\u0113m un \u013cauj b\u0113rniem kombin\u0113t ap\u0123\u0113rbus, lai rado\u0161i izklaid\u0113tos bezgal\u012bgi. Ietver rota\u013c\u012bgus, ikdienas un elegantus ap\u0123\u0113rbus. L\u012bm\u0113jot, kr\u0101sojot un apz\u012bmogojot, b\u0113rni jautr\u0101 un saisto\u0161\u0101 veid\u0101 att\u012bsta s\u012bko motoriku, roku un acu koordin\u0101ciju un koncentr\u0113\u0161an\u0101s sp\u0113jas. Iztur\u012bg\u0101s uzl\u012bmes var uzl\u012bm\u0113t vair\u0101kas reizes, mudinot b\u0113rnus eksperiment\u0113t un izm\u0113\u0123in\u0101t da\u017e\u0101dus dizainus bez ierobe\u017eojumiem. Katram kr\u0101sainajam z\u012bmulim ir divas kr\u0101sas, kas papla\u0161ina rado\u0161o iesp\u0113ju kl\u0101stu un atvieglo detaliz\u0113tu un spilgtu dizainu veido\u0161anu. Padariet sevi par vakara karalieni! \u0160is burv\u012bgais \"Mirdzo\u0161\u0101 vakara\" komplekts \u013cauj meiten\u0113m izveidot \u017eilbino\u0161as kleitas, mirdzo\u0161as ti\u0101ras un stil\u012bgus aksesu\u0101rus ma\u0123iskam vakaram. Ar mirdzo\u0161\u0101m uzl\u012bm\u0113m kleit\u0101m un balles fonu rado\u0161ums sp\u012bd\u0113s spo\u017ei. Ide\u0101li piem\u0113rots ball\u012bt\u0113m, rota\u013c\u0101m vai sap\u0146u veido\u0161anai! Vecums: 3+ Kastes izm\u0113ri: 24 cm x 24 cm x 3 cm Komplekt\u0101 ietilpst: 20 ap\u0123\u0113rbu uzl\u012bmju lapas, 1 aksesu\u0101ru uzl\u012bmju lapa, 4 fig\u016bri\u0146as, 1 z\u012bm\u0113\u0161anas veidne, 5 abpus\u0113ji kr\u0101sainie z\u012bmu\u013ci Materi\u0101ls.<\/p>","protected":false},"featured_media":5279,"template":"","meta":[],"product_brand":[],"product_cat":[234,235,236,242,272,245,250,255,263,267,275],"product_tag":[],"class_list":{"0":"post-5278","1":"product","2":"type-product","3":"status-publish","4":"has-post-thumbnail","6":"product_cat-3-4-metai","7":"product_cat-5-6-metai","8":"product_cat-6-metai","9":"product_cat-dovanu-idejos","10":"product_cat-kaledines-dovanos","11":"product_cat-kurybiniu-uzduociu-knygeles","12":"product_cat-menai-ir-kurybiniai-uzsiemimai","13":"product_cat-naujienos","14":"product_cat-pasidaryk-pats","15":"product_cat-spalvinimo-knygeles","16":"product_cat-visos-meno-prekes","18":"first","19":"instock","20":"taxable","21":"shipping-taxable","22":"product-type-simple"},"jetpack_sharing_enabled":true,"_links":{"self":[{"href":"https:\/\/b2b.mideer.lt\/lv\/wp-json\/wp\/v2\/product\/5278"}],"collection":[{"href":"https:\/\/b2b.mideer.lt\/lv\/wp-json\/wp\/v2\/product"}],"about":[{"href":"https:\/\/b2b.mideer.lt\/lv\/wp-json\/wp\/v2\/types\/product"}],"wp:featuredmedia":[{"embeddable":true,"href":"https:\/\/b2b.mideer.lt\/lv\/wp-json\/wp\/v2\/media\/5279"}],"wp:attachment":[{"href":"https:\/\/b2b.mideer.lt\/lv\/wp-json\/wp\/v2\/media?parent=5278"}],"wp:term":[{"taxonomy":"product_brand","embeddable":true,"href":"https:\/\/b2b.mideer.lt\/lv\/wp-json\/wp\/v2\/product_brand?post=5278"},{"taxonomy":"product_cat","embeddable":true,"href":"https:\/\/b2b.mideer.lt\/lv\/wp-json\/wp\/v2\/product_cat?post=5278"},{"taxonomy":"product_tag","embeddable":true,"href":"https:\/\/b2b.mideer.lt\/lv\/wp-json\/wp\/v2\/product_tag?post=5278"}],"curies":[{"name":"wp","href":"https:\/\/api.w.org\/{rel}","templated":true}]}}