{"id":5274,"date":"2025-05-06T18:25:30","date_gmt":"2025-05-06T18:25:30","guid":{"rendered":"https:\/\/b2b.mideer.lt\/?post_type=product&#038;p=5274"},"modified":"2026-04-06T22:03:08","modified_gmt":"2026-04-06T22:03:08","slug":"minkstas-skraidantis-diskas-sleeping-bird","status":"publish","type":"product","link":"https:\/\/b2b.mideer.lt\/lv\/product\/minkstas-skraidantis-diskas-sleeping-bird\/","title":{"rendered":"M\u012bkstais lidojo\u0161ais disks - Sleeping Bird"},"content":{"rendered":"<p data-sourcepos=\"3:1-3:390\"><strong>M\u012bksts lidojo\u0161s disks, kas \u012bpa\u0161i izstr\u0101d\u0101ts b\u0113rniem.<\/strong> Dro\u0161a sp\u0113le bez traumu riska. Nodro\u0161ina b\u0113rniem bezr\u016bp\u012bgu izklaidi. Ar stabilu lidojuma trajektoriju. Viegls (tikai 85 g) un viegli metams. Piem\u0113rots visu vecumu b\u0113rniem. Izgatavots no m\u012bksta PU putu materi\u0101la bez as\u0101m mal\u0101m. 3C sertific\u0113ts, bez smar\u017eas un piln\u012bgi dro\u0161s lieto\u0161anai.<\/p>\n<p data-sourcepos=\"5:1-5:13\"><strong>Funkcijas:<\/strong><\/p>\n<ul data-sourcepos=\"7:1-15:0\">\n<li data-sourcepos=\"7:1-7:114\"><strong>Dro\u0161s b\u0113rniem:<\/strong> izgatavots no m\u012bksta PU putu materi\u0101la, t\u0101p\u0113c sp\u0113les laik\u0101 nav riska g\u016bt traumas.<\/li>\n<li data-sourcepos=\"11:1-11:73\"><strong>Piem\u0113rots visai \u0123imenei:<\/strong> lieliska izv\u0113le visu vecumu sp\u0113l\u0113t\u0101jiem.<\/li>\n<li data-sourcepos=\"14:1-15:0\"><strong>Rota\u013c\u012bgs dizains:<\/strong> rot\u0101ts ar violetu gu\u013co\u0161a putna mot\u012bvu.<\/li>\n<\/ul>\n<p data-sourcepos=\"16:1-16:19\"><strong>Specifik\u0101cijas:<\/strong><\/p>\n<ul data-sourcepos=\"18:1-21:20\">\n<li data-sourcepos=\"18:1-18:12\"><strong>Ieteicamais vecums:<\/strong> 3+<\/li>\n<li data-sourcepos=\"19:1-19:42\"><strong>Izm\u0113ri: <\/strong>20 cm x 20 cm x 1,8 cm<\/li>\n<li data-sourcepos=\"20:1-20:19\"><strong>Kr\u0101sa: <\/strong>Violeta<\/li>\n<li data-sourcepos=\"21:1-21:20\"><strong>Materi\u0101ls: <\/strong>PU<\/li>\n<\/ul>","protected":false},"excerpt":{"rendered":"<p>M\u012bksts lidojo\u0161s disks, kas \u012bpa\u0161i izstr\u0101d\u0101ts b\u0113rniem. Dro\u0161a sp\u0113le bez traumu riska. Nodro\u0161ina b\u0113rniem bezr\u016bp\u012bgu izklaidi. Ar stabilu lidojuma trajektoriju. Viegls (tikai 85 g) un viegli metams. Piem\u0113rots visu vecumu b\u0113rniem. Izgatavots no m\u012bksta PU putu materi\u0101la bez as\u0101m mal\u0101m. 3C sertific\u0113ts, bez smar\u017eas un piln\u012bgi dro\u0161s lieto\u0161anai. \u012apa\u0161\u012bbas: Dro\u0161s b\u0113rniem: izgatavots no m\u012bksta PU putuplasta materi\u0101la, t\u0101p\u0113c sp\u0113les laik\u0101 nav riska g\u016bt traumas. Piem\u0113rots visai \u0123imenei: lieliska izv\u0113le visu vecumu sp\u0113l\u0113t\u0101jiem. Rota\u013c\u012bgs dizains: dekor\u0113ts ar violetu gu\u013co\u0161a putna mot\u012bvu. Ieteicamais vecums: 3+ Izm\u0113ri: 20 cm x 20 cm x 1,8 cm Kr\u0101sa: violeta Materi\u0101ls: PU.<\/p>","protected":false},"featured_media":5275,"template":"","meta":[],"product_brand":[],"product_cat":[234,235,236,239,246,255,276],"product_tag":[],"class_list":{"0":"post-5274","1":"product","2":"type-product","3":"status-publish","4":"has-post-thumbnail","6":"product_cat-3-4-metai","7":"product_cat-5-6-metai","8":"product_cat-6-metai","9":"product_cat-daugiau-zaislu-ir-zaidimu","10":"product_cat-lauko-zaislai","11":"product_cat-naujienos","12":"product_cat-zaislai-ir-zaidimai","14":"first","15":"instock","16":"taxable","17":"shipping-taxable","18":"product-type-simple"},"jetpack_sharing_enabled":true,"_links":{"self":[{"href":"https:\/\/b2b.mideer.lt\/lv\/wp-json\/wp\/v2\/product\/5274"}],"collection":[{"href":"https:\/\/b2b.mideer.lt\/lv\/wp-json\/wp\/v2\/product"}],"about":[{"href":"https:\/\/b2b.mideer.lt\/lv\/wp-json\/wp\/v2\/types\/product"}],"wp:featuredmedia":[{"embeddable":true,"href":"https:\/\/b2b.mideer.lt\/lv\/wp-json\/wp\/v2\/media\/5275"}],"wp:attachment":[{"href":"https:\/\/b2b.mideer.lt\/lv\/wp-json\/wp\/v2\/media?parent=5274"}],"wp:term":[{"taxonomy":"product_brand","embeddable":true,"href":"https:\/\/b2b.mideer.lt\/lv\/wp-json\/wp\/v2\/product_brand?post=5274"},{"taxonomy":"product_cat","embeddable":true,"href":"https:\/\/b2b.mideer.lt\/lv\/wp-json\/wp\/v2\/product_cat?post=5274"},{"taxonomy":"product_tag","embeddable":true,"href":"https:\/\/b2b.mideer.lt\/lv\/wp-json\/wp\/v2\/product_tag?post=5274"}],"curies":[{"name":"wp","href":"https:\/\/api.w.org\/{rel}","templated":true}]}}