{"id":5271,"date":"2025-05-06T18:21:29","date_gmt":"2025-05-06T18:21:29","guid":{"rendered":"https:\/\/b2b.mideer.lt\/?post_type=product&#038;p=5271"},"modified":"2026-04-06T07:33:13","modified_gmt":"2026-04-06T07:33:13","slug":"medine-3d-delione-drugys","status":"publish","type":"product","link":"https:\/\/b2b.mideer.lt\/lv\/product\/medine-3d-delione-drugys\/","title":{"rendered":"Koka 3D puzle - Tauri\u0146\u0161"},"content":{"rendered":"<p data-sourcepos=\"3:1-3:375\">Koka 3D puzle b\u0113rniem vecum\u0101 no 8 gadiem. Komplekts ir paredz\u0113ts prec\u012bzai izgatavo\u0161anai un bag\u0101tino\u0161ai pieredzei. Saliekot \u0161\u012bs puzles, b\u0113rni ne tikai atrais\u012bs savu rado\u0161o potenci\u0101lu, bet ar\u012b att\u012bst\u012bs probl\u0113mu risin\u0101\u0161anas prasmes, vienlaikus g\u016bstot zin\u0101\u0161anas par aizraujo\u0161o kukai\u0146u pasauli.<\/p>\n<p data-sourcepos=\"5:1-5:223\">\u0160o puzli iedvesmojis kr\u0101\u0161\u0146ais Papilio Memnon tauri\u0146\u0161, un tai ir spilgtas kr\u0101sas un satrieco\u0161s re\u0101lisms. Tas ir ne tikai izklaid\u0113jo\u0161s, bet ar\u012b izgl\u012btojo\u0161s l\u012bdzeklis, kas veicina rado\u0161umu un att\u012bsta vides apzi\u0146u.<\/p>\n<ul>\n<li data-sourcepos=\"7:1-11:17\"><strong>Am\u017eius: <\/strong>8+<\/li>\n<li data-sourcepos=\"7:1-11:17\"><strong>D\u0117\u017eut\u0117s matmenys:<\/strong> 16 cm x 2,2 cm x 11,4 cm<\/li>\n<li data-sourcepos=\"7:1-11:17\"><strong>Komplekt\u0101 ietilpst: <\/strong>6 koka pl\u0101ksnes, 1 lieto\u0161anas pam\u0101c\u012bba, 1 smil\u0161pap\u012brs<\/li>\n<li data-sourcepos=\"7:1-11:17\"><strong>Da\u013cu skaits:<\/strong> 63<\/li>\n<li data-sourcepos=\"7:1-11:17\"><strong>Materi\u0101ls: <\/strong>Koks<\/li>\n<\/ul>","protected":false},"excerpt":{"rendered":"<p>Medin\u0117 3D d\u0117lion\u0117 skirta vaikams nuo 8 met\u0173 ir vyresniems. Rinkinys skirtas precizi\u0161kam meistri\u0161kumui su praturtinan\u010dia patirtimi. Vaikams konstruojant \u0161iuos galvos\u016bkius, jie ne tik atskleis savo k\u016brybin\u012f potencial\u0105, bet ir lavins problem\u0173 sprendimo \u012fg\u016bd\u017eius, tuo pa\u010diu \u012fgydami \u017eini\u0173 apie kerint\u012f vabzd\u017ei\u0173 pasaul\u012f. \u0160is galvos\u016bkis, \u012fkv\u0117ptas nuostabaus Papilio Memnon drugio, pasi\u017eymi ry\u0161kiomis spalvomis ir stulbinan\u010diu realisti\u0161kumu. Tai ne tik pramoga, bet ir edukacin\u0117 priemon\u0117, skatinanti k\u016brybi\u0161kum\u0105 bei ugdanti ekologin\u012f s\u0105moningum\u0105. Am\u017eius: 8+ D\u0117\u017eut\u0117s matmenys: 16 cm x 2,2 cm x 11,4 cm Rinkin\u012f sudaro: 6 medin\u0117s plok\u0161tel\u0117s, 1 instrukcij\u0173 vadovas, 1 \u0161vitrinis popierius Detali\u0173 skai\u010dius: 63 Med\u017eiaga: Mediena<\/p>","protected":false},"featured_media":6062,"template":"","meta":[],"product_brand":[],"product_cat":[236,280,240,242,260,274],"product_tag":[],"class_list":{"0":"post-5271","1":"product","2":"type-product","3":"status-publish","4":"has-post-thumbnail","6":"product_cat-6-metai","7":"product_cat-akcija","8":"product_cat-deliones","9":"product_cat-dovanu-idejos","10":"product_cat-nuo-50-iki-100-daliu","11":"product_cat-visos-deliones","13":"first","14":"instock","15":"taxable","16":"shipping-taxable","17":"product-type-simple"},"jetpack_sharing_enabled":true,"_links":{"self":[{"href":"https:\/\/b2b.mideer.lt\/lv\/wp-json\/wp\/v2\/product\/5271"}],"collection":[{"href":"https:\/\/b2b.mideer.lt\/lv\/wp-json\/wp\/v2\/product"}],"about":[{"href":"https:\/\/b2b.mideer.lt\/lv\/wp-json\/wp\/v2\/types\/product"}],"wp:featuredmedia":[{"embeddable":true,"href":"https:\/\/b2b.mideer.lt\/lv\/wp-json\/wp\/v2\/media\/6062"}],"wp:attachment":[{"href":"https:\/\/b2b.mideer.lt\/lv\/wp-json\/wp\/v2\/media?parent=5271"}],"wp:term":[{"taxonomy":"product_brand","embeddable":true,"href":"https:\/\/b2b.mideer.lt\/lv\/wp-json\/wp\/v2\/product_brand?post=5271"},{"taxonomy":"product_cat","embeddable":true,"href":"https:\/\/b2b.mideer.lt\/lv\/wp-json\/wp\/v2\/product_cat?post=5271"},{"taxonomy":"product_tag","embeddable":true,"href":"https:\/\/b2b.mideer.lt\/lv\/wp-json\/wp\/v2\/product_tag?post=5271"}],"curies":[{"name":"wp","href":"https:\/\/api.w.org\/{rel}","templated":true}]}}