{"id":5266,"date":"2025-05-06T18:18:48","date_gmt":"2025-05-06T18:18:48","guid":{"rendered":"https:\/\/b2b.mideer.lt\/?post_type=product&#038;p=5266"},"modified":"2026-04-20T11:02:39","modified_gmt":"2026-04-20T11:02:39","slug":"vaikisku-rakeciu-rinkinys","status":"publish","type":"product","link":"https:\/\/b2b.mideer.lt\/lv\/product\/vaikisku-rakeciu-rinkinys\/","title":{"rendered":"B\u0113rnu raketes"},"content":{"rendered":"<p data-sourcepos=\"3:1-3:92\"><strong>Mideer b\u0113rnu rake\u0161u komplekts ir ide\u0101ls s\u0101kums mazajiem \u010dempioniem!<\/strong><\/p>\n<p data-sourcepos=\"5:1-5:226\">\u0160is komplekts ir ide\u0101ls veids, k\u0101 iepaz\u012bstin\u0101t b\u0113rnus ar tenisa pasauli. Tas ietver divus \u012bpa\u0161i izstr\u0101d\u0101tus b\u0113rnu <strong>vieglas un \u0113rtas raketes<\/strong> un divi <strong>m\u012bkst\u0101s bumbi\u0146as<\/strong>\u0113rtai un dro\u0161ai sp\u0113l\u0113\u0161anai.<\/p>\n<p data-sourcepos=\"7:1-7:217\">Ra\u0137etes, kas izgatavotas no <strong>augstas kvalit\u0101tes, iztur\u012bgi, bet vienlaikus viegli materi\u0101li<\/strong>t\u0101p\u0113c t\u0101s ir viegli kontrol\u0113jamas pat maz\u0101kajiem sp\u0113l\u0113t\u0101jiem. Ergonomiski rokturi \u013cauj \u0113rti satvert raketi un bez piep\u016bles veikt \u0161\u0101vienus.<\/p>\n<p data-sourcepos=\"9:1-9:155\"><strong>Spilgtas kr\u0101sas<\/strong> gan uz raket\u0113m, gan bumb\u0101m ne tikai piesaista b\u0113rnu uzman\u012bbu, bet ar\u012b pie\u0161\u0137ir sp\u0113lei vair\u0101k jautr\u012bbas un vizu\u0101l\u0101s intereses.<\/p>\n<p data-sourcepos=\"11:1-11:171\">Mideer rake\u0161u komplekts ir ide\u0101li piem\u0113rots gan <strong>S\u0101kums<\/strong>, gan <strong>\u0101rpus<\/strong>p\u0101rv\u0113r\u0161 jebkuru telpu par jautru tenisa laukumu neatkar\u012bgi no laikapst\u0101k\u013ciem.<\/p>\n<p data-sourcepos=\"13:1-13:19\"><strong>Komplekt\u0101 ietilpst:<\/strong><\/p>\n<ul data-sourcepos=\"15:1-18:0\">\n<li data-sourcepos=\"15:1-15:35\">B\u0113rnu tenisa raketes (2 gab.)<\/li>\n<li data-sourcepos=\"16:1-16:38\">Maza kr\u0101saina bumbi\u0146a (1 gab.)<\/li>\n<li data-sourcepos=\"17:1-18:0\">M\u012bksta bumba (1 gab.)<\/li>\n<\/ul>\n<p data-sourcepos=\"19:1-19:19\"><strong>Specifik\u0101cijas:<\/strong><\/p>\n<ul data-sourcepos=\"21:1-24:0\">\n<li data-sourcepos=\"21:1-21:12\">Vecums: 3+<\/li>\n<li data-sourcepos=\"22:1-22:38\">Kastes izm\u0113ri: 40 x 25,5 x 5,5 cm<\/li>\n<\/ul>","protected":false},"excerpt":{"rendered":"<p>Mideer b\u0113rnu rake\u0161u komplekts ir ide\u0101ls s\u0101kums mazajiem \u010dempioniem! \u0160is komplekts ir ide\u0101ls veids, k\u0101 iepaz\u012bstin\u0101t b\u0113rnus ar tenisa pasauli. Komplekt\u0101 ir divas \u012bpa\u0161i izstr\u0101d\u0101tas, vieglas un \u0113rtas raketes un divas m\u012bkstas bumbi\u0146as, kas atvieglo sitienus un nodro\u0161ina dro\u0161u sp\u0113li. Raketes ir izgatavotas no augstas kvalit\u0101tes, iztur\u012bgiem, bet viegliem materi\u0101liem, t\u0101p\u0113c t\u0101s ir viegli lietojamas pat pa\u0161iem maz\u0101kajiem sp\u0113l\u0113t\u0101jiem. Ergonomiskie rokturi \u013cauj \u0113rti satvert raketi un bez piep\u016bles veikt \u0161\u0101vienus. Gan rake\u0161u, gan bumbi\u0146u ko\u0161\u0101s kr\u0101sas ne tikai piesaista b\u0113rnu uzman\u012bbu, bet ar\u012b pie\u0161\u0137ir sp\u0113lei vair\u0101k jautr\u012bbas un vizu\u0101l\u0101s intereses. Mideer rake\u0161u komplekts ir lieliski piem\u0113rots gan sp\u0113l\u0113\u0161anai telp\u0101s, gan \u0101r\u0101, p\u0101rv\u0113r\u0161ot jebkuru telpu par jautru tenisa laukumu neatkar\u012bgi no laika apst\u0101k\u013ciem. Komplekt\u0101 ietilpst.<\/p>","protected":false},"featured_media":5267,"template":"","meta":[],"product_brand":[],"product_cat":[234,235,236,239,246,255,276],"product_tag":[],"class_list":{"0":"post-5266","1":"product","2":"type-product","3":"status-publish","4":"has-post-thumbnail","6":"product_cat-3-4-metai","7":"product_cat-5-6-metai","8":"product_cat-6-metai","9":"product_cat-daugiau-zaislu-ir-zaidimu","10":"product_cat-lauko-zaislai","11":"product_cat-naujienos","12":"product_cat-zaislai-ir-zaidimai","14":"first","15":"outofstock","16":"taxable","17":"shipping-taxable","18":"product-type-simple"},"jetpack_sharing_enabled":true,"_links":{"self":[{"href":"https:\/\/b2b.mideer.lt\/lv\/wp-json\/wp\/v2\/product\/5266"}],"collection":[{"href":"https:\/\/b2b.mideer.lt\/lv\/wp-json\/wp\/v2\/product"}],"about":[{"href":"https:\/\/b2b.mideer.lt\/lv\/wp-json\/wp\/v2\/types\/product"}],"wp:featuredmedia":[{"embeddable":true,"href":"https:\/\/b2b.mideer.lt\/lv\/wp-json\/wp\/v2\/media\/5267"}],"wp:attachment":[{"href":"https:\/\/b2b.mideer.lt\/lv\/wp-json\/wp\/v2\/media?parent=5266"}],"wp:term":[{"taxonomy":"product_brand","embeddable":true,"href":"https:\/\/b2b.mideer.lt\/lv\/wp-json\/wp\/v2\/product_brand?post=5266"},{"taxonomy":"product_cat","embeddable":true,"href":"https:\/\/b2b.mideer.lt\/lv\/wp-json\/wp\/v2\/product_cat?post=5266"},{"taxonomy":"product_tag","embeddable":true,"href":"https:\/\/b2b.mideer.lt\/lv\/wp-json\/wp\/v2\/product_tag?post=5266"}],"curies":[{"name":"wp","href":"https:\/\/api.w.org\/{rel}","templated":true}]}}