{"id":5260,"date":"2025-05-06T18:14:25","date_gmt":"2025-05-06T18:14:25","guid":{"rendered":"https:\/\/b2b.mideer.lt\/?post_type=product&#038;p=5260"},"modified":"2026-04-03T22:02:59","modified_gmt":"2026-04-03T22:02:59","slug":"kurybinis-gamtos-meno-rinkinys","status":"publish","type":"product","link":"https:\/\/b2b.mideer.lt\/lv\/product\/kurybinis-gamtos-meno-rinkinys\/","title":{"rendered":"Rado\u0161a dabas m\u0101kslas kolekcija"},"content":{"rendered":"<p>Atkl\u0101jiet dabas skaistumu ar \u0161o mideer rado\u0161o dabas m\u0101kslas komplektu. \u0160is ziedu pres\u0113\u0161anas komplekts \u013caus jums iem\u016b\u017ein\u0101t ziedu maigo \u0161armu un p\u0101rv\u0113rst tos iespaid\u012bgos m\u0101kslas darbos. Pateicoties integr\u0113taj\u0101m Velcro siksni\u0146\u0101m, j\u016bs var\u0113siet viegli izspiest un uzglab\u0101t savus iecien\u012bt\u0101kos ziedus, radot unik\u0101lus dekorus j\u016bsu m\u0101jai vai d\u0101vanas \u0123imenei un draugiem. \u013baujiet va\u013cu savai izt\u0113lei un dodieties neierobe\u017eot\u0101 ziedu m\u0101kslas pasaul\u0113 ar mideer rado\u0161o dabas m\u0101kslas komplektu.<\/p>\n<ul>\n<li data-sourcepos=\"5:1-5:64\">Saglab\u0101t dabas skaistumu.<\/li>\n<li data-sourcepos=\"6:1-6:66\">Viegli piespiediet ziedus, izmantojot integr\u0113t\u0101s Velcro siksni\u0146as.<\/li>\n<li data-sourcepos=\"7:1-7:77\">Izveidojiet satrieco\u0161us ziedu m\u0101kslas darbus un jaukas piemi\u0146as lietas.<\/li>\n<li data-sourcepos=\"8:1-8:58\">Lieliski piem\u0113rots jaunajiem m\u0101ksliniekiem un dabas m\u012b\u013cot\u0101jiem.<\/li>\n<li data-sourcepos=\"9:1-10:0\">Atbr\u012bvojiet savu rado\u0161umu un izp\u0113tiet nebeidzam\u0101s iesp\u0113jas.<\/li>\n<\/ul>\n<ul>\n<li><strong>Ieteicamais vecums:<\/strong> 3+<\/li>\n<li><strong>Kastes izm\u0113ri:<\/strong> 22,5 x 20,4 x 4,2 cm<\/li>\n<li><strong>Komplekt\u0101 ietilpst:\u00a0<\/strong>2x koka pl\u0101ksnes, 1x gofr\u0113ts pap\u012brs, 9x rado\u0161\u0101s m\u0101kslas kart\u012btes, 3x absorb\u0113jo\u0161s pap\u012brs, lieto\u0161anas instrukcija, Velcro siksni\u0146as, Kraft pap\u012bra st\u016bru uzl\u012bmes, koka pincete, abpus\u0113ji l\u012bm\u0113jams z\u012bmulis.<\/li>\n<\/ul>","protected":false},"excerpt":{"rendered":"<p>Atkl\u0101jiet dabas skaistumu ar \u0161o mideer rado\u0161o dabas m\u0101kslas komplektu. \u0160is ziedu pres\u0113\u0161anas komplekts \u013caus jums iem\u016b\u017ein\u0101t ziedu maigo \u0161armu un p\u0101rv\u0113rst tos iespaid\u012bgos m\u0101kslas darbos. Pateicoties integr\u0113taj\u0101m Velcro siksni\u0146\u0101m, j\u016bs var\u0113siet viegli izspiest un uzglab\u0101t savus iecien\u012bt\u0101kos ziedus, radot unik\u0101lus dekorus j\u016bsu m\u0101jai vai d\u0101vanas \u0123imenei un draugiem. \u013baujiet va\u013cu savai izt\u0113lei un dodieties neierobe\u017eot\u0101 ziedu m\u0101kslas pasaul\u0113 ar mideer rado\u0161o dabas m\u0101kslas komplektu. Saglab\u0101jiet dabas skaistumu. Viegli saspiediet ziedus, izmantojot integr\u0113t\u0101s Velcro siksni\u0146as. Izveidojiet satrieco\u0161us floristikas m\u0101kslas darbus un jaukas piemi\u0146as lietas. Ide\u0101li piem\u0113rots jaunajiem m\u0101ksliniekiem un dabas m\u012b\u013cot\u0101jiem. Atp\u016btiet savu rado\u0161umu un atkl\u0101jiet nebeidzam\u0101s iesp\u0113jas. Ieteicamais vecums: 3+ Kastes izm\u0113ri: 22,5 x 20,4 x 4,2 cm Komplekt\u0101 ietilpst: 2x koka pl\u0101ksnes, 1x gofr\u0113ts pap\u012brs, 9x rado\u0161\u0101s m\u0101kslas kartes, 3x absorb\u0113jo\u0161s pap\u012brs, instrukcija, Velcro siksni\u0146as, kraftpap\u012bra st\u016bru uzl\u012bmes, koka pincete, abpus\u0113jas l\u012bmes z\u012bmulis.<\/p>","protected":false},"featured_media":5261,"template":"","meta":[],"product_brand":[],"product_cat":[234,235,236,242,245,246,250,252,255,263,275],"product_tag":[],"class_list":{"0":"post-5260","1":"product","2":"type-product","3":"status-publish","4":"has-post-thumbnail","6":"product_cat-3-4-metai","7":"product_cat-5-6-metai","8":"product_cat-6-metai","9":"product_cat-dovanu-idejos","10":"product_cat-kurybiniu-uzduociu-knygeles","11":"product_cat-lauko-zaislai","12":"product_cat-menai-ir-kurybiniai-uzsiemimai","13":"product_cat-meno-reikmenys","14":"product_cat-naujienos","15":"product_cat-pasidaryk-pats","16":"product_cat-visos-meno-prekes","18":"first","19":"instock","20":"taxable","21":"shipping-taxable","22":"product-type-simple"},"jetpack_sharing_enabled":true,"_links":{"self":[{"href":"https:\/\/b2b.mideer.lt\/lv\/wp-json\/wp\/v2\/product\/5260"}],"collection":[{"href":"https:\/\/b2b.mideer.lt\/lv\/wp-json\/wp\/v2\/product"}],"about":[{"href":"https:\/\/b2b.mideer.lt\/lv\/wp-json\/wp\/v2\/types\/product"}],"wp:featuredmedia":[{"embeddable":true,"href":"https:\/\/b2b.mideer.lt\/lv\/wp-json\/wp\/v2\/media\/5261"}],"wp:attachment":[{"href":"https:\/\/b2b.mideer.lt\/lv\/wp-json\/wp\/v2\/media?parent=5260"}],"wp:term":[{"taxonomy":"product_brand","embeddable":true,"href":"https:\/\/b2b.mideer.lt\/lv\/wp-json\/wp\/v2\/product_brand?post=5260"},{"taxonomy":"product_cat","embeddable":true,"href":"https:\/\/b2b.mideer.lt\/lv\/wp-json\/wp\/v2\/product_cat?post=5260"},{"taxonomy":"product_tag","embeddable":true,"href":"https:\/\/b2b.mideer.lt\/lv\/wp-json\/wp\/v2\/product_tag?post=5260"}],"curies":[{"name":"wp","href":"https:\/\/api.w.org\/{rel}","templated":true}]}}