{"id":5256,"date":"2025-05-06T18:08:53","date_gmt":"2025-05-06T18:08:53","guid":{"rendered":"https:\/\/b2b.mideer.lt\/?post_type=product&#038;p=5256"},"modified":"2026-04-22T07:31:24","modified_gmt":"2026-04-22T07:31:24","slug":"nesipainiojanti-reguliuojamo-ilgio-sokdyne","status":"publish","type":"product","link":"https:\/\/b2b.mideer.lt\/lv\/product\/nesipainiojanti-reguliuojamo-ilgio-sokdyne\/","title":{"rendered":"Regul\u0113jama garuma trieciena aukla, kas nesavelkas"},"content":{"rendered":"<p data-sourcepos=\"5:1-5:211\">\u0160is mideer jumper s\u0113deklis ir izstr\u0101d\u0101ts, dom\u0101jot par komfortu un efektivit\u0101ti. T\u0101\u00a0<strong>segment\u0113ta konstrukcija<\/strong> ar bambusa imit\u0101cijas p\u0113rl\u012bt\u0113m ne\u013cauj deju gr\u012bdai sap\u012bties, lai j\u016bs var\u0113tu baud\u012bt nep\u0101rtrauktu treni\u0146u.<\/p>\n<p data-sourcepos=\"7:1-7:155\">\u012apa\u0161i <strong>\u012bk\u0161\u0137a pozicion\u0113\u0161anas gredzens<\/strong> uz rokturiem pal\u012bdz b\u0113rniem pareizi satvert lecamauklu, \u013caujot vi\u0146iem \u0101tri un p\u0101rliecino\u0161i p\u0101rl\u0113kt p\u0101ri virvei.<\/p>\n<p data-sourcepos=\"7:1-7:155\">Dejo\u0161ana <strong>garums ir regul\u0113jams<\/strong>t\u0101p\u0113c to var piel\u0101got jebkuram augstumam. Komplekt\u0101 ietilpst <strong>integr\u0113ts pap\u012bra line\u0101ls<\/strong>\u013cauj prec\u012bzi izm\u0113r\u012bt un regul\u0113t auklas garumu.<\/p>\n<p data-sourcepos=\"9:1-9:131\">Deju gr\u012bda ir <strong>ultra viegls<\/strong> (tikai 130 g), t\u0101p\u0113c to ir viegli pagriezt, samazinot plaukstas sasprindzin\u0101jumu un \u013caujot l\u0113kt ar maz\u0101ku piep\u016bli.<\/p>\n<p data-sourcepos=\"18:1-18:173\">\u0160\u012b bambusa stila segment\u0113t\u0101 lecamaukla ir lieliska izv\u0113le gan ies\u0101c\u0113jiem, gan pieredz\u0113ju\u0161iem lec\u0113jiem, kuri v\u0113las \u0113rtu un efekt\u012bvu treni\u0146u r\u012bku.<\/p>\n<ul>\n<li data-sourcepos=\"18:1-18:173\"><strong>Ieteicamais vecums:<\/strong> 3+<\/li>\n<li data-sourcepos=\"18:1-18:173\"><strong>Garums: <\/strong>2,8m<\/li>\n<li data-sourcepos=\"18:1-18:173\"><strong>Materi\u0101ls: <\/strong>PVC<\/li>\n<\/ul>","protected":false},"excerpt":{"rendered":"<p>\u0160i mideer \u0161okdyn\u0117 sukurta galvojant apie patogum\u0105 ir efektyvum\u0105. Jos\u00a0segmentuotas dizainas su bambuko imitacijos karoliukais neleid\u017eia \u0161okdynei susipainioti, tod\u0117l gal\u0117site m\u0117gautis nepertraukiamomis treniruot\u0117mis. Specialus nyk\u0161\u010dio pozicionavimo \u017eiedas ant ranken\u0173 padeda vaikams taisyklingai suimti \u0161okdyn\u0119, leid\u017eiant jiems greitai ir u\u017etikrintai per\u0161okti virvut\u0119. \u0160okdyn\u0117s ilgis yra reguliuojamas, tod\u0117l j\u0105 galima pritaikyti bet kokiam \u016bgiui. Rinkinyje yra integruota popierin\u0117 liniuot\u0117, leid\u017eianti tiksliai i\u0161matuoti ir sureguliuoti virvut\u0117s ilg\u012f. \u0160okdyn\u0117 yra itin lengva (vos 130g), tod\u0117l j\u0105 lengva sukti, suma\u017einant rie\u0161o \u012ftamp\u0105 ir leid\u017eiant \u0161okin\u0117ti su ma\u017eiau pastang\u0173. \u0160i bambuko stiliaus segmentin\u0117 \u0161okdyn\u0117 yra puikus pasirinkimas tiek pradedantiesiems, tiek patyrusiems \u0161okin\u0117tojams, norintiems patogios ir efektyvios treniruo\u010di\u0173 priemon\u0117s. Rekomenduojamas am\u017eius: 3+ Ilgis: 2,8m Med\u017eiaga: PVC<\/p>","protected":false},"featured_media":5257,"template":"","meta":[],"product_brand":[],"product_cat":[234,235,236,239,246,255,276],"product_tag":[],"class_list":{"0":"post-5256","1":"product","2":"type-product","3":"status-publish","4":"has-post-thumbnail","6":"product_cat-3-4-metai","7":"product_cat-5-6-metai","8":"product_cat-6-metai","9":"product_cat-daugiau-zaislu-ir-zaidimu","10":"product_cat-lauko-zaislai","11":"product_cat-naujienos","12":"product_cat-zaislai-ir-zaidimai","14":"first","15":"instock","16":"taxable","17":"shipping-taxable","18":"product-type-simple"},"jetpack_sharing_enabled":true,"_links":{"self":[{"href":"https:\/\/b2b.mideer.lt\/lv\/wp-json\/wp\/v2\/product\/5256"}],"collection":[{"href":"https:\/\/b2b.mideer.lt\/lv\/wp-json\/wp\/v2\/product"}],"about":[{"href":"https:\/\/b2b.mideer.lt\/lv\/wp-json\/wp\/v2\/types\/product"}],"wp:featuredmedia":[{"embeddable":true,"href":"https:\/\/b2b.mideer.lt\/lv\/wp-json\/wp\/v2\/media\/5257"}],"wp:attachment":[{"href":"https:\/\/b2b.mideer.lt\/lv\/wp-json\/wp\/v2\/media?parent=5256"}],"wp:term":[{"taxonomy":"product_brand","embeddable":true,"href":"https:\/\/b2b.mideer.lt\/lv\/wp-json\/wp\/v2\/product_brand?post=5256"},{"taxonomy":"product_cat","embeddable":true,"href":"https:\/\/b2b.mideer.lt\/lv\/wp-json\/wp\/v2\/product_cat?post=5256"},{"taxonomy":"product_tag","embeddable":true,"href":"https:\/\/b2b.mideer.lt\/lv\/wp-json\/wp\/v2\/product_tag?post=5256"}],"curies":[{"name":"wp","href":"https:\/\/api.w.org\/{rel}","templated":true}]}}