{"id":5208,"date":"2025-04-06T08:53:00","date_gmt":"2025-04-06T08:53:00","guid":{"rendered":"https:\/\/b2b.mideer.lt\/?post_type=product&#038;p=5208"},"modified":"2026-04-06T22:03:12","modified_gmt":"2026-04-06T22:03:12","slug":"magisko-smelio-zaidimo-rinkinys","status":"publish","type":"product","link":"https:\/\/b2b.mideer.lt\/lv\/product\/magisko-smelio-zaidimo-rinkinys\/","title":{"rendered":"Burvju smil\u0161u sp\u0113\u013cu komplekts"},"content":{"rendered":"<p data-sourcepos=\"5:1-5:358\">Atkl\u0101jiet nebeidzam\u0101s rado\u0161\u0101s iesp\u0113jas ar Mideer Magic Sand komplektu! \u0160is lieliskais komplekts, kas paredz\u0113ts mazajiem b\u016bv\u0113t\u0101jiem vecum\u0101 no 3 gadiem, \u013caus vi\u0146u izt\u0113lei atdz\u012bvoties, veidojot iespaid\u012bgas smil\u0161u pilis un fantastiskus rad\u012bjumus. L\u012bdz 2 kg augstas kvalit\u0101tes, viegli veidojamas burvju smiltis un 25 aizraujo\u0161i aksesu\u0101ri nodro\u0161in\u0101s stund\u0101m ilgu jautru un izgl\u012btojo\u0161u rota\u013cu.<\/p>\n<p data-sourcepos=\"7:1-7:281\"><strong>Izcila funkcija!<\/strong> M\u016bsu burvju smiltis ir <strong>\u016bdensiztur\u012bgs<\/strong>lai jautr\u012bba var\u0113tu turpin\u0101ties ar\u012b \u016bden\u012b! Izgatavots no dab\u012bga bi\u0161u vaska, tas ir dro\u0161s, bez smar\u017eas un neatst\u0101j lip\u012bgas rokas. \u0112rts n\u0113s\u0101\u0161anas dizains \u013cauj rado\u0161uma prieku \u0146emt visur l\u012bdzi!<\/p>\n<p data-sourcepos=\"9:1-9:45\"><strong>K\u0101p\u0113c izv\u0113l\u0113ties Mideer Magic Sand?<\/strong><\/p>\n<ul data-sourcepos=\"11:1-17:0\">\n<li data-sourcepos=\"11:1-11:38\"><strong>Att\u012bsta rado\u0161umu un izt\u0113li.<\/strong><\/li>\n<li data-sourcepos=\"12:1-12:57\"><strong>Stimul\u0113 s\u012bko motoriku un taustes saj\u016btas.<\/strong><\/li>\n<li data-sourcepos=\"13:1-13:60\"><strong>Dro\u0161as un t\u012bras rota\u013cas ar dab\u012bgiem materi\u0101liem.<\/strong><\/li>\n<li data-sourcepos=\"14:1-14:53\"><strong>Sp\u0113l\u0113jiet uz sauszemes un \u016bden\u012b!<\/strong><\/li>\n<li data-sourcepos=\"15:1-15:40\"><strong>Lielisks komplekts ar daudziem piederumiem.<\/strong><\/li>\n<li data-sourcepos=\"16:1-17:0\"><strong>Viegli transport\u0113jams un uzglab\u0101jams.<\/strong><\/li>\n<\/ul>\n<p data-sourcepos=\"18:1-18:97\">Sniedziet savam b\u0113rnam ne tikai jautras, bet ar\u012b noder\u012bgas rota\u013cas ar Mideer Magic Sand komplektu!<\/p>\n<ul>\n<li data-sourcepos=\"18:1-18:97\"><strong>Ieteicamais vecums:<\/strong> 3+<\/li>\n<li data-sourcepos=\"18:1-18:97\"><strong>Kastes izm\u0113ri: <\/strong>40 cm x 40 cm x 9 cm<\/li>\n<\/ul>","protected":false},"excerpt":{"rendered":"<p>Atkl\u0101jiet nebeidzam\u0101s rado\u0161\u0101s iesp\u0113jas ar Mideer Magic Sand komplektu! \u0160is lieliskais komplekts, kas paredz\u0113ts mazajiem b\u016bv\u0113t\u0101jiem vecum\u0101 no 3 gadiem, \u013caus vi\u0146u izt\u0113lei atdz\u012bvoties, veidojot iespaid\u012bgas smil\u0161u pilis un fantastiskus rad\u012bjumus. L\u012bdz 2 kg augstas kvalit\u0101tes, viegli veidojamas burvju smiltis un 25 aizraujo\u0161i aksesu\u0101ri nodro\u0161in\u0101s stund\u0101m ilgu jautru un izgl\u012btojo\u0161u rota\u013cu. Izcila \u012bpa\u0161\u012bba! M\u016bsu burvju smiltis ir \u016bdensnecaurlaid\u012bgas, t\u0101p\u0113c jautr\u012bba var turpin\u0101ties pat \u016bden\u012b! T\u0101s ir izgatavotas no dab\u012bga bi\u0161u vaska, t\u0101p\u0113c ir dro\u0161as, bez smar\u017eas un neatst\u0101j lip\u012bgas rokas. \u0112rts p\u0101rn\u0113s\u0101\u0161anas dizains \u013cauj rado\u0161uma prieku \u0146emt visur l\u012bdzi! K\u0101p\u0113c izv\u0113l\u0113ties Mideer Magic Sand? Att\u012bsta rado\u0161umu un izt\u0113li. Stimul\u0113 s\u012bko motoriku un taustes saj\u016btas. Dro\u0161a un t\u012bra sp\u0113le ar dab\u012bgiem materi\u0101liem. Var sp\u0113l\u0113t gan uz sauszemes, gan \u016bden\u012b! Lielisks komplekts ar daudziem piederumiem. Viegli transport\u0113jams un uzglab\u0101jams. Nodro\u0161iniet b\u0113rnam ne tikai jautras, bet ar\u012b noder\u012bgas rota\u013cas ar Mideer Magic Sand komplektu! Ieteicamais vecums: 3+ Kastes izm\u0113ri: 40 cm x 40 cm x 9 cm.<\/p>","protected":false},"featured_media":5209,"template":"","meta":[],"product_brand":[],"product_cat":[234,235,242,246,255,276],"product_tag":[],"class_list":{"0":"post-5208","1":"product","2":"type-product","3":"status-publish","4":"has-post-thumbnail","6":"product_cat-3-4-metai","7":"product_cat-5-6-metai","8":"product_cat-dovanu-idejos","9":"product_cat-lauko-zaislai","10":"product_cat-naujienos","11":"product_cat-zaislai-ir-zaidimai","13":"first","14":"instock","15":"taxable","16":"shipping-taxable","17":"product-type-simple"},"jetpack_sharing_enabled":true,"_links":{"self":[{"href":"https:\/\/b2b.mideer.lt\/lv\/wp-json\/wp\/v2\/product\/5208"}],"collection":[{"href":"https:\/\/b2b.mideer.lt\/lv\/wp-json\/wp\/v2\/product"}],"about":[{"href":"https:\/\/b2b.mideer.lt\/lv\/wp-json\/wp\/v2\/types\/product"}],"wp:featuredmedia":[{"embeddable":true,"href":"https:\/\/b2b.mideer.lt\/lv\/wp-json\/wp\/v2\/media\/5209"}],"wp:attachment":[{"href":"https:\/\/b2b.mideer.lt\/lv\/wp-json\/wp\/v2\/media?parent=5208"}],"wp:term":[{"taxonomy":"product_brand","embeddable":true,"href":"https:\/\/b2b.mideer.lt\/lv\/wp-json\/wp\/v2\/product_brand?post=5208"},{"taxonomy":"product_cat","embeddable":true,"href":"https:\/\/b2b.mideer.lt\/lv\/wp-json\/wp\/v2\/product_cat?post=5208"},{"taxonomy":"product_tag","embeddable":true,"href":"https:\/\/b2b.mideer.lt\/lv\/wp-json\/wp\/v2\/product_tag?post=5208"}],"curies":[{"name":"wp","href":"https:\/\/api.w.org\/{rel}","templated":true}]}}