{"id":5204,"date":"2025-04-05T08:49:35","date_gmt":"2025-04-05T08:49:35","guid":{"rendered":"https:\/\/b2b.mideer.lt\/?post_type=product&#038;p=5204"},"modified":"2026-04-20T07:30:36","modified_gmt":"2026-04-20T07:30:36","slug":"level-up-delioniu-rinkinys-8-lygis-istorijos-muziejus","status":"publish","type":"product","link":"https:\/\/b2b.mideer.lt\/lv\/product\/level-up-delioniu-rinkinys-8-lygis-istorijos-muziejus\/","title":{"rendered":"L\u012bme\u0146u komplekts - 8. l\u012bmenis - V\u0113stures muzejs"},"content":{"rendered":"<p>\"Mideer Level Up! M\u012bklu s\u0113rija, kas izstr\u0101d\u0101ta, lai stimul\u0113tu b\u0113rnu intelektu\u0101lo att\u012bst\u012bbu un stimul\u0113tu smadze\u0146u darb\u012bbu visos aspektos, sast\u0101v no 8 l\u012bme\u0146iem. Katr\u0101 l\u012bmen\u012b palielin\u0101s puzles gabali\u0146u skaits, s\u0101kot no vienk\u0101r\u0161iem dz\u012bvniekiem l\u012bdz sare\u017e\u0123\u012bt\u0101m ain\u0101m, soli pa solim uzlabojot b\u0113rnu izzi\u0146as sp\u0113jas. Da\u017e\u0101die m\u0101kslas stili stimul\u0113 b\u0113rnu izt\u0113li, savuk\u0101rt glud\u0101s un as\u0101s malas nodro\u0161ina dro\u0161u roku lieto\u0161anu rota\u013cu un m\u0101c\u012b\u0161an\u0101s laik\u0101.<\/p>\n<p><strong>8. l\u012bmenis: <\/strong>\"V\u0113stures muzeja\" tematiskajam komplektam ir 2 puzles kast\u0113, un taj\u0101 ir att\u0113lots aizraujo\u0161s dabas un fantastisku ainu apvienojums.<\/p>\n<ul>\n<li><strong>Am\u017eius:<\/strong> 7+<\/li>\n<li><strong>D\u0117\u017eut\u0117s matmenys:<\/strong> 19,2 cm x 22,5 cm x 12,5 cm<\/li>\n<li><strong>Tostarp: <\/strong>2 puzles, 2 glab\u0101\u0161anas maisi\u0146i, 1 atsauce, 1 sertifik\u0101ts, 1 motiv\u0101cijas uzl\u012bme<\/li>\n<li><strong>Da\u013cu skaits: <\/strong>280 da\u013cas, 330 da\u013cas<\/li>\n<li><strong>Saloc\u012bt\u0101s puzles izm\u0113rs:<\/strong> 42,3 cm x 28,5 cm<\/li>\n<li><strong>Materi\u0101ls:<\/strong> P\u0101rtikai paredz\u0113ts biezs kartons, kas apdruk\u0101ts ar sojas b\u0101zes tinti.<\/li>\n<\/ul>","protected":false},"excerpt":{"rendered":"<p>\u201eMideer Level Up! D\u0117lion\u0117s\u201c serija, skirta vaik\u0173 intelektiniam vystymuisi ir smegen\u0173 stimuliacijai visais aspektais, susideda i\u0161 8 lygi\u0173. Kiekviename lygyje d\u0117lion\u0117s dali\u0173 skai\u010dius did\u0117ja, nuo paprast\u0173 gyv\u016bn\u0173 iki sud\u0117ting\u0173 scen\u0173, \u017eingsniu po \u017eingsnio gerinant vaik\u0173 pa\u017einim\u0105. \u012evair\u016bs meno stiliai \u017eadina vaik\u0173 vaizduot\u0119, o lyg\u016bs bei be a\u0161tri\u0173 kra\u0161t\u0173 kra\u0161tai u\u017etikrina saug\u0173 rank\u0173 naudojim\u0105 \u017eaid\u017eiant ir mokantis. 8 lygis: &#8220;Istorijos muziejus&#8221; temos rinkinys turi 2 d\u0117liones vienoje d\u0117\u017eut\u0117je ir vaizduoja \u0161urmuliuojant\u012f nat\u016brali\u0173 ir fantastini\u0173 scen\u0173 mi\u0161in\u012f. Am\u017eius: 7+ D\u0117\u017eut\u0117s matmenys: 19,2 cm x 22,5 cm x 12,5 cm \u012eskaitant: 2 d\u0117liones, 2 laikymo mai\u0161elius, 1 nuorod\u0105, 1 sertifikat\u0105, 1 paskatinam\u0105j\u012f lipduk\u0105 Dali\u0173 skai\u010dius: 280 dali\u0173, 330 dali\u0173 Surinktos d\u0117lion\u0117s dydis: 42,3 cm x 28,5 cm Med\u017eiaga: Maistin\u0117s kokyb\u0117s, storas kartonas, spausdintas soj\u0173 pagrindu pagamintu ra\u0161alu<\/p>","protected":false},"featured_media":5205,"template":"","meta":[],"product_brand":[],"product_cat":[236,240,242,244,247,258,277,274],"product_tag":[61,30,17,63,40,33,64,65,87,20,36,181,67,68,22,132,76,70],"class_list":{"0":"post-5204","1":"product","2":"type-product","3":"status-publish","4":"has-post-thumbnail","6":"product_cat-6-metai","7":"product_cat-deliones","8":"product_cat-dovanu-idejos","9":"product_cat-kas-populiaru","10":"product_cat-level-up-deliones","11":"product_cat-nuo-100-iki-300-daliu","12":"product_cat-smart-products-filter-index-do-not-delete","13":"product_cat-visos-deliones","14":"product_tag-100-to-300-pieces","15":"product_tag-2023-new-in","16":"product_tag-age-5-6-years","17":"product_tag-best","18":"product_tag-best-sellers","19":"product_tag-delione","20":"product_tag-deliones-vaikams","21":"product_tag-deliones-vaikui","22":"product_tag-fantasy-magic","23":"product_tag-gift","24":"product_tag-kol-koc","25":"product_tag-level-up-puzzles","26":"product_tag-puzle","27":"product_tag-puzzles","28":"product_tag-regular-sale","29":"product_tag-transporto-priemones","30":"product_tag-us-warehouse","31":"product_tag-vaikiska-delione","33":"first","34":"instock","35":"taxable","36":"shipping-taxable","37":"product-type-simple"},"jetpack_sharing_enabled":true,"_links":{"self":[{"href":"https:\/\/b2b.mideer.lt\/lv\/wp-json\/wp\/v2\/product\/5204"}],"collection":[{"href":"https:\/\/b2b.mideer.lt\/lv\/wp-json\/wp\/v2\/product"}],"about":[{"href":"https:\/\/b2b.mideer.lt\/lv\/wp-json\/wp\/v2\/types\/product"}],"wp:featuredmedia":[{"embeddable":true,"href":"https:\/\/b2b.mideer.lt\/lv\/wp-json\/wp\/v2\/media\/5205"}],"wp:attachment":[{"href":"https:\/\/b2b.mideer.lt\/lv\/wp-json\/wp\/v2\/media?parent=5204"}],"wp:term":[{"taxonomy":"product_brand","embeddable":true,"href":"https:\/\/b2b.mideer.lt\/lv\/wp-json\/wp\/v2\/product_brand?post=5204"},{"taxonomy":"product_cat","embeddable":true,"href":"https:\/\/b2b.mideer.lt\/lv\/wp-json\/wp\/v2\/product_cat?post=5204"},{"taxonomy":"product_tag","embeddable":true,"href":"https:\/\/b2b.mideer.lt\/lv\/wp-json\/wp\/v2\/product_tag?post=5204"}],"curies":[{"name":"wp","href":"https:\/\/api.w.org\/{rel}","templated":true}]}}