{"id":5197,"date":"2025-04-04T11:17:27","date_gmt":"2025-04-04T11:17:27","guid":{"rendered":"https:\/\/b2b.mideer.lt\/?post_type=product&#038;p=5197"},"modified":"2026-04-07T07:31:40","modified_gmt":"2026-04-07T07:31:40","slug":"akriliniai-markeriai-su-skysto-rasalo-uzpildu-36-spalvos","status":"publish","type":"product","link":"https:\/\/b2b.mideer.lt\/lv\/product\/akriliniai-markeriai-su-skysto-rasalo-uzpildu-36-spalvos\/","title":{"rendered":"Akrila mar\u0137ieri ar \u0161\u0137idr\u0101s tintes uzpildi un m\u012bkstu uzgal\u012bti - 36 kr\u0101sas"},"content":{"rendered":"<p data-sourcepos=\"1:1-1:685\">mideer akrila mar\u0137ieri ar \u0161\u0137idras tintes uzpildi, apr\u012bkoti ar inteli\u0123entu tintes kontroles sist\u0113mu, kas nodro\u0161ina vienm\u0113r\u012bgu p\u0101rkl\u0101jumu un nov\u0113r\u0161 tintes izpl\u016b\u0161anu. 0,5-5 mm neilona m\u012bkstais otas uzgalis vienm\u0113r\u012bgam un gludam z\u012bm\u0113jumam. Ar \u0161o komplektu varat veidot m\u0101kslas darbus uz da\u017e\u0101d\u0101m virsm\u0101m, piem\u0113ram, petroglifiem, keramikas, stikla, koka, auduma, akmens, met\u0101la, plastmasas, Ziemassv\u0113tku rot\u0101jumiem, Helov\u012bna z\u012bm\u0113jumiem, dzim\u0161anas dienas d\u0101van\u0101m vai jebkura DIY projekta. Visas kr\u0101sas ir spilgtas un bag\u0101t\u012bgas. T\u0101s var izmantot ar\u012b daudzsl\u0101\u0146u kr\u0101su kombin\u0101cij\u0101m. Kr\u0101sas neizbal\u0113 un neizpl\u016bst caur pap\u012bru.<\/p>\n<ul data-sourcepos=\"3:1-9:31\">\n<li data-sourcepos=\"3:1-3:18\"><strong>Am\u017eius:<\/strong> 4+<\/li>\n<li data-sourcepos=\"4:1-4:52\"><strong>D\u0117\u017eut\u0117s matmenys:<\/strong> 15,80 cm x 13,80 cm x 4,60 cm<\/li>\n<li data-sourcepos=\"5:1-5:39\"><strong>Ietver:<\/strong> 36 mar\u0137ieri<\/li>\n<li data-sourcepos=\"6:1-6:46\"><strong>Materi\u0101ls:<\/strong> Plastmasa, tinte, kartons<\/li>\n<li data-sourcepos=\"7:1-7:54\"><strong>Izm\u0113rs uz mar\u0137iera:<\/strong> 13,5 cm x 1,1 cm x 1,1 cm x 1,1 cm<\/li>\n<li data-sourcepos=\"8:1-8:19\"><strong>Spalvos:<\/strong> 36<\/li>\n<li data-sourcepos=\"9:1-9:31\"><strong>Funkcija:<\/strong> Sl\u0101\u0146o\u0161ana<\/li>\n<\/ul>","protected":false},"excerpt":{"rendered":"<p>mideer akriliniai markeriai su skysto ra\u0161alo u\u017epildu, apr\u016bpinti i\u0161mania ra\u0161alo kontrol\u0117s sistema, u\u017etikrinan\u010dia tolyg\u0173 padengim\u0105 ir neleid\u017eian\u010dia ra\u0161alui pratek\u0117ti. 0,5\u20135 mm nailono mink\u0161tas \u0161epet\u0117lio galiukas, u\u017etikrinantis skland\u0173 ir tolyg\u0173 pie\u0161im\u0105. \u0160is rinkinys leid\u017eia kurti meninius darbus ant \u012fvairi\u0173 pavir\u0161i\u0173, toki\u0173 kaip petroglifai, keramika, stiklas, medis, audinys, akmuo, metalas, plastikas, kal\u0117din\u0117s dekoracijos, Helovino pie\u0161iniai, gimtadienio dovanos ar bet kokie \u201epasidaryk pats\u201c projektai. Visos spalvos yra ry\u0161kios ir sodrios. Taip pat gali b\u016bti naudojami daugiasluoksniam spalv\u0173 derinimui. Spalvos neblunka ir nepersisunkia per popieri\u0173. Am\u017eius: 4+ D\u0117\u017eut\u0117s matmenys: 15.80 cm x 13.80 cm x 4.60 cm \u012e komplekt\u0105 \u012feina: 36 \u017eymekliai Med\u017eiaga: Plastikas, ra\u0161alas, kartonas Vieno markerio dydis: 13,5 cm x 1,1 cm x 1,1 cm Spalvos: 36 Ypatyb\u0117: Sluoksniavimas<\/p>","protected":false},"featured_media":5198,"template":"","meta":[],"product_brand":[],"product_cat":[234,235,236,244,250,252,254,255,268,275],"product_tag":[],"class_list":{"0":"post-5197","1":"product","2":"type-product","3":"status-publish","4":"has-post-thumbnail","6":"product_cat-3-4-metai","7":"product_cat-5-6-metai","8":"product_cat-6-metai","9":"product_cat-kas-populiaru","10":"product_cat-menai-ir-kurybiniai-uzsiemimai","11":"product_cat-meno-reikmenys","12":"product_cat-mokyklos-reikmenys","13":"product_cat-naujienos","14":"product_cat-spalvinimo-priemones","15":"product_cat-visos-meno-prekes","17":"first","18":"instock","19":"taxable","20":"shipping-taxable","21":"product-type-simple"},"jetpack_sharing_enabled":true,"_links":{"self":[{"href":"https:\/\/b2b.mideer.lt\/lv\/wp-json\/wp\/v2\/product\/5197"}],"collection":[{"href":"https:\/\/b2b.mideer.lt\/lv\/wp-json\/wp\/v2\/product"}],"about":[{"href":"https:\/\/b2b.mideer.lt\/lv\/wp-json\/wp\/v2\/types\/product"}],"wp:featuredmedia":[{"embeddable":true,"href":"https:\/\/b2b.mideer.lt\/lv\/wp-json\/wp\/v2\/media\/5198"}],"wp:attachment":[{"href":"https:\/\/b2b.mideer.lt\/lv\/wp-json\/wp\/v2\/media?parent=5197"}],"wp:term":[{"taxonomy":"product_brand","embeddable":true,"href":"https:\/\/b2b.mideer.lt\/lv\/wp-json\/wp\/v2\/product_brand?post=5197"},{"taxonomy":"product_cat","embeddable":true,"href":"https:\/\/b2b.mideer.lt\/lv\/wp-json\/wp\/v2\/product_cat?post=5197"},{"taxonomy":"product_tag","embeddable":true,"href":"https:\/\/b2b.mideer.lt\/lv\/wp-json\/wp\/v2\/product_tag?post=5197"}],"curies":[{"name":"wp","href":"https:\/\/api.w.org\/{rel}","templated":true}]}}