{"id":5183,"date":"2025-04-02T13:15:36","date_gmt":"2025-04-02T13:15:36","guid":{"rendered":"https:\/\/b2b.mideer.lt\/?post_type=product&#038;p=5183"},"modified":"2026-05-10T07:29:57","modified_gmt":"2026-05-10T07:29:57","slug":"level-up-delioniu-rinkinys-2-lygis-miesto-transportas","status":"publish","type":"product","link":"https:\/\/b2b.mideer.lt\/lv\/product\/level-up-delioniu-rinkinys-2-lygis-miesto-transportas\/","title":{"rendered":"L\u012bme\u0146a paaugstin\u0101\u0161anas m\u012bklu komplekts - 3. l\u012bmenis Pils\u0113tas transports"},"content":{"rendered":"<div class=\"flex-shrink-0 flex flex-col relative items-end\">\n<div class=\"pt-0.5\">\n<div class=\"gizmo-shadow-stroke flex h-6 w-6 items-center justify-center overflow-hidden rounded-full\">\n<div class=\"relative p-1 rounded-sm h-9 w-9 text-white flex items-center justify-center\">\n<div class=\"relative p-1 rounded-sm h-9 w-9 text-white flex items-center justify-center\">\n<p data-sourcepos=\"1:1-1:448\">Mideer l\u012bme\u0146a paaugstin\u0101\u0161ana! m\u012bklu kolekcij\u0101 ir 8 l\u012bme\u0146i. Puzles gabali\u0146u skaits pieaug no l\u012bme\u0146a uz l\u012bmeni, lai atbilstu b\u0113rnu intelektu\u0101lajai att\u012bst\u012bbai un aktiviz\u0113tu visus smadze\u0146u darb\u012bbas aspektus. Att\u0113li s\u0101kas ar vienu dz\u012bvnieku un beidzas ar sare\u017e\u0123\u012bt\u0101m ain\u0101m, lai pak\u0101peniski att\u012bst\u012btu b\u0113rnu izzi\u0146as sp\u0113jas. Att\u0113li da\u017e\u0101dos m\u0101kslinieciskos stilos rosina b\u0113rnu izt\u0113li. Gludas un m\u012bkstas malas veicina dro\u0161u un interakt\u012bvu rota\u013cu un m\u0101c\u012b\u0161anos.<\/p>\n<p data-sourcepos=\"3:1-3:132\">3. l\u012bmenis: t\u0113mai \"Pils\u0113tas transports\" ir 3 puzles katr\u0101 kast\u0113, un taj\u0101 ir att\u0113lotas 3 ainas: taksometra degvielas uzpild\u012b\u0161ana, automa\u0161\u012bnas remonts un ce\u013cu b\u016bve Dz\u012bvnieku pils\u0113t\u0101.<\/p>\n<\/div>\n<div class=\"relative p-1 rounded-sm h-9 w-9 text-white flex items-center justify-center\">\n<ul>\n<li><strong>Vecums<\/strong>: 3+<\/li>\n<li><strong>Kastes izm\u0113ri<\/strong>: 19,2 cm x 22,5 cm x 12,5 cm<\/li>\n<li><strong>Da\u013cu skaits<\/strong>: 24 da\u013cas, 30 da\u013cas, 35 da\u013cas<\/li>\n<li><strong>Pieejams no<\/strong>: P\u0101rtikas kategorijas biezs kartons, apdruk\u0101ts ar sojas tinti.<\/li>\n<\/ul>\n<\/div>\n<\/div>\n<\/div>\n<\/div>\n<\/div>","protected":false},"excerpt":{"rendered":"<p>Mideer Level Up! d\u0117lioni\u0173 kolekcija turi i\u0161 viso 8 lygius. D\u0117lion\u0117s detali\u0173 skai\u010dius did\u0117ja lygmeniu po lygmens, kad atitikt\u0173 vaik\u0173 intelektualin\u012f vystym\u0105si ir aktyvuot\u0173 j\u0173 smegenis visais aspektais. Paveiksl\u0117liai prasideda nuo vieno gyv\u016bno ir baigiasi sud\u0117tingomis scenomis, kad vaik\u0173 pa\u017einimas tobul\u0117t\u0173 palaipsniui. \u012evairi\u0173 meno stili\u0173 paveiksl\u0117liai \u017eadina vaik\u0173 vaizduot\u0119. Lyg\u016bs ir \u0161veln\u016bs kra\u0161tai skatina saug\u0173 ir interaktyv\u0173 \u017eaidim\u0105 bei mokym\u0105si. 3 lygis: \u201eMiesto transportas\u201c tema turi 3 d\u0117liones vienoje d\u0117\u017eut\u0117je ir vaizduoja 3 scenas: taksi degal\u0173 papildym\u0105, automobilio remont\u0105 ir keli\u0173 tiesim\u0105 Gyv\u016bn\u0173 mieste. Am\u017eius: 3+ D\u0117\u017eut\u0117s matmenys: 19.2 cm x 22.5 cm x 12.5 cm Dali\u0173 skai\u010dius: 24 dalys, 30 dali\u0173, 35 dalys Med\u017eiaga: Maistin\u0117s kokyb\u0117s, storas kartonas, spausdintas sojos ra\u0161alu<\/p>","protected":false},"featured_media":5184,"template":"","meta":[],"product_brand":[],"product_cat":[234,235,240,247,249,255,274],"product_tag":[],"class_list":{"0":"post-5183","1":"product","2":"type-product","3":"status-publish","4":"has-post-thumbnail","6":"product_cat-3-4-metai","7":"product_cat-5-6-metai","8":"product_cat-deliones","9":"product_cat-level-up-deliones","10":"product_cat-maziau-nei-50-daliu","11":"product_cat-naujienos","12":"product_cat-visos-deliones","14":"first","15":"outofstock","16":"taxable","17":"shipping-taxable","18":"product-type-simple"},"jetpack_sharing_enabled":true,"_links":{"self":[{"href":"https:\/\/b2b.mideer.lt\/lv\/wp-json\/wp\/v2\/product\/5183"}],"collection":[{"href":"https:\/\/b2b.mideer.lt\/lv\/wp-json\/wp\/v2\/product"}],"about":[{"href":"https:\/\/b2b.mideer.lt\/lv\/wp-json\/wp\/v2\/types\/product"}],"wp:featuredmedia":[{"embeddable":true,"href":"https:\/\/b2b.mideer.lt\/lv\/wp-json\/wp\/v2\/media\/5184"}],"wp:attachment":[{"href":"https:\/\/b2b.mideer.lt\/lv\/wp-json\/wp\/v2\/media?parent=5183"}],"wp:term":[{"taxonomy":"product_brand","embeddable":true,"href":"https:\/\/b2b.mideer.lt\/lv\/wp-json\/wp\/v2\/product_brand?post=5183"},{"taxonomy":"product_cat","embeddable":true,"href":"https:\/\/b2b.mideer.lt\/lv\/wp-json\/wp\/v2\/product_cat?post=5183"},{"taxonomy":"product_tag","embeddable":true,"href":"https:\/\/b2b.mideer.lt\/lv\/wp-json\/wp\/v2\/product_tag?post=5183"}],"curies":[{"name":"wp","href":"https:\/\/api.w.org\/{rel}","templated":true}]}}