{"id":5125,"date":"2025-03-27T12:35:12","date_gmt":"2025-03-27T12:35:12","guid":{"rendered":"https:\/\/b2b.mideer.lt\/product\/kurybinis-drabuziu-dizaino-rinkinys-miela-mergaite\/"},"modified":"2026-04-20T07:30:34","modified_gmt":"2026-04-20T07:30:34","slug":"kurybinis-drabuziu-dizaino-rinkinys-miela-mergaite","status":"publish","type":"product","link":"https:\/\/b2b.mideer.lt\/lv\/product\/kurybinis-drabuziu-dizaino-rinkinys-miela-mergaite\/","title":{"rendered":"Rado\u0161s ap\u0123\u0113rbu dizaina komplekts - Gudra meitene"},"content":{"rendered":"<p data-sourcepos=\"3:1-3:252\">Aizraujo\u0161a aktivit\u0101te, kas \u013cauj b\u0113rniem pieska\u0146ot ap\u0123\u0113rbu, kr\u0101sas un aksesu\u0101rus, p\u0101rv\u0113r\u0161ot vi\u0146u izt\u0113li realit\u0101t\u0113, izmantojot praktisku sp\u0113li. Ide\u0101li piem\u0113rots dzim\u0161anas dien\u0101m, d\u0101van\u0101m vai izt\u0113li rosino\u0161\u0101m rota\u013c\u0101m!<\/p>\n<p data-sourcepos=\"5:1-5:16\"><strong>K\u0101 sp\u0113l\u0113t:<\/strong><\/p>\n<ol data-sourcepos=\"6:1-10:0\">\n<li data-sourcepos=\"6:1-6:58\">Uzlieciet uz mode\u013ca savu m\u012b\u013c\u0101ko nekr\u0101sotu ap\u0123\u0113rbu.<\/li>\n<li data-sourcepos=\"7:1-7:44\">Izkr\u0101sojiet to ar sav\u0101m izv\u0113l\u0113taj\u0101m kr\u0101s\u0101m.<\/li>\n<li data-sourcepos=\"8:1-8:83\">Izmantojiet trafaretus vai z\u012bm\u0113jiet br\u012bvrokas, lai izveidotu jautrus rakstus.<\/li>\n<li data-sourcepos=\"9:1-10:0\">Izskatu papildina kr\u0101saini aksesu\u0101ri.<\/li>\n<\/ol>\n<p data-sourcepos=\"11:1-11:12\"><strong>S\u012bk\u0101ka inform\u0101cija:<\/strong><\/p>\n<ul data-sourcepos=\"12:1-17:0\">\n<li data-sourcepos=\"12:1-12:224\">Stimul\u0113 interesi par lomu sp\u0113l\u0113m un \u013cauj b\u0113rniem pieska\u0146ot ap\u0123\u0113rbu bezgal\u012bgai rado\u0161ai izklaidei.<\/li>\n<li data-sourcepos=\"13:1-13:178\">Ietver rota\u013c\u012bgus, ikdieni\u0161\u0137us un elegantus ap\u0123\u0113rbus.<\/li>\n<li data-sourcepos=\"13:1-13:178\">L\u012bm\u0113jot, kr\u0101sojot un z\u012bmogojot, b\u0113rni jautr\u0101 un saisto\u0161\u0101 veid\u0101 att\u012bsta s\u012bko motoriku, roku un acu koordin\u0101ciju un koncentr\u0113\u0161an\u0101s sp\u0113jas.<\/li>\n<li data-sourcepos=\"13:1-13:178\">Iztur\u012bg\u0101s uzl\u012bmes var uzl\u012bm\u0113t vair\u0101kas reizes, mudinot b\u0113rnus eksperiment\u0113t un izm\u0113\u0123in\u0101t da\u017e\u0101dus dizainus bez ierobe\u017eojumiem.<\/li>\n<li data-sourcepos=\"13:1-13:178\">Katram kr\u0101sainajam z\u012bmulim ir divas kr\u0101sas, kas papla\u0161ina rado\u0161o iesp\u0113ju kl\u0101stu un atvieglo detaliz\u0113tu un spilgtu dizainu veido\u0161anu.<\/li>\n<\/ul>\n<p data-sourcepos=\"18:1-18:493\">\u0160is \"Cute Girl\" komplekts ir lieliski piem\u0113rots skolai, rota\u013cu randi\u0146iem vai ned\u0113\u013cas nogales piedz\u012bvojumiem. Ar daudzk\u0101rt lietojam\u0101m uzl\u012bm\u0113m meitenes var izveidot jaukas kombin\u0101cijas, piem\u0113ram, m\u0101j\u012bgus d\u017eemperus, pu\u0137ainas kleitas, d\u017einsa sv\u0101rkus un modernus aksesu\u0101rus. Katra uzl\u012bme ir dro\u0161a, p\u0101rn\u0113s\u0101jama un izstr\u0101d\u0101ta t\u0101, lai iedvesmotu rado\u0161umu, vienlaikus apg\u016bstot kr\u0101su saska\u0146o\u0161anu un pa\u0161izpausmi.<\/p>\n<ul>\n<li data-sourcepos=\"20:1-23:23\"><strong>Am\u017eius:<\/strong> 3+<\/li>\n<li data-sourcepos=\"20:1-23:23\"><strong>D\u0117\u017eut\u0117s matmenys:<\/strong> 24 cm x 24 cm x 3 cm<\/li>\n<li data-sourcepos=\"20:1-23:23\"><strong>Ietver:<\/strong> 20 lapas ar ap\u0123\u0113rba uzl\u012bm\u0113m, 1 lapa ar aksesu\u0101ru uzl\u012bm\u0113m, 4 fig\u016bri\u0146as, 1 z\u012bm\u0113\u0161anas veidne, 5 abpus\u0113ji kr\u0101sainie z\u012bmu\u013ci.<\/li>\n<li data-sourcepos=\"20:1-23:23\"><strong>Materi\u0101ls:<\/strong> Pap\u012brs<\/li>\n<\/ul>","protected":false},"excerpt":{"rendered":"<p>\u012etraukianti veikla, leid\u017eianti vaikams derinti drabu\u017eius, spalvas ir aksesuarus, paver\u010diant j\u0173 vaizduot\u0119 realybe per praktin\u012f \u017eaidim\u0105. Puikiai tinka gimtadieniams, dovanoms ar vaizduot\u0117s \u017eaidimams skatinti! Kaip \u017eaisti: Priklijuokite savo m\u0117gstam\u0105 nenuspalvint\u0105 drabu\u017e\u012f ant modelio. Nuspalvinkite j\u012f pasirinktomis spalvomis. Naudokite trafaretus arba pie\u0161kite laisva ranka, kad sukurtum\u0117te smagius ra\u0161tus. Prid\u0117kite spalvingus aksesuarus, kad u\u017ebaigtum\u0117te \u012fvaizd\u012f. Detal\u0117s: Skatina susidom\u0117jim\u0105 vaidmen\u0173 \u017eaidimais ir leid\u017eia vaikams derinti drabu\u017eius, kad b\u016bt\u0173 begalyb\u0117 k\u016brybini\u0173 linksmybi\u0173. Apima \u017eaismingus, kasdienius ir eleganti\u0161kus drabu\u017eius. Klijuodami, spalvindami ir \u0161tampuodami vaikai linksmai ir \u012ftraukian\u010diai lavina smulki\u0105j\u0105 motorik\u0105, rank\u0173 ir aki\u0173 koordinacij\u0105 bei koncentracij\u0105. Patvar\u016bs lipdukai gali b\u016bti klijuojami kelis kartus, skatinant vaikus eksperimentuoti ir i\u0161bandyti skirtingus dizainus be apribojim\u0173. Kiekvienas spalvotas pie\u0161tukas turi dvi spalvas, praple\u010diantis k\u016brybini\u0173 galimybi\u0173 spektr\u0105 ir palengvinantis detali\u0173 bei ry\u0161ki\u0173 dizain\u0173 k\u016brim\u0105. \u0160is rinkinys \u201eMiela mergait\u0117\u201c puikiai tinka mokyklai, \u017eaidim\u0173 susitikimams ar savaitgalio nuotykiams. Su daugkartinio naudojimo lipdukais mergait\u0117s gali kurti mielus derinius, tokius kaip jauk\u016bs megztiniai, g\u0117l\u0117tos suknel\u0117s, d\u017einsiniai sijonai ir madingi aksesuarai. Kiekvienas lipdukas yra saugus, perkeliamas ir sukurtas \u012fkv\u0117pti k\u016brybi\u0161kum\u0105 mokantis spalv\u0173 derinimo ir savirai\u0161kos. Am\u017eius: 3+ D\u0117\u017eut\u0117s matmenys: 24 cm x 24 cm x 3 cm \u012e komplekt\u0105 \u012feina: 20 lap\u0173 drabu\u017ei\u0173 lipduk\u0173, 1 lapas aksesuar\u0173 lipduk\u0173, 4 fig\u016br\u0117l\u0117s, 1 pie\u0161imo \u0161ablonas, 5 dvipusiai spalvoti pie\u0161tukai Med\u017eiaga: Popierius<\/p>","protected":false},"featured_media":5165,"template":"","meta":[],"product_brand":[],"product_cat":[234,235,236,242,272,245,250,255,263,267,275],"product_tag":[],"class_list":{"0":"post-5125","1":"product","2":"type-product","3":"status-publish","4":"has-post-thumbnail","6":"product_cat-3-4-metai","7":"product_cat-5-6-metai","8":"product_cat-6-metai","9":"product_cat-dovanu-idejos","10":"product_cat-kaledines-dovanos","11":"product_cat-kurybiniu-uzduociu-knygeles","12":"product_cat-menai-ir-kurybiniai-uzsiemimai","13":"product_cat-naujienos","14":"product_cat-pasidaryk-pats","15":"product_cat-spalvinimo-knygeles","16":"product_cat-visos-meno-prekes","18":"first","19":"instock","20":"taxable","21":"shipping-taxable","22":"product-type-simple"},"jetpack_sharing_enabled":true,"_links":{"self":[{"href":"https:\/\/b2b.mideer.lt\/lv\/wp-json\/wp\/v2\/product\/5125"}],"collection":[{"href":"https:\/\/b2b.mideer.lt\/lv\/wp-json\/wp\/v2\/product"}],"about":[{"href":"https:\/\/b2b.mideer.lt\/lv\/wp-json\/wp\/v2\/types\/product"}],"wp:featuredmedia":[{"embeddable":true,"href":"https:\/\/b2b.mideer.lt\/lv\/wp-json\/wp\/v2\/media\/5165"}],"wp:attachment":[{"href":"https:\/\/b2b.mideer.lt\/lv\/wp-json\/wp\/v2\/media?parent=5125"}],"wp:term":[{"taxonomy":"product_brand","embeddable":true,"href":"https:\/\/b2b.mideer.lt\/lv\/wp-json\/wp\/v2\/product_brand?post=5125"},{"taxonomy":"product_cat","embeddable":true,"href":"https:\/\/b2b.mideer.lt\/lv\/wp-json\/wp\/v2\/product_cat?post=5125"},{"taxonomy":"product_tag","embeddable":true,"href":"https:\/\/b2b.mideer.lt\/lv\/wp-json\/wp\/v2\/product_tag?post=5125"}],"curies":[{"name":"wp","href":"https:\/\/api.w.org\/{rel}","templated":true}]}}