{"id":5123,"date":"2025-03-27T12:35:10","date_gmt":"2025-03-27T12:35:10","guid":{"rendered":"https:\/\/b2b.mideer.lt\/product\/eskizu-knyga-60-lapu\/"},"modified":"2026-04-11T07:33:04","modified_gmt":"2026-04-11T07:33:04","slug":"eskizu-knyga-60-lapu","status":"publish","type":"product","link":"https:\/\/b2b.mideer.lt\/lv\/product\/eskizu-knyga-60-lapu\/","title":{"rendered":"Ski\u010du burtn\u012bca - 60 lappuses"},"content":{"rendered":"<p data-sourcepos=\"1:1-1:369\">Izpaudiet savu rado\u0161umu ar Mideer ski\u010du burtn\u012bcu! \u0160\u012b ski\u010du burtn\u012bca visu vecumu m\u0101ksliniekiem ir izgatavota no bieza 140 g\/m\u00b2 pap\u012bra, kas neabsorb\u0113, t\u0101p\u0113c ir piem\u0113rots da\u017e\u0101diem m\u0101kslas l\u012bdzek\u013ciem, piem\u0113ram, flom\u0101steriem, kr\u012bti\u0146iem, akvare\u013ciem, z\u012bmu\u013ciem, akrila kr\u0101s\u0101m un citiem. A4 form\u0101ta pap\u012brs ir \u0113rti p\u0101rn\u0113s\u0101jams, t\u0101p\u0113c j\u016bs varat skic\u0113t un z\u012bm\u0113t, kur vien j\u016btaties iedvesmoti.<\/p>\n<p data-sourcepos=\"3:1-3:333\">60 pap\u012bra lapas, katru lapu var viegli atpl\u0113st, lai izst\u0101d\u012btu vai kop\u012bgotu savus m\u0101kslas darbus. Iztur\u012bgais kartona v\u0101ks nodro\u0161ina gludu un dro\u0161u virsmu z\u012bm\u0113\u0161anai gan m\u0101j\u0101s, gan park\u0101, gan ce\u013c\u0101. Neatkar\u012bgi no t\u0101, vai skic\u0113jat, kr\u0101sojat vai gleznojat, Mideer ski\u010du burtn\u012bca ir ide\u0101ls j\u016bsu m\u0101kslas pavadonis!<\/p>\n<ul>\n<li data-sourcepos=\"3:1-3:333\"><strong>Vecums: 3+<\/strong><\/li>\n<li data-sourcepos=\"3:1-3:333\"><strong>Izm\u0113ri: 28,5 x 21 x 1,5 cm<\/strong><\/li>\n<\/ul>","protected":false},"excerpt":{"rendered":"<p>Atskleiskite savo k\u016brybi\u0161kum\u0105 su Mideer eskiz\u0173 knyga! \u0160i eskiz\u0173 knyga, skirta bet kokio am\u017eiaus menininkams, turi stor\u0105 140 g popieri\u0173, kuris nepersigeria, tod\u0117l tinka \u012fvairioms meno priemon\u0117ms, tokioms kaip markeriai, kreidel\u0117s, akvarel\u0117, pie\u0161tukai, akriliniai da\u017eai ir kt. A4 formatas leid\u017eia j\u0105 lengvai ne\u0161iotis, tod\u0117l galite eskizuoti ir pie\u0161ti, kur tik \u012fkv\u0117ps. 60 popieriaus lap\u0173, kiekvien\u0105 lap\u0105 galima lengvai nupl\u0117\u0161ti, norint eksponuoti ar pasidalinti savo k\u016briniu. Tvirtas kartoninis vir\u0161elis suteikia lyg\u0173 ir patikim\u0105 pavir\u0161i\u0173 pie\u0161imui, nesvarbu, ar esate namuose, parke ar keliaujate. Nesvarbu, ar eskizuojate, spalvinate ar tapote, Mideer eskiz\u0173 knyga yra puikus j\u016bs\u0173 meno palydovas! Am\u017eius: 3+ I\u0161matavimai: 28.5 x 21 x 1.5 cm<\/p>","protected":false},"featured_media":5154,"template":"","meta":[],"product_brand":[],"product_cat":[234,235,236,272,250,252,254,255,267,275],"product_tag":[],"class_list":{"0":"post-5123","1":"product","2":"type-product","3":"status-publish","4":"has-post-thumbnail","6":"product_cat-3-4-metai","7":"product_cat-5-6-metai","8":"product_cat-6-metai","9":"product_cat-kaledines-dovanos","10":"product_cat-menai-ir-kurybiniai-uzsiemimai","11":"product_cat-meno-reikmenys","12":"product_cat-mokyklos-reikmenys","13":"product_cat-naujienos","14":"product_cat-spalvinimo-knygeles","15":"product_cat-visos-meno-prekes","17":"first","18":"instock","19":"taxable","20":"shipping-taxable","21":"product-type-simple"},"jetpack_sharing_enabled":true,"_links":{"self":[{"href":"https:\/\/b2b.mideer.lt\/lv\/wp-json\/wp\/v2\/product\/5123"}],"collection":[{"href":"https:\/\/b2b.mideer.lt\/lv\/wp-json\/wp\/v2\/product"}],"about":[{"href":"https:\/\/b2b.mideer.lt\/lv\/wp-json\/wp\/v2\/types\/product"}],"wp:featuredmedia":[{"embeddable":true,"href":"https:\/\/b2b.mideer.lt\/lv\/wp-json\/wp\/v2\/media\/5154"}],"wp:attachment":[{"href":"https:\/\/b2b.mideer.lt\/lv\/wp-json\/wp\/v2\/media?parent=5123"}],"wp:term":[{"taxonomy":"product_brand","embeddable":true,"href":"https:\/\/b2b.mideer.lt\/lv\/wp-json\/wp\/v2\/product_brand?post=5123"},{"taxonomy":"product_cat","embeddable":true,"href":"https:\/\/b2b.mideer.lt\/lv\/wp-json\/wp\/v2\/product_cat?post=5123"},{"taxonomy":"product_tag","embeddable":true,"href":"https:\/\/b2b.mideer.lt\/lv\/wp-json\/wp\/v2\/product_tag?post=5123"}],"curies":[{"name":"wp","href":"https:\/\/api.w.org\/{rel}","templated":true}]}}