{"id":5119,"date":"2025-03-27T12:35:04","date_gmt":"2025-03-27T12:35:04","guid":{"rendered":"https:\/\/b2b.mideer.lt\/product\/magiska-burbulu-lazdele-peledziukas-177ml\/"},"modified":"2026-04-11T07:33:04","modified_gmt":"2026-04-11T07:33:04","slug":"magiska-burbulu-lazdele-peledziukas-177ml","status":"publish","type":"product","link":"https:\/\/b2b.mideer.lt\/lv\/product\/magiska-burbulu-lazdele-peledziukas-177ml\/","title":{"rendered":"Burbu\u013cu burbu\u013cu n\u016bji\u0146a, Pelnru\u0161\u0137\u012bte, 177ml"},"content":{"rendered":"<p>Iepaz\u012bstin\u0101m ar Mideer burbu\u013cu n\u016bji\u0146u Magic Bubble Wand - t\u0101 ir paredz\u0113ta nebeidzamai jautr\u012bbai ar 6 caurumu funkciju, kas ar katru vi\u013c\u0146u rada liel\u0101kus un bl\u012bv\u0101kus burbu\u013cus. \u0160iem Mideer ziepju burbu\u013ciem ir liela ietilp\u012bba, kas nodro\u0161ina ilg\u0101ku sp\u0113les laiku, un tiem ir herm\u0113tisks dizains, lai izvair\u012btos no net\u012brumiem. P\u0101rn\u0113s\u0101jam\u0101 konstrukcija nodro\u0161ina, ka burbu\u013cu burv\u012bba var jums sekot, lai kur j\u016bs aizvestu j\u016bsu piedz\u012bvojumi! Ide\u0101li piem\u0113rots gan b\u0113rniem, gan pieaugu\u0161ajiem.<\/p>\n<ul>\n<li data-sourcepos=\"2:1-2:57\">6 caurumu konstrukcija liel\u0101kiem un bl\u012bv\u0101kiem burbu\u013ciem<\/li>\n<li data-sourcepos=\"3:1-3:39\">Liela ietilp\u012bba ilg\u0101kam atska\u0146o\u0161anas laikam<\/li>\n<li data-sourcepos=\"4:1-4:48\">Nopl\u016bdes necaurlaid\u012bgs dizains, lai nov\u0113rstu nopl\u016bdes<\/li>\n<li data-sourcepos=\"6:1-9:483\">Ide\u0101li piem\u0113rots gan b\u0113rniem, gan pieaugu\u0161ajiem<\/li>\n<li style=\"font-weight: bold\"><strong>Vecums: 3+<\/strong><\/li>\n<li style=\"font-weight: bold\"><strong>Izm\u0113ri: 3,9 x 3,9 x 24 cm<\/strong><\/li>\n<\/ul>","protected":false},"excerpt":{"rendered":"<p>Iepaz\u012bstin\u0101m ar Mideer burbu\u013cu n\u016bji\u0146u Magic Bubble Wand - t\u0101 ir paredz\u0113ta nebeidzamai jautr\u012bbai ar 6 caurumu funkciju, kas ar katru vi\u013c\u0146u rada liel\u0101kus un bl\u012bv\u0101kus burbu\u013cus. \u0160iem Mideer ziepju burbu\u013ciem ir liela ietilp\u012bba, kas nodro\u0161ina ilg\u0101ku sp\u0113les laiku, un tiem ir herm\u0113tisks dizains, lai izvair\u012btos no net\u012brumiem. P\u0101rn\u0113s\u0101jam\u0101 konstrukcija nodro\u0161ina, ka burbu\u013cu burv\u012bba var jums sekot, lai kur j\u016bs aizvestu j\u016bsu piedz\u012bvojumi! Ide\u0101li piem\u0113rots gan b\u0113rniem, gan pieaugu\u0161ajiem. 6 caurumu konstrukcija liel\u0101kiem un bl\u012bv\u0101kiem burbu\u013ciem Liela ietilp\u012bba ilg\u0101kam sp\u0113les laikam Herm\u0113tiski nosl\u0113gts dizains, lai nov\u0113rstu iz\u0161\u013cakst\u012b\u0161anos Ide\u0101li piem\u0113rots gan b\u0113rniem, gan pieaugu\u0161ajiem Vecums: 3+ Izm\u0113ri: 3,9 x 3,9 x 24 cm<\/p>","protected":false},"featured_media":5146,"template":"","meta":[],"product_brand":[],"product_cat":[234,235,236,272,246,255,276],"product_tag":[],"class_list":{"0":"post-5119","1":"product","2":"type-product","3":"status-publish","4":"has-post-thumbnail","6":"product_cat-3-4-metai","7":"product_cat-5-6-metai","8":"product_cat-6-metai","9":"product_cat-kaledines-dovanos","10":"product_cat-lauko-zaislai","11":"product_cat-naujienos","12":"product_cat-zaislai-ir-zaidimai","14":"first","15":"instock","16":"taxable","17":"shipping-taxable","18":"product-type-simple"},"jetpack_sharing_enabled":true,"_links":{"self":[{"href":"https:\/\/b2b.mideer.lt\/lv\/wp-json\/wp\/v2\/product\/5119"}],"collection":[{"href":"https:\/\/b2b.mideer.lt\/lv\/wp-json\/wp\/v2\/product"}],"about":[{"href":"https:\/\/b2b.mideer.lt\/lv\/wp-json\/wp\/v2\/types\/product"}],"wp:featuredmedia":[{"embeddable":true,"href":"https:\/\/b2b.mideer.lt\/lv\/wp-json\/wp\/v2\/media\/5146"}],"wp:attachment":[{"href":"https:\/\/b2b.mideer.lt\/lv\/wp-json\/wp\/v2\/media?parent=5119"}],"wp:term":[{"taxonomy":"product_brand","embeddable":true,"href":"https:\/\/b2b.mideer.lt\/lv\/wp-json\/wp\/v2\/product_brand?post=5119"},{"taxonomy":"product_cat","embeddable":true,"href":"https:\/\/b2b.mideer.lt\/lv\/wp-json\/wp\/v2\/product_cat?post=5119"},{"taxonomy":"product_tag","embeddable":true,"href":"https:\/\/b2b.mideer.lt\/lv\/wp-json\/wp\/v2\/product_tag?post=5119"}],"curies":[{"name":"wp","href":"https:\/\/api.w.org\/{rel}","templated":true}]}}