{"id":5118,"date":"2025-03-27T12:35:03","date_gmt":"2025-03-27T12:35:03","guid":{"rendered":"https:\/\/b2b.mideer.lt\/product\/mini-safari-gyvunu-rinkinys\/"},"modified":"2026-04-04T07:31:31","modified_gmt":"2026-04-04T07:31:31","slug":"mini-safari-gyvunu-rinkinys","status":"publish","type":"product","link":"https:\/\/b2b.mideer.lt\/lv\/product\/mini-safari-gyvunu-rinkinys\/","title":{"rendered":"Mini safari dz\u012bvnieku komplekts"},"content":{"rendered":"<p data-sourcepos=\"1:1-1:334\">\u0160aj\u0101 komplekt\u0101 ir <strong>12 burv\u012bgi mini izm\u0113ra dz\u012bvnieki<\/strong>visi ir lieliski piel\u0101goti maz\u0101m roci\u0146\u0101m. Katra fig\u016bri\u0146a ir ar rok\u0101m apgleznota ar re\u0101listisk\u0101m fakt\u016br\u0101m un spilgt\u0101m deta\u013c\u0101m, lai safari pieredze b\u016btu p\u0113c iesp\u0113jas re\u0101listisk\u0101ka.<\/p>\n<p data-sourcepos=\"3:1-3:578\">\u0160ie dz\u012bvnieki ir izgatavoti no augstas kvalit\u0101tes materi\u0101liem, tiem ir gludas malas, un tie ir kr\u0101soti ar netoksisk\u0101m, uz \u016bdens b\u0101zes kr\u0101s\u0101m. Komplektam ir pievienota izgl\u012btojo\u0161a gr\u0101mati\u0146a, kas pal\u012bdz b\u0113rniem rota\u013c\u0101joties uzzin\u0101t vair\u0101k par vi\u0146u iecien\u012bt\u0101kajiem dz\u012bvniekiem. Viss ir iesai\u0146ots atk\u0101rtoti lietojam\u0101 pudel\u0113, lai to b\u016btu viegli sak\u0101rtot un p\u0101rn\u0113s\u0101t, t\u0101p\u0113c tas ir ide\u0101li piem\u0113rots m\u0101j\u0101s, ce\u013cojum\u0101 vai rota\u013c\u0101s. \u0160is kolekcion\u0113jamais komplekts ir lieliski piem\u0113rots gan izt\u0113les rad\u012b\u0161anai, gan k\u0101 izgl\u012btojo\u0161s l\u012bdzeklis mazajiem dz\u012bvnieku m\u012b\u013cot\u0101jiem!<\/p>\n<ul>\n<li style=\"font-weight: bold\" data-sourcepos=\"3:1-3:578\"><strong>Vecums: 3+<\/strong><\/li>\n<li style=\"font-weight: bold\" data-sourcepos=\"3:1-3:578\"><strong>Iepakojuma izm\u0113ri: 8 x 8 x 18,5 cm<\/strong><\/li>\n<\/ul>","protected":false},"excerpt":{"rendered":"<p>\u0160iame rinkinyje yra 12 \u017eavi\u0173 mini dyd\u017eio gyv\u016bn\u0173, visi puikiai pritaikyti ma\u017eoms rankyt\u0117ms. Kiekviena fig\u016br\u0117l\u0117 yra rankomis da\u017eyta su tikrovi\u0161komis tekst\u016bromis ir ry\u0161kiomis detal\u0117mis, kad safari patirtis atgyt\u0173 kuo realisti\u0161iau. \u0160ie gyv\u016bnai, pagaminti atsi\u017evelgiant \u012f saugum\u0105 ir ilgaam\u017ei\u0161kum\u0105, pagaminti i\u0161 auk\u0161tos kokyb\u0117s med\u017eiag\u0173, turi lygius kra\u0161tus ir yra da\u017eyti netoksi\u0161kais, vandens pagrindo da\u017eais. Rinkinyje yra edukacinis bukletas, padedantis vaikams mokytis apie savo m\u0117gstamus gyv\u016bnus \u017eaid\u017eiant. Viskas supakuota \u012f daugkartinio naudojimo buteliuk\u0105, kad b\u016bt\u0173 lengva organizuoti ir ne\u0161iotis, tod\u0117l puikiai tinka namuose, kelion\u0117se ar \u017eaidim\u0173 susitikimuose. Nesvarbu, ar tai b\u016bt\u0173 vaizduot\u0117s \u017eaidimai, ar edukacin\u0117 priemon\u0117, \u0161is kolekcionuojamas rinkinys puikiai tinka jauniems gyv\u016bn\u0173 myl\u0117tojams! Am\u017eius: 3+ Pakuot\u0117s matmenys: 8 x 8 x 18.5 cm<\/p>","protected":false},"featured_media":5144,"template":"","meta":[],"product_brand":[],"product_cat":[234,235,236,237,239,242,244,255,265,276],"product_tag":[],"class_list":{"0":"post-5118","1":"product","2":"type-product","3":"status-publish","4":"has-post-thumbnail","6":"product_cat-3-4-metai","7":"product_cat-5-6-metai","8":"product_cat-6-metai","9":"product_cat-ankstyvo-lavinimo-zaidimai","10":"product_cat-daugiau-zaislu-ir-zaidimu","11":"product_cat-dovanu-idejos","12":"product_cat-kas-populiaru","13":"product_cat-naujienos","14":"product_cat-simuliaciniu-modeliu-zaislai","15":"product_cat-zaislai-ir-zaidimai","17":"first","18":"instock","19":"taxable","20":"shipping-taxable","21":"product-type-simple"},"jetpack_sharing_enabled":true,"_links":{"self":[{"href":"https:\/\/b2b.mideer.lt\/lv\/wp-json\/wp\/v2\/product\/5118"}],"collection":[{"href":"https:\/\/b2b.mideer.lt\/lv\/wp-json\/wp\/v2\/product"}],"about":[{"href":"https:\/\/b2b.mideer.lt\/lv\/wp-json\/wp\/v2\/types\/product"}],"wp:featuredmedia":[{"embeddable":true,"href":"https:\/\/b2b.mideer.lt\/lv\/wp-json\/wp\/v2\/media\/5144"}],"wp:attachment":[{"href":"https:\/\/b2b.mideer.lt\/lv\/wp-json\/wp\/v2\/media?parent=5118"}],"wp:term":[{"taxonomy":"product_brand","embeddable":true,"href":"https:\/\/b2b.mideer.lt\/lv\/wp-json\/wp\/v2\/product_brand?post=5118"},{"taxonomy":"product_cat","embeddable":true,"href":"https:\/\/b2b.mideer.lt\/lv\/wp-json\/wp\/v2\/product_cat?post=5118"},{"taxonomy":"product_tag","embeddable":true,"href":"https:\/\/b2b.mideer.lt\/lv\/wp-json\/wp\/v2\/product_tag?post=5118"}],"curies":[{"name":"wp","href":"https:\/\/api.w.org\/{rel}","templated":true}]}}