{"id":5117,"date":"2025-03-27T12:35:02","date_gmt":"2025-03-27T12:35:02","guid":{"rendered":"https:\/\/b2b.mideer.lt\/product\/mini-magnetinis-konstruktorius-kubas\/"},"modified":"2026-04-22T07:31:22","modified_gmt":"2026-04-22T07:31:22","slug":"mini-magnetinis-konstruktorius-kubas","status":"publish","type":"product","link":"https:\/\/b2b.mideer.lt\/lv\/product\/mini-magnetinis-konstruktorius-kubas\/","title":{"rendered":"Kubs Mini magn\u0113tiskais konstruktors"},"content":{"rendered":"<p>\u0160is inovat\u012bvais komplekts ir apr\u012bkots ar sp\u0113c\u012bgiem magn\u0113tiem, kas \u013cauj sp\u0113l\u0113ties, savienojot un konstru\u0113jot, veicinot izt\u0113li rosino\u0161u konstru\u0113\u0161anu stund\u0101m ilgi. Ar 54 jautr\u0101m sp\u0113\u013cu kart\u0113m b\u0113rni var izp\u0113t\u012bt da\u017e\u0101dus konstru\u0113\u0161anas izaicin\u0101jumus un idejas, padarot m\u0101c\u012b\u0161anos gan jautru, gan saisto\u0161u. Bloki ir izstr\u0101d\u0101ti, dom\u0101jot par iztur\u012bbu, t\u0101p\u0113c tie ir izgatavoti no augstas kvalit\u0101tes materi\u0101liem, lai nodro\u0161in\u0101tu vienm\u0113r\u012bgu b\u016bvniec\u012bbu, kas iztur\u0113s pat visaizraut\u012bg\u0101kos b\u016bv\u0113t\u0101jus. Kompaktais un p\u0101rn\u0113s\u0101jamais dizains noz\u012bm\u0113, ka komplektu var pa\u0146emt l\u012bdzi - gan uz draugu m\u0101j\u0101m, gan br\u012bvdien\u0101s, gan vienk\u0101r\u0161i uz dz\u012bvojam\u0101s istabas gr\u012bdas. Mideer magn\u0113tiskais kubu konstruktors ar pla\u0161u sp\u0113\u013cu iesp\u0113ju kl\u0101stu jautri un interakt\u012bvi att\u012bsta probl\u0113mu risin\u0101\u0161anas prasmes, telpisko izpratni un rado\u0161o dom\u0101\u0161anu. T\u0101 ir lieliska d\u0101vana zin\u0101tk\u0101riem pr\u0101tiem, kas gatavi p\u0113t\u012bt un rad\u012bt!<\/p>\n<ul>\n<li style=\"font-weight: bold\"><strong>Ieteicamais vecums: 6+<\/strong><\/li>\n<li style=\"font-weight: bold\">Iepakojuma izm\u0113ri: 9 x 6 x 8 cm<\/li>\n<\/ul>","protected":false},"excerpt":{"rendered":"<p>\u0160is novatori\u0161kas rinkinys turi stiprius magnetus, kurie leid\u017eia \u017eaisti sujungiant ir konstruojant, skatinant valand\u0173 valandas vaizduot\u0117s kupinos konstrukcijos. Su 54 smagiomis \u017eaidimo kortel\u0117mis vaikai gali tyrin\u0117ti \u012fvairius konstravimo i\u0161\u0161\u016bkius ir id\u0117jas, tod\u0117l mokymasis tampa ir smagus, ir \u012ftraukiantis. Sukurti atsi\u017evelgiant \u012f ilgaam\u017ei\u0161kum\u0105, blokeliai yra pagaminti i\u0161 auk\u0161tos kokyb\u0117s med\u017eiag\u0173, u\u017etikrinan\u010di\u0173 skland\u0173 konstravim\u0105, kuris atlaikys net entuziastingiausius statytojus. Kompakti\u0161kas ir ne\u0161iojamas dizainas rei\u0161kia, kad galite pasiimti rinkin\u012f su savimi, nesvarbu, ar tai b\u016bt\u0173 draugo namai, atostogos, ar tiesiog svetain\u0117s grindys. Su daugybe \u017eaidimo b\u016bd\u0173 Mideer magnetinis konstruktorius &#8220;Kubas&#8221; puosel\u0117ja problem\u0173 sprendimo \u012fg\u016bd\u017eius, erdvin\u012f suvokim\u0105 ir k\u016brybin\u012f m\u0105stym\u0105 maloniu ir interaktyviu b\u016bdu. Tai puiki dovana smalsiems protams, pasiruo\u0161usiems tyrin\u0117ti ir kurti! Rekomenduojamas am\u017eius: 6+ Pakuot\u0117s matmenys: 9 x 6 x 8 cm<\/p>","protected":false},"featured_media":5141,"template":"","meta":[],"product_brand":[],"product_cat":[235,236,239,272,244,248,255,270,276],"product_tag":[],"class_list":{"0":"post-5117","1":"product","2":"type-product","3":"status-publish","4":"has-post-thumbnail","6":"product_cat-5-6-metai","7":"product_cat-6-metai","8":"product_cat-daugiau-zaislu-ir-zaidimu","9":"product_cat-kaledines-dovanos","10":"product_cat-kas-populiaru","11":"product_cat-magnetiniai-konstruktoriai","12":"product_cat-naujienos","13":"product_cat-statymo-konstruktoriai","14":"product_cat-zaislai-ir-zaidimai","16":"first","17":"instock","18":"taxable","19":"shipping-taxable","20":"product-type-simple"},"jetpack_sharing_enabled":true,"_links":{"self":[{"href":"https:\/\/b2b.mideer.lt\/lv\/wp-json\/wp\/v2\/product\/5117"}],"collection":[{"href":"https:\/\/b2b.mideer.lt\/lv\/wp-json\/wp\/v2\/product"}],"about":[{"href":"https:\/\/b2b.mideer.lt\/lv\/wp-json\/wp\/v2\/types\/product"}],"wp:featuredmedia":[{"embeddable":true,"href":"https:\/\/b2b.mideer.lt\/lv\/wp-json\/wp\/v2\/media\/5141"}],"wp:attachment":[{"href":"https:\/\/b2b.mideer.lt\/lv\/wp-json\/wp\/v2\/media?parent=5117"}],"wp:term":[{"taxonomy":"product_brand","embeddable":true,"href":"https:\/\/b2b.mideer.lt\/lv\/wp-json\/wp\/v2\/product_brand?post=5117"},{"taxonomy":"product_cat","embeddable":true,"href":"https:\/\/b2b.mideer.lt\/lv\/wp-json\/wp\/v2\/product_cat?post=5117"},{"taxonomy":"product_tag","embeddable":true,"href":"https:\/\/b2b.mideer.lt\/lv\/wp-json\/wp\/v2\/product_tag?post=5117"}],"curies":[{"name":"wp","href":"https:\/\/api.w.org\/{rel}","templated":true}]}}