{"id":5114,"date":"2025-03-27T12:34:59","date_gmt":"2025-03-27T12:34:59","guid":{"rendered":"https:\/\/b2b.mideer.lt\/product\/balti-klijai-100ml\/"},"modified":"2026-04-03T22:03:06","modified_gmt":"2026-04-03T22:03:06","slug":"balti-klijai-100ml","status":"publish","type":"product","link":"https:\/\/b2b.mideer.lt\/lv\/product\/balti-klijai-100ml\/","title":{"rendered":"Balt\u0101 l\u012bme - 100ml"},"content":{"rendered":"<p>Balta univers\u0101l\u0101 l\u012bme<\/p>\n<p>Ieteicamais vecums: 3+<\/p>\n<p>Izm\u0113ri: 5,6 x 3 x 12,9 cm<\/p>","protected":false},"excerpt":{"rendered":"<p>Balti universal\u016bs klijai Rekomenduojamas am\u017eius: 3+ Matmenys: 5.6 x 3 x 12.9 cm<\/p>","protected":false},"featured_media":5136,"template":"","meta":[],"product_brand":[],"product_cat":[234,235,236,250,254,255,275],"product_tag":[],"class_list":{"0":"post-5114","1":"product","2":"type-product","3":"status-publish","4":"has-post-thumbnail","6":"product_cat-3-4-metai","7":"product_cat-5-6-metai","8":"product_cat-6-metai","9":"product_cat-menai-ir-kurybiniai-uzsiemimai","10":"product_cat-mokyklos-reikmenys","11":"product_cat-naujienos","12":"product_cat-visos-meno-prekes","14":"first","15":"instock","16":"taxable","17":"shipping-taxable","18":"product-type-simple"},"jetpack_sharing_enabled":true,"_links":{"self":[{"href":"https:\/\/b2b.mideer.lt\/lv\/wp-json\/wp\/v2\/product\/5114"}],"collection":[{"href":"https:\/\/b2b.mideer.lt\/lv\/wp-json\/wp\/v2\/product"}],"about":[{"href":"https:\/\/b2b.mideer.lt\/lv\/wp-json\/wp\/v2\/types\/product"}],"wp:featuredmedia":[{"embeddable":true,"href":"https:\/\/b2b.mideer.lt\/lv\/wp-json\/wp\/v2\/media\/5136"}],"wp:attachment":[{"href":"https:\/\/b2b.mideer.lt\/lv\/wp-json\/wp\/v2\/media?parent=5114"}],"wp:term":[{"taxonomy":"product_brand","embeddable":true,"href":"https:\/\/b2b.mideer.lt\/lv\/wp-json\/wp\/v2\/product_brand?post=5114"},{"taxonomy":"product_cat","embeddable":true,"href":"https:\/\/b2b.mideer.lt\/lv\/wp-json\/wp\/v2\/product_cat?post=5114"},{"taxonomy":"product_tag","embeddable":true,"href":"https:\/\/b2b.mideer.lt\/lv\/wp-json\/wp\/v2\/product_tag?post=5114"}],"curies":[{"name":"wp","href":"https:\/\/api.w.org\/{rel}","templated":true}]}}