{"id":5111,"date":"2025-03-27T12:34:57","date_gmt":"2025-03-27T12:34:57","guid":{"rendered":"https:\/\/b2b.mideer.lt\/product\/popieriaus-rankdarbiu-rinkinys-automobiliai\/"},"modified":"2026-04-19T22:03:20","modified_gmt":"2026-04-19T22:03:20","slug":"popieriaus-rankdarbiu-rinkinys-automobiliai","status":"publish","type":"product","link":"https:\/\/b2b.mideer.lt\/lv\/product\/popieriaus-rankdarbiu-rinkinys-automobiliai\/","title":{"rendered":"Pap\u012bra amatniec\u012bbas komplekts - Automa\u0161\u012bnas"},"content":{"rendered":"<p data-sourcepos=\"3:1-3:580\">Pap\u012bra amatniec\u012bbas komplektu s\u0113rij\u0101 ir \u010detras t\u0113mas: lidma\u0161\u012bnas, sac\u012bk\u0161u automa\u0161\u012bnas, laivas un v\u0113jdzirnavas, kas sniedz b\u0113rniem zin\u0101tnisku izpratni, izmantojot origami, un pal\u012bdz att\u012bst\u012bt vi\u0146u pr\u0101tu. Balstoties uz tradicion\u0101lo origami, m\u0113s ievie\u0161am inov\u0101cijas un dinamiku, \u013caujot b\u0113rniem sacensties, lidot, sajust v\u0113ja sp\u0113ku un piedz\u012bvot j\u016bras izp\u0113ti re\u0101laj\u0101 dz\u012bv\u0113. M\u0113s ceram, ka \u013coti interakt\u012bv\u0101 origami pieredze rosin\u0101s b\u0113rnu izt\u0113li, att\u012bst\u012bs vi\u0146u praktisk\u0101s iema\u0146as un rosin\u0101s interesi par zin\u0101tni. Komplektam nav nepiecie\u0161amas \u0161\u0137\u0113res vai l\u012bme, un tas ir viegli lietojams.<\/p>\n<p data-sourcepos=\"3:1-3:129\">Sac\u012bk\u0161u automa\u0161\u012bnas t\u0113ma ir papildin\u0101ta ar \u012bstiem rite\u0146iem un sprinta logotipiem, kas \u013cauj b\u0113rniem izbaud\u012bt sac\u012bk\u0161u azartu.<\/p>\n<ul>\n<li data-sourcepos=\"5:1-8:26\"><strong>Am\u017eius:<\/strong> 3+<\/li>\n<li data-sourcepos=\"5:1-8:26\"><strong>D\u0117\u017eut\u0117s matmenys: <\/strong>30 cm x 21 cm x 3,7 cm<\/li>\n<li data-sourcepos=\"5:1-8:26\"><strong>Ietver: <\/strong>6 sac\u012bk\u0161u auto lapas, 2 trases rekviz\u012btu lapas, 2 uzl\u012bmju lapas, 6 rite\u0146u komplekti, 2 koka n\u016bjas.<\/li>\n<li data-sourcepos=\"5:1-8:26\"><strong>Materi\u0101ls:<\/strong> Pap\u012brs, koks<\/li>\n<\/ul>","protected":false},"excerpt":{"rendered":"<p>Popieriaus rankdarbi\u0173 rinkini\u0173 serij\u0105 sudaro keturios temos: l\u0117ktuvai, lenktyniniai automobiliai, laiveliai ir v\u0117jo mal\u016bnai, suteikian\u010dios vaikams mokslin\u012f pa\u017einim\u0105 per origami ir padedan\u010dios lavinti smegenis. Remdamiesi tradiciniu origami, mes \u012fvedame naujoves ir gyvybingum\u0105, leisdami vaikams lenktyniauti, skraidyti, pajusti v\u0117jo j\u0117g\u0105 ir patirti j\u016brin\u012f tyrin\u0117jim\u0105 realiame gyvenime. Tikim\u0117s, kad labai interaktyvi origami patirtis paskatins vaik\u0173 vaizduot\u0119, lavins j\u0173 praktinius \u012fg\u016bd\u017eius ir su\u017eadins j\u0173 susidom\u0117jim\u0105 mokslu. Rinkiniui nereikia \u017eirkli\u0173 ar klij\u0173, j\u012f lengva naudoti. Lenktynini\u0173 automobili\u0173 tema yra apr\u016bpinta tikrais ratais ir sprinto logotipais, leid\u017eian\u010diais vaikams patirti lenktyni\u0173 jaudul\u012f. Am\u017eius: 3+ D\u0117\u017eut\u0117s matmenys: 30 cm x 21 cm x 3,7 cm \u012e komplekt\u0105 \u012feina: 6 lenktynini\u0173 automobili\u0173 lapai, 2 trasos rekvizit\u0173 lapai, 2 lipduk\u0173 lapai, 6 rat\u0173 komplektai, 2 medin\u0117s lazdel\u0117s Med\u017eiaga: Popierius, medis<\/p>","protected":false},"featured_media":5132,"template":"","meta":[],"product_brand":[],"product_cat":[234,235,236,242,272,245,250,255,263,275],"product_tag":[],"class_list":{"0":"post-5111","1":"product","2":"type-product","3":"status-publish","4":"has-post-thumbnail","6":"product_cat-3-4-metai","7":"product_cat-5-6-metai","8":"product_cat-6-metai","9":"product_cat-dovanu-idejos","10":"product_cat-kaledines-dovanos","11":"product_cat-kurybiniu-uzduociu-knygeles","12":"product_cat-menai-ir-kurybiniai-uzsiemimai","13":"product_cat-naujienos","14":"product_cat-pasidaryk-pats","15":"product_cat-visos-meno-prekes","17":"first","18":"instock","19":"taxable","20":"shipping-taxable","21":"product-type-simple"},"jetpack_sharing_enabled":true,"_links":{"self":[{"href":"https:\/\/b2b.mideer.lt\/lv\/wp-json\/wp\/v2\/product\/5111"}],"collection":[{"href":"https:\/\/b2b.mideer.lt\/lv\/wp-json\/wp\/v2\/product"}],"about":[{"href":"https:\/\/b2b.mideer.lt\/lv\/wp-json\/wp\/v2\/types\/product"}],"wp:featuredmedia":[{"embeddable":true,"href":"https:\/\/b2b.mideer.lt\/lv\/wp-json\/wp\/v2\/media\/5132"}],"wp:attachment":[{"href":"https:\/\/b2b.mideer.lt\/lv\/wp-json\/wp\/v2\/media?parent=5111"}],"wp:term":[{"taxonomy":"product_brand","embeddable":true,"href":"https:\/\/b2b.mideer.lt\/lv\/wp-json\/wp\/v2\/product_brand?post=5111"},{"taxonomy":"product_cat","embeddable":true,"href":"https:\/\/b2b.mideer.lt\/lv\/wp-json\/wp\/v2\/product_cat?post=5111"},{"taxonomy":"product_tag","embeddable":true,"href":"https:\/\/b2b.mideer.lt\/lv\/wp-json\/wp\/v2\/product_tag?post=5111"}],"curies":[{"name":"wp","href":"https:\/\/api.w.org\/{rel}","templated":true}]}}