{"id":5040,"date":"2025-02-20T12:22:17","date_gmt":"2025-02-20T12:22:17","guid":{"rendered":"https:\/\/b2b.mideer.lt\/?post_type=product&#038;p=5040"},"modified":"2026-04-06T07:33:10","modified_gmt":"2026-04-06T07:33:10","slug":"kaleidoskopas-misko-koncertas","status":"publish","type":"product","link":"https:\/\/b2b.mideer.lt\/lv\/product\/kaleidoskopas-misko-koncertas\/","title":{"rendered":"Kaleidoskopa me\u017ea koncerts"},"content":{"rendered":"<p data-sourcepos=\"1:1-1:136\">Kaleidoskops ir klasiska rota\u013clieta, kas b\u0113rniem sniedz kr\u0101sainu att\u0113lu un rakstu burv\u012bbu, rosinot zin\u0101tk\u0101ri un est\u0113tisko izpratni.<\/p>\n<p><strong>Klasiska b\u0113rn\u012bbas rota\u013clieta:<\/strong> Nosta\u013c\u0123isks kaleidoskops, kas atdz\u012bvina b\u0113rn\u012bbas atmi\u0146as un sniedz m\u016b\u017e\u012bgu baud\u012bjumu.<\/p>\n<p><strong>Izgl\u012bt\u012bbas pieredze:<\/strong> Jautr\u0101 un interakt\u012bv\u0101 veid\u0101 iepaz\u012bstina b\u0113rnus ar att\u0113lu veido\u0161an\u0101s un gaismas atstaro\u0161anas principiem.<\/p>\n<p><strong>M\u0101kslinieciski veidots iepakojums:<\/strong> Iepakojum\u0101 ir prasm\u012bgu m\u0101kslinieku darbi, kas pal\u012bdz b\u0113rniem att\u012bst\u012bt visda\u017e\u0101d\u0101k\u0101s est\u0113tisk\u0101s izj\u016btas.<\/p>\n<p><strong>Augstas kvalit\u0101tes optika:<\/strong> Ar augstas iz\u0161\u0137irtsp\u0113jas objekt\u012bvu, kas nodro\u0161ina skaidrus att\u0113lus bez acu sasprindzin\u0101juma, nodro\u0161inot lielisku vizu\u0101lo pieredzi.<\/p>\n<p><strong>B\u0113rniem piem\u0113rots izm\u0113rs:<\/strong> Izstr\u0101d\u0101ts t\u0101, lai \u0113rti ietilptu b\u0113rna rok\u0101s, t\u0101d\u0113j\u0101di to var \u0113rti tur\u0113t un p\u0113t\u012bt.<\/p>\n<p><strong>Iztur\u012bga konstrukcija:<\/strong> Izgatavots no biezas pap\u012bra caurules bez smar\u017eas, tas ir iztur\u012bgs un konstru\u0113ts t\u0101, lai bez boj\u0101jumiem iztur\u0113tu rota\u013c\u012bgu lieto\u0161anu.<\/p>\n<p data-sourcepos=\"12:1-12:40\">\u0160\u012b produkta t\u0113ma ir \"Me\u017ea koncerts\".<\/p>\n<ul>\n<li data-sourcepos=\"14:1-14:10\"><strong>Am\u017eius: <\/strong>3+<\/li>\n<li data-sourcepos=\"16:1-16:27\"><strong>M\u0101kslinieks: <\/strong>Nata\u0161a Rosenberga<\/li>\n<li data-sourcepos=\"18:1-18:43\"><strong>Izm\u0113ri:<\/strong> 4,5 cm \u00d7 4,5 cm \u00d7 14,5 cm<\/li>\n<li data-sourcepos=\"20:1-20:30\"><strong>Materi\u0101ls: <\/strong>Pap\u012brs un stikls<\/li>\n<\/ul>","protected":false},"excerpt":{"rendered":"<p>Kaleidoskopas yra klasikinis \u017eaislas, kuris vaikams suteikia spalving\u0173 vaizd\u0173 ir ra\u0161t\u0173 magij\u0105, skatina smalsum\u0105 ir estetin\u012f supratim\u0105. Klasikinis vaikyst\u0117s \u017eaislas: Nostalgi\u0161kas kaleidoskopas, kuris atgaivina vaikyst\u0117s prisiminimus ir si\u016blo nesenstant\u012f malonum\u0105. Edukacin\u0117 patirtis: Linksmu ir interaktyviu b\u016bdu moko vaikus apie vaizdo formavimo ir \u0161viesos atspind\u017eio principus. Meni\u0161kai sukurta pakuot\u0117: Ant pakuot\u0117s pavaizduoti \u012fgudusi\u0173 meninink\u0173 darbai, kurie padeda vaikams ugdyti \u012fvair\u0173 estetin\u012f poj\u016bt\u012f. Auk\u0161tos kokyb\u0117s optika: \u012erengtas didelio skaidrumo l\u0119\u0161is, kuris sukuria ai\u0161kius vaizdus nevarginant aki\u0173 ir u\u017etikrina puiki\u0105 vizualin\u0119 patirt\u012f. Vaikams tinkamas dydis: Sukurtas taip, kad patogiai tilpt\u0173 vaik\u0173 rankose, tod\u0117l jiems lengva j\u012f laikyti ir tyrin\u0117ti. Patvari konstrukcija: Pagamintas i\u0161 storo, bekvapio popieriaus vamzdelio, yra tvirtas ir sukurtas taip, kad atlaikyt\u0173 \u017eaisming\u0105 naudojim\u0105 nepa\u017eeid\u017eiant. \u0160is gaminys yra &#8220;Mi\u0161ko koncertas&#8221; tematikos. Am\u017eius: 3+ Meninink\u0117: Nata\u0161a Rosenberg Matmenys: 4,5 cm \u00d7 4,5 cm \u00d7 14,5 cm Med\u017eiaga: Popierius ir stiklas<\/p>","protected":false},"featured_media":5038,"template":"","meta":[],"product_brand":[],"product_cat":[234,235,236,272,244,255,264,273,276],"product_tag":[],"class_list":{"0":"post-5040","1":"product","2":"type-product","3":"status-publish","4":"has-post-thumbnail","6":"product_cat-3-4-metai","7":"product_cat-5-6-metai","8":"product_cat-6-metai","9":"product_cat-kaledines-dovanos","10":"product_cat-kas-populiaru","11":"product_cat-naujienos","12":"product_cat-perkamiausi","13":"product_cat-visi-aksesuarai","14":"product_cat-zaislai-ir-zaidimai","16":"first","17":"instock","18":"taxable","19":"shipping-taxable","20":"product-type-simple"},"jetpack_sharing_enabled":true,"_links":{"self":[{"href":"https:\/\/b2b.mideer.lt\/lv\/wp-json\/wp\/v2\/product\/5040"}],"collection":[{"href":"https:\/\/b2b.mideer.lt\/lv\/wp-json\/wp\/v2\/product"}],"about":[{"href":"https:\/\/b2b.mideer.lt\/lv\/wp-json\/wp\/v2\/types\/product"}],"wp:featuredmedia":[{"embeddable":true,"href":"https:\/\/b2b.mideer.lt\/lv\/wp-json\/wp\/v2\/media\/5038"}],"wp:attachment":[{"href":"https:\/\/b2b.mideer.lt\/lv\/wp-json\/wp\/v2\/media?parent=5040"}],"wp:term":[{"taxonomy":"product_brand","embeddable":true,"href":"https:\/\/b2b.mideer.lt\/lv\/wp-json\/wp\/v2\/product_brand?post=5040"},{"taxonomy":"product_cat","embeddable":true,"href":"https:\/\/b2b.mideer.lt\/lv\/wp-json\/wp\/v2\/product_cat?post=5040"},{"taxonomy":"product_tag","embeddable":true,"href":"https:\/\/b2b.mideer.lt\/lv\/wp-json\/wp\/v2\/product_tag?post=5040"}],"curies":[{"name":"wp","href":"https:\/\/api.w.org\/{rel}","templated":true}]}}