{"id":5023,"date":"2025-02-20T11:50:06","date_gmt":"2025-02-20T11:50:06","guid":{"rendered":"https:\/\/b2b.mideer.lt\/?post_type=product&#038;p=5023"},"modified":"2026-04-12T07:29:57","modified_gmt":"2026-04-12T07:29:57","slug":"edukacine-delione-vabzdziu-pasaulis","status":"publish","type":"product","link":"https:\/\/b2b.mideer.lt\/lv\/product\/edukacine-delione-vabzdziu-pasaulis\/","title":{"rendered":"Izgl\u012btojo\u0161a puzle - Kukai\u0146u pasaule"},"content":{"rendered":"<p data-sourcepos=\"1:1-1:253\">Mideer izgl\u012btojo\u0161\u0101s puzles ir r\u016bp\u012bgi izstr\u0101d\u0101tas un apvieno jautru puzles salik\u0161anu ar enciklop\u0113disk\u0101m zin\u0101\u0161an\u0101m par dabu. \u0160\u012bs puzles ir lieliski piem\u0113rotas jauniem, zin\u0101tk\u0101riem pr\u0101tiem, un t\u0101s pied\u0101v\u0101 unik\u0101lu m\u0101kslinieciska dizaina un izgl\u012btojo\u0161a satura kombin\u0101ciju.<\/p>\n<p><strong>Izgl\u012btojo\u0161as m\u012bklas par 4 t\u0113m\u0101m:<\/strong> Iepaz\u012bstiet vair\u0101k nek\u0101 100 dz\u012bvnieku sugas, izmantojot 4 aizraujo\u0161as t\u0113mas. \u0160\u012b puz\u013cu s\u0113rija sniedzas t\u0101l\u0101k par tradicion\u0101laj\u0101m puzl\u0113m un darbojas k\u0101 izgl\u012btojo\u0161a enciklop\u0113dija, lai apmierin\u0101tu b\u0113rnu zin\u0101tk\u0101ri par dabas pasauli.<\/p>\n<p><strong>M\u0101ksliniecisk\u0101s ilustr\u0101cijas:<\/strong> T\u0101 ir apr\u012bkota ar satrieco\u0161iem starptautiski atz\u012bt\u0101 m\u0101kslinieka Pola Deivisa (Paul Davis) m\u0101kslas darbiem, kas papildina m\u0101c\u012bbu pieredzi ar vizu\u0101lu pievilc\u012bbu.<\/p>\n<p><strong>Prasmju att\u012bst\u012bba:<\/strong> Saliekot puzli, tiek att\u012bst\u012btas t\u0101das pamatprasmes k\u0101 nov\u0113ro\u0161ana un kritisk\u0101 dom\u0101\u0161ana, stimul\u0113jot b\u0113rnu kognit\u012bvo izaugsmi un att\u012bst\u012bbu.<\/p>\n<p><strong>Iztur\u012bgs un dro\u0161s:<\/strong> \u0160\u012bs puzles ir izgatavotas no iztur\u012bga r\u012bsu balt\u0101 kartona, un t\u0101s ir dro\u0161as b\u0113rniem, iztur\u012bgas pret kodumiem un izstr\u0101d\u0101tas t\u0101, lai iztur\u0113tu bie\u017eu lieto\u0161anu, nesapl\u0113\u0161ot.<\/p>\n<p><strong>Enciklop\u0113dija:<\/strong> Komplekt\u0101 iek\u013cauta visaptvero\u0161a m\u0101c\u012bbu gr\u0101mati\u0146a, kas kalpo gan k\u0101 dabas enciklop\u0113dija, gan k\u0101 uzzi\u0146u rokasgr\u0101mata, bag\u0101tinot b\u0113rnu m\u0101c\u012b\u0161anos un pal\u012bdzot nostiprin\u0101t jaun\u0101s zin\u0101\u0161anas.<\/p>\n<p><strong>Augst\u0101k\u0101 kvalit\u0101te:<\/strong> Prec\u012bzi veidotaj\u0101m puzl\u0113m ir augsta kr\u0101su precizit\u0101te, un t\u0101s ir stingri savienotas kop\u0101, nodro\u0161inot gludas malas dro\u0161ai lieto\u0161anai.<\/p>\n<p data-sourcepos=\"12:1-12:36\">\u0160\u012b puzle ir par kukai\u0146iem.<\/p>\n<ul data-sourcepos=\"14:1-18:27\">\n<li data-sourcepos=\"14:1-14:18\"><strong>Am\u017eius:<\/strong> 3+<\/li>\n<li data-sourcepos=\"15:1-15:46\"><strong>D\u0117\u017eut\u0117s matmenys:<\/strong> 21 cm x 7 cm x 18 cm<\/li>\n<li data-sourcepos=\"16:1-16:51\"><strong>Saloc\u012bt\u0101s puzles izm\u0113rs:<\/strong> 55,5 cm \u00d7 37,5 cm<\/li>\n<li data-sourcepos=\"17:1-17:36\"><strong>Puzles elementu skaits:<\/strong> 126<\/li>\n<li data-sourcepos=\"18:1-18:27\"><strong>Materi\u0101ls:<\/strong> Pap\u012brs<\/li>\n<\/ul>","protected":false},"excerpt":{"rendered":"<p>Mideer edukacin\u0117s d\u0117lion\u0117s yra kruop\u0161\u010diai suprojektuotos ir derina smag\u0173 d\u0117lion\u0117s surinkim\u0105 su gamtos enciklopedijos \u017einiomis. Puikiai tinka jauniems, smalsiems protams, \u0161ios d\u0117lion\u0117s si\u016blo unikal\u0173 meninio dizaino ir edukacinio turinio derin\u012f. Mokomosios 4 tem\u0173 d\u0117lion\u0117s: tyrin\u0117kite daugiau nei 100 gyv\u016bn\u0173 r\u016b\u0161i\u0173 per 4 \u012ftraukian\u010dias temas. \u0160i d\u0117lion\u0117s serija pranoksta tradicines d\u0117liones, veikdama kaip edukacin\u0117 enciklopedija, patenkinanti vaik\u0173 smalsum\u0105 apie gamtos pasaul\u012f. Menin\u0117s iliustracijos: Pasi\u017eymi nuostabiais, tarptautiniu mastu pripa\u017einto menininko Paulo Daviso sukurtais meno k\u016briniais, kurie praturtina mokymosi patirt\u012f vizualiniu patrauklumu. \u012eg\u016bd\u017ei\u0173 tobulinimas: D\u0117lion\u0117s surinkimas lavina pagrindinius \u012fg\u016bd\u017eius, tokius kaip steb\u0117jimas ir kritinis m\u0105stymas, skatinant vaik\u0173 pa\u017eintin\u012f augim\u0105 ir vystym\u0105si. Patvarios ir saugios: Pagamintos i\u0161 tvirto ry\u017ei\u0173 balto kartono, \u0161ios d\u0117lion\u0117s yra saugios vaikams, atsparios \u012fkandimams ir sukurtos taip, kad atlaikyt\u0173 da\u017en\u0105 naudojim\u0105 be ply\u0161imo. Enciklopedija: Rinkinyje yra i\u0161samus edukacinis bukletas, kuris veikia ir kaip gamtos enciklopedija, ir kaip nuorod\u0173 vadovas, praturtinant vaik\u0173 mokym\u0105si ir padedant \u012ftvirtinti naujas \u017einias. Auk\u0161\u010diausios kokyb\u0117s meistri\u0161kumas: Precizi\u0161kai pagamintos d\u0117lion\u0117s pasi\u017eymi dideliu spalv\u0173 tikslumu ir tvirtai susijungia, u\u017etikrinant lygius kra\u0161tus saugiam naudojimui. \u0160i d\u0117lion\u0117 yra apie vabzd\u017eius. Am\u017eius: 3+ D\u0117\u017eut\u0117s matmenys: 21 cm x 7 cm x 18 cm Surinktos d\u0117lion\u0117s dydis: 55,5 cm \u00d7 37,5 cm D\u0117lion\u0117s dali\u0173 skai\u010dius: 126 Med\u017eiaga: Popierius<\/p>","protected":false},"featured_media":5028,"template":"","meta":[],"product_brand":[],"product_cat":[234,235,280,240,251,255,258,274],"product_tag":[],"class_list":{"0":"post-5023","1":"product","2":"type-product","3":"status-publish","4":"has-post-thumbnail","6":"product_cat-3-4-metai","7":"product_cat-5-6-metai","8":"product_cat-akcija","9":"product_cat-deliones","10":"product_cat-meninku-kurtos-deliones","11":"product_cat-naujienos","12":"product_cat-nuo-100-iki-300-daliu","13":"product_cat-visos-deliones","15":"first","16":"outofstock","17":"taxable","18":"shipping-taxable","19":"product-type-simple"},"jetpack_sharing_enabled":true,"_links":{"self":[{"href":"https:\/\/b2b.mideer.lt\/lv\/wp-json\/wp\/v2\/product\/5023"}],"collection":[{"href":"https:\/\/b2b.mideer.lt\/lv\/wp-json\/wp\/v2\/product"}],"about":[{"href":"https:\/\/b2b.mideer.lt\/lv\/wp-json\/wp\/v2\/types\/product"}],"wp:featuredmedia":[{"embeddable":true,"href":"https:\/\/b2b.mideer.lt\/lv\/wp-json\/wp\/v2\/media\/5028"}],"wp:attachment":[{"href":"https:\/\/b2b.mideer.lt\/lv\/wp-json\/wp\/v2\/media?parent=5023"}],"wp:term":[{"taxonomy":"product_brand","embeddable":true,"href":"https:\/\/b2b.mideer.lt\/lv\/wp-json\/wp\/v2\/product_brand?post=5023"},{"taxonomy":"product_cat","embeddable":true,"href":"https:\/\/b2b.mideer.lt\/lv\/wp-json\/wp\/v2\/product_cat?post=5023"},{"taxonomy":"product_tag","embeddable":true,"href":"https:\/\/b2b.mideer.lt\/lv\/wp-json\/wp\/v2\/product_tag?post=5023"}],"curies":[{"name":"wp","href":"https:\/\/api.w.org\/{rel}","templated":true}]}}