{"id":5005,"date":"2025-02-20T11:20:10","date_gmt":"2025-02-20T11:20:10","guid":{"rendered":"https:\/\/b2b.mideer.lt\/?post_type=product&#038;p=5005"},"modified":"2026-04-03T18:32:13","modified_gmt":"2026-04-03T18:32:13","slug":"akriliniai-markeriai-su-teptukiniu-antgaliu-spalvinimo-dekle-60-spalvos","status":"publish","type":"product","link":"https:\/\/b2b.mideer.lt\/lv\/product\/akriliniai-markeriai-su-teptukiniu-antgaliu-spalvinimo-dekle-60-spalvos\/","title":{"rendered":"Akrila flom\u0101steri ar otas uzgal\u012bti kr\u0101sojam\u0101 korpus\u0101 - 60 kr\u0101sas"},"content":{"rendered":"<p data-sourcepos=\"3:1-3:298\">Akrila mar\u0137ieri ar m\u012bkstu otas uzgal\u012bti kr\u0101sojam\u0101 papl\u0101t\u0113 ir daudzpus\u012bgs un saisto\u0161s l\u012bdzeklis m\u0101kslinieciskai izpausmei un ma\u0146u att\u012bst\u012bbai. \u0160is unik\u0101lais produkts ir lieliski piem\u0113rots jaunajiem m\u0101ksliniekiem, kuri v\u0113las iepaz\u012bt spilgtas kr\u0101sas un izdomas bag\u0101tus z\u012bm\u0113jumus uz da\u017e\u0101d\u0101m virsm\u0101m.<\/p>\n<p><strong>M\u012bksts uzgalis:<\/strong> Ar m\u012bksto otas uzgal\u012bti var z\u012bm\u0113t gan biezas, gan pl\u0101nas l\u012bnijas, t\u0101p\u0113c tas ir piem\u0113rots visda\u017e\u0101d\u0101kajiem kr\u0101so\u0161anas veidiem.<\/p>\n<p><strong>Kr\u0101sojam\u0101 papl\u0101te:<\/strong> Komplekt\u0101 ir r\u0101v\u0113jsl\u0113dz\u0113ja aizdares futr\u0101lis, kas \u013cauj b\u0113rniem izveidot savu modernu somu un \u0113rti n\u0113s\u0101t to l\u012bdzi.<\/p>\n<p><strong>Spilgtas kr\u0101sas ar sp\u0113c\u012bgu sa\u0137eri:<\/strong> \u0160\u012bs kr\u0101sas ir spilgtas un \u013coti labi piegu\u013c, \u013caujot b\u0113rniem z\u012bm\u0113t uz da\u017e\u0101d\u0101m virsm\u0101m, nodro\u0161inot notur\u012bgus rezult\u0101tus.<\/p>\n<p><strong>P\u0101rn\u0113s\u0101jams iepakojums:<\/strong> Mar\u0137ieri ir iesai\u0146oti \u0113rt\u0101 futr\u0101l\u012b, t\u0101p\u0113c tos ir viegli p\u0101rn\u0113s\u0101t un glab\u0101t, un tie ir lieliski piem\u0113roti rado\u0161ai darb\u012bbai ce\u013c\u0101.<\/p>\n<p><strong>Izskalojiet formulu:<\/strong> Kr\u0101su ir viegli noslauc\u012bt no \u0101das, t\u0101p\u0113c vec\u0101ki nov\u0113rt\u0113s t\u012bru un k\u0101rt\u012bgu lieto\u0161anu.<\/p>\n<ul data-sourcepos=\"5:1-12:39\">\n<li data-sourcepos=\"10:1-10:18\"><strong>Am\u017eius:<\/strong> 3+<\/li>\n<li data-sourcepos=\"11:1-11:48\"><strong>Kastes izm\u0113ri: 16 cm x 8,5 cm x 16 cm<\/strong><\/li>\n<li data-sourcepos=\"12:1-12:39\"><strong>Ietver:<\/strong> 60 mar\u0137ieri<\/li>\n<\/ul>","protected":false},"excerpt":{"rendered":"<p>Akriliniai markeriai su mink\u0161tu teptukiniu galiuku spalvinimo d\u0117kle yra universali ir \u012ftraukianti priemon\u0117, skirta meninei rai\u0161kai ir sensoriniam vystymuisi. \u0160is unikalus produktas puikiai tinka jauniems menininkams, norintiems tyrin\u0117ti ry\u0161kias spalvas ir vaizduot\u0117s kupinus dizainus ant \u012fvairi\u0173 pavir\u0161i\u0173. Mink\u0161tas galiukas: Mink\u0161tas \u0161epet\u0117lio galiukas gali br\u0117\u017eti tiek storas, tiek plonas linijas, tod\u0117l tinka \u012fvairiems da\u017eymo b\u016bdams. Spalvinimo d\u0117klas: Rinkinyje yra d\u0117klas su u\u017etrauktuku, leid\u017eiantis vaikams patiems susikurti savo mading\u0105 krep\u0161\u012f ir lengvai j\u012f ne\u0161iotis kartu su savimi. Ry\u0161kios spalvos su stipriu sukibimu: \u0160ios spalvos yra ry\u0161kios ir labai gerai sukimba, tod\u0117l vaikai gali pie\u0161ti ant \u012fvairi\u0173 pavir\u0161i\u0173 ir pasiekti ilgalaiki\u0173 rezultat\u0173. Ne\u0161iojama pakuot\u0117: Supakuota \u012f patogiai transportuojam\u0105 d\u0117kl\u0105, tod\u0117l markerius lengva ne\u0161iotis ir laikyti, puikiai tinka k\u016brybi\u0161kumui keliaujant. Nuplaunama formul\u0117: Da\u017eus lengva nuvalyti nuo odos, tod\u0117l t\u0117vai \u012fvertins \u0161var\u0173 ir tvarking\u0105 naudojim\u0105. Am\u017eius: 3+ D\u0117\u017eut\u0117s matmenys: 16cm x 8.5 cm x 16cm \u012e komplekt\u0105 \u012feina: 60 markeriai<\/p>","protected":false},"featured_media":5006,"template":"","meta":[],"product_brand":[],"product_cat":[234,235,236,244,250,252,254,255,268,275],"product_tag":[],"class_list":{"0":"post-5005","1":"product","2":"type-product","3":"status-publish","4":"has-post-thumbnail","6":"product_cat-3-4-metai","7":"product_cat-5-6-metai","8":"product_cat-6-metai","9":"product_cat-kas-populiaru","10":"product_cat-menai-ir-kurybiniai-uzsiemimai","11":"product_cat-meno-reikmenys","12":"product_cat-mokyklos-reikmenys","13":"product_cat-naujienos","14":"product_cat-spalvinimo-priemones","15":"product_cat-visos-meno-prekes","17":"first","18":"instock","19":"taxable","20":"shipping-taxable","21":"product-type-simple"},"jetpack_sharing_enabled":true,"_links":{"self":[{"href":"https:\/\/b2b.mideer.lt\/lv\/wp-json\/wp\/v2\/product\/5005"}],"collection":[{"href":"https:\/\/b2b.mideer.lt\/lv\/wp-json\/wp\/v2\/product"}],"about":[{"href":"https:\/\/b2b.mideer.lt\/lv\/wp-json\/wp\/v2\/types\/product"}],"wp:featuredmedia":[{"embeddable":true,"href":"https:\/\/b2b.mideer.lt\/lv\/wp-json\/wp\/v2\/media\/5006"}],"wp:attachment":[{"href":"https:\/\/b2b.mideer.lt\/lv\/wp-json\/wp\/v2\/media?parent=5005"}],"wp:term":[{"taxonomy":"product_brand","embeddable":true,"href":"https:\/\/b2b.mideer.lt\/lv\/wp-json\/wp\/v2\/product_brand?post=5005"},{"taxonomy":"product_cat","embeddable":true,"href":"https:\/\/b2b.mideer.lt\/lv\/wp-json\/wp\/v2\/product_cat?post=5005"},{"taxonomy":"product_tag","embeddable":true,"href":"https:\/\/b2b.mideer.lt\/lv\/wp-json\/wp\/v2\/product_tag?post=5005"}],"curies":[{"name":"wp","href":"https:\/\/api.w.org\/{rel}","templated":true}]}}