{"id":500,"date":"2024-04-26T07:43:28","date_gmt":"2024-04-26T07:43:28","guid":{"rendered":"https:\/\/b2b.mideer.lt\/product\/10-meter-giant-coloring-scroll-city\/"},"modified":"2026-05-12T07:31:01","modified_gmt":"2026-05-12T07:31:01","slug":"10-meter-giant-coloring-scroll-city","status":"publish","type":"product","link":"https:\/\/b2b.mideer.lt\/lv\/product\/10-meter-giant-coloring-scroll-city\/","title":{"rendered":"Milzu kr\u0101sojam\u0101 ru\u013c\u013ca pils\u0113ta"},"content":{"rendered":"<p data-sourcepos=\"9:1-9:357\">10 metrus gar\u0161 kr\u0101so\u0161anas piedz\u012bvojums d\u017eung\u013cos! Kr\u0101so, z\u012bm\u0113 un m\u0101cies! Z\u012bm\u0113jum\u0101 sl\u0113pjas ros\u012bga pils\u0113ta - \u0113kas, ielas, automa\u0161\u012bnas un daudz kas cits! Z\u012bm\u0113 un atkl\u0101j pils\u0113tas dz\u012bves nosl\u0113pumus. \u012apa\u0161ais pap\u012brs ne\u013cauj kr\u0101s\u0101m izpl\u016bst cauri. Dro\u0161as sojas pupi\u0146u tintes - varat z\u012bm\u0113t bez raiz\u0113m! L\u012bdz 500 da\u017e\u0101d\u0101m ilustr\u0101cij\u0101m un da\u017e\u0101das aktivit\u0101tes, kas pal\u012bdz\u0113s iepaz\u012bt d\u017eung\u013cus.<\/p>\n<ul>\n<li><strong>Am\u017eius:<\/strong> 3+<\/li>\n<li><strong>D\u0117\u017eut\u0117s matmenys:<\/strong> 43 cm x 5 cm x 5 cm x 5 cm<\/li>\n<li><strong>Izm\u0113ri:<\/strong> 43 cm x 1000 cm<\/li>\n<li><strong>Materi\u0101ls:<\/strong> Pap\u012brs<\/li>\n<\/ul>","protected":false},"excerpt":{"rendered":"<p>10 metr\u0173 spalvinimo nuotykis po d\u017eiungles! Spalvink, pie\u0161k ir mokykis! Pie\u0161inyje slepiasi \u0161urmuliuojantis miestas &#8211; pastatai, gatv\u0117s, automobiliai ir dar daugiau! Pie\u0161k ir atrask miesto gyvenimo paslaptis. Specialus popierius nepraleid\u017eia spalv\u0173. Saug\u016bs da\u017eai i\u0161 soj\u0173 pupeli\u0173 &#8211; gali pie\u0161ti be r\u016bpes\u010di\u0173! Net 500 skirting\u0173 iliustracij\u0173, \u012fvairiausi\u0173 u\u017eduot\u0117li\u0173, kurios pad\u0117s pa\u017einti d\u017eiungles. Am\u017eius: 3+ D\u0117\u017eut\u0117s matmenys: 43 cm x 5 cm x 5 cm Matmenys: 43 cm x 1000 cm Med\u017eiaga: Popierius<\/p>","protected":false},"featured_media":2685,"template":"","meta":[],"product_brand":[],"product_cat":[234,235,236,250,277,267,275],"product_tag":[16,17,18,27,40,58,145,85,36,22,23],"class_list":{"0":"post-500","1":"product","2":"type-product","3":"status-publish","4":"has-post-thumbnail","6":"product_cat-3-4-metai","7":"product_cat-5-6-metai","8":"product_cat-6-metai","9":"product_cat-menai-ir-kurybiniai-uzsiemimai","10":"product_cat-smart-products-filter-index-do-not-delete","11":"product_cat-spalvinimo-knygeles","12":"product_cat-visos-meno-prekes","13":"product_tag-age-3-4-years","14":"product_tag-age-5-6-years","15":"product_tag-age-6-years","16":"product_tag-arts-crafts","17":"product_tag-best-sellers","18":"product_tag-cars-trucks","19":"product_tag-coloring-rolls-books","20":"product_tag-for-girls","21":"product_tag-kol-koc","22":"product_tag-regular-sale","23":"product_tag-test","25":"first","26":"instock","27":"taxable","28":"shipping-taxable","29":"product-type-simple"},"jetpack_sharing_enabled":true,"_links":{"self":[{"href":"https:\/\/b2b.mideer.lt\/lv\/wp-json\/wp\/v2\/product\/500"}],"collection":[{"href":"https:\/\/b2b.mideer.lt\/lv\/wp-json\/wp\/v2\/product"}],"about":[{"href":"https:\/\/b2b.mideer.lt\/lv\/wp-json\/wp\/v2\/types\/product"}],"wp:featuredmedia":[{"embeddable":true,"href":"https:\/\/b2b.mideer.lt\/lv\/wp-json\/wp\/v2\/media\/2685"}],"wp:attachment":[{"href":"https:\/\/b2b.mideer.lt\/lv\/wp-json\/wp\/v2\/media?parent=500"}],"wp:term":[{"taxonomy":"product_brand","embeddable":true,"href":"https:\/\/b2b.mideer.lt\/lv\/wp-json\/wp\/v2\/product_brand?post=500"},{"taxonomy":"product_cat","embeddable":true,"href":"https:\/\/b2b.mideer.lt\/lv\/wp-json\/wp\/v2\/product_cat?post=500"},{"taxonomy":"product_tag","embeddable":true,"href":"https:\/\/b2b.mideer.lt\/lv\/wp-json\/wp\/v2\/product_tag?post=500"}],"curies":[{"name":"wp","href":"https:\/\/api.w.org\/{rel}","templated":true}]}}