{"id":4930,"date":"2025-01-16T16:39:43","date_gmt":"2025-01-16T16:39:43","guid":{"rendered":"https:\/\/b2b.mideer.lt\/?post_type=product&#038;p=4930"},"modified":"2026-04-20T07:30:27","modified_gmt":"2026-04-20T07:30:27","slug":"magnetinis-konstruktorius-mazasis-architektas-36-daliu","status":"publish","type":"product","link":"https:\/\/b2b.mideer.lt\/lv\/product\/magnetinis-konstruktorius-mazasis-architektas-36-daliu\/","title":{"rendered":"Magn\u0113tisko konstrukciju konstruktors - in\u017eenierzin\u0101tnes"},"content":{"rendered":"<p>Ar kr\u0101sainiem magn\u0113tiskajiem kluc\u012b\u0161iem atkl\u0101jiet in\u017eenierzin\u0101t\u0146u pasauli - no plakanas l\u012bdz tr\u012bsdimensiju. P\u0101rejiet no vienk\u0101r\u0161as izpratnes uz sare\u017e\u0123\u012btu konstru\u0113\u0161anu un pak\u0101peniski att\u012bstiet sava b\u0113rna smadzenes. Unik\u0101lais sl\u012bpais dizains \u013cauj gaismai viegli izpl\u016bst cauri magn\u0113tiskajiem kluc\u012b\u0161iem, radot mirdzo\u0161u efektu. Augstas kvalit\u0101tes magn\u0113tisk\u0101 pamatne nodro\u0161ina stabilu konstru\u0113\u0161anas procesu.<\/p>\n<ul>\n<li data-sourcepos=\"5:1-9:26\"><strong>Am\u017eius:<\/strong> 3+<\/li>\n<li data-sourcepos=\"5:1-9:26\"><strong>D\u0117\u017eut\u0117s matmenys:<\/strong> 35,5 cm x 24,3 cm x 8 cm<\/li>\n<li data-sourcepos=\"5:1-9:26\"><strong>Ietver:<\/strong> 32 da\u017e\u0101das in\u017eeniertehnisk\u0101s\/\u0123eometrisk\u0101s deta\u013cas, 1 celtnis, 1 transportl\u012bdzeklis, 2 in\u017eenieri, glab\u0101\u0161anas soma, instrukcija.<\/li>\n<li data-sourcepos=\"5:1-9:26\"><strong>Da\u013cu skaits:<\/strong> 36 da\u013cas<\/li>\n<li data-sourcepos=\"5:1-9:26\"><strong>Materi\u0101ls:<\/strong> Magneto un MABS<\/li>\n<\/ul>","protected":false},"excerpt":{"rendered":"<p>Nuo plok\u0161\u010dios iki trimat\u0117s formos \u2013 atraskite in\u017einerijos pasaul\u012f su spalvingais magnetiniais blokais. \u017denkite nuo paprasto supratimo link sud\u0117tingo konstravavimo ir palaipsniui vystykite vaiko smegenis. Unikalus pasvirusis dizainas leid\u017eia \u0161viesai lengvai prasiskverbti pro magnetinius blokus ir sukurti \u017e\u0117rin\u010dio efekto.\u00a0Auk\u0161\u010diausios kokyb\u0117s magnetinis pagrindas u\u017etikrina stabil\u0173 statybos proces\u0105. Am\u017eius: 3+ D\u0117\u017eut\u0117s matmenys: 35,5 cm x 24,3 cm x 8 cm \u012e komplekt\u0105 \u012feina: 32 skirting\u0173 in\u017einerini\u0173 \/ geometrini\u0173 dali\u0173, 1 kranas, 1 transporto priemon\u0117, 2 in\u017eineriai, laikymo mai\u0161elis, instrukcija Detali\u0173 skai\u010dius: 36 detali\u0173 Med\u017eiaga: Magnetas ir MABS<\/p>","protected":false},"featured_media":4931,"template":"","meta":[],"product_brand":[],"product_cat":[234,235,236,239,242,244,248,255,276],"product_tag":[],"class_list":{"0":"post-4930","1":"product","2":"type-product","3":"status-publish","4":"has-post-thumbnail","6":"product_cat-3-4-metai","7":"product_cat-5-6-metai","8":"product_cat-6-metai","9":"product_cat-daugiau-zaislu-ir-zaidimu","10":"product_cat-dovanu-idejos","11":"product_cat-kas-populiaru","12":"product_cat-magnetiniai-konstruktoriai","13":"product_cat-naujienos","14":"product_cat-zaislai-ir-zaidimai","16":"first","17":"instock","18":"taxable","19":"shipping-taxable","20":"product-type-simple"},"jetpack_sharing_enabled":true,"_links":{"self":[{"href":"https:\/\/b2b.mideer.lt\/lv\/wp-json\/wp\/v2\/product\/4930"}],"collection":[{"href":"https:\/\/b2b.mideer.lt\/lv\/wp-json\/wp\/v2\/product"}],"about":[{"href":"https:\/\/b2b.mideer.lt\/lv\/wp-json\/wp\/v2\/types\/product"}],"wp:featuredmedia":[{"embeddable":true,"href":"https:\/\/b2b.mideer.lt\/lv\/wp-json\/wp\/v2\/media\/4931"}],"wp:attachment":[{"href":"https:\/\/b2b.mideer.lt\/lv\/wp-json\/wp\/v2\/media?parent=4930"}],"wp:term":[{"taxonomy":"product_brand","embeddable":true,"href":"https:\/\/b2b.mideer.lt\/lv\/wp-json\/wp\/v2\/product_brand?post=4930"},{"taxonomy":"product_cat","embeddable":true,"href":"https:\/\/b2b.mideer.lt\/lv\/wp-json\/wp\/v2\/product_cat?post=4930"},{"taxonomy":"product_tag","embeddable":true,"href":"https:\/\/b2b.mideer.lt\/lv\/wp-json\/wp\/v2\/product_tag?post=4930"}],"curies":[{"name":"wp","href":"https:\/\/api.w.org\/{rel}","templated":true}]}}