{"id":4925,"date":"2025-01-16T16:32:43","date_gmt":"2025-01-16T16:32:43","guid":{"rendered":"https:\/\/b2b.mideer.lt\/?post_type=product&#038;p=4925"},"modified":"2026-04-29T07:30:03","modified_gmt":"2026-04-29T07:30:03","slug":"papuosalu-kurimo-rinkinys-su-papuosalu-dezute","status":"publish","type":"product","link":"https:\/\/b2b.mideer.lt\/lv\/product\/papuosalu-kurimo-rinkinys-su-papuosalu-dezute\/","title":{"rendered":"JUVELIERIZSTR\u0100D\u0100JUMU IZGATAVO\u0160ANAS KOMPLEKTS AR JUVELIERIZSTR\u0100D\u0100JUMU KAST\u012aTI"},"content":{"rendered":"<p data-sourcepos=\"5:1-5:49\">\u0160is mideer rotaslietu gatavo\u0161anas komplekts \u013cauj b\u0113rniem izveidot unik\u0101lus modes aksesu\u0101rus, piem\u0113ram, kaklarotas, aproces, gredzenus un auskarus. B\u0113rni var viegli izveidot savas unik\u0101l\u0101s rotaslietas tr\u012bs vienk\u0101r\u0161os so\u013cos.Vispirms vi\u0146i izv\u0113las savas m\u012b\u013c\u0101k\u0101s p\u0113rl\u012btes un piekari\u0146us no komplekta. Tad vi\u0146i nogrie\u017e elast\u012bgo, caursp\u012bd\u012bgo auklu, kas atrodas komplekt\u0101, l\u012bdz vajadz\u012bgajam garumam. Visbeidzot, vi\u0146i uzvelk krelles izv\u0113l\u0113taj\u0101 sec\u012bb\u0101 un auklas gal\u0101 sasien cie\u0161u mezglu, lai viss tur\u0113tos sav\u0101 viet\u0101. Tas ir lielisks veids, k\u0101 att\u012bst\u012bt rado\u0161umu, uzlabot s\u012bko motoriku un sniegt b\u0113rniem jautru veidu, k\u0101 izpaust savu person\u012bbu.<\/p>\n<ul>\n<li data-sourcepos=\"10:1-10:162\"><strong>Sp\u012bd\u012bgas p\u0113rl\u012btes:<\/strong> Izmantojot modernu kr\u0101su p\u0101rkl\u0101juma tehniku, \u0161\u012b komplekta p\u0113rl\u0113m ir spilgta, sp\u012bd\u012bga apdare, kas uzlabo rotaslietas est\u0113tisko pievilc\u012bbu.<\/li>\n<li data-sourcepos=\"11:1-11:224\"><strong>Lieliska izv\u0113le d\u0101vanai:<\/strong> Komplekt\u0101 ir ar\u012b p\u0101rdom\u0101tas papildu funkcijas, piem\u0113ram, ieb\u016bv\u0113ts spogulis un glab\u0101\u0161anas atvilktnes, kas to padara par izcilu d\u0101vanu, kas veicina rado\u0161umu un person\u012bgo izaugsmi.<\/li>\n<li data-sourcepos=\"12:1-12:159\"><strong>Viegli lietojams:<\/strong> \u0160is komplekts ir lieliski piem\u0113rots ies\u0101c\u0113jiem un pal\u012bdz uzlabot konstru\u0113\u0161anas prasmes, izmantojot vienk\u0101r\u0161as un skaidras instrukcijas, kas padara mont\u0101\u017eas procesu pat\u012bkamu un aizraujo\u0161u.<\/li>\n<li data-sourcepos=\"13:1-13:179\"><strong>T\u012brs:<\/strong> Katrs komponents komplekt\u0101 ir gl\u012bti sak\u0101rtots, padarot p\u0113rl\u012btes un piekari\u0146us viegli atrodamus un uzglab\u0101jamus, samazinot jucekli un nov\u0113r\u0161ot deta\u013cu zudumus.<\/li>\n<\/ul>\n<p><strong>Am\u017eius:<\/strong> 8+<\/p>\n<p><strong>D\u0117\u017eut\u0117s matmenys:<\/strong> 21,5 cm x 15,7 cm x 11 cm<\/p>\n<p><strong>Komplekt\u0101 ietilpst:<\/strong> Caursp\u012bd\u012bga aukla, 1 instrukcijas gr\u0101mati\u0146a, juvelierizstr\u0101d\u0101jumu piederumi<\/p>","protected":false},"excerpt":{"rendered":"<p>\u0160is mideer papuo\u0161al\u0173 k\u016brimo rinkinys, leid\u017eia vaikams kurti unikalius mados aksesuarus, tokius kaip v\u0117riniai, apyrank\u0117s,\u017eiedai ir auskarai. Vaikai gali lengvai sukurti savo unikalius juvelyrinius dirbinius atlikdami tris paprastus veiksmus.Pirmiausia, jie pasirenka m\u0117gstamiausius karoliukus ir pakabukus i\u0161 rinkinio. Tada jie atsikerpa reikiamo ilgio rinkinyje esan\u010di\u0105 elasting\u0105, skaidri\u0105 virvel\u0119. Galiausiai, jie suveria karoliukus pasirinkta tvarka ir tvirtai suri\u0161a mazg\u0105 virvel\u0117s gale, kad viskas likt\u0173 vietoje. Tai puikus b\u016bdas ugdyti k\u016brybi\u0161kum\u0105, tobulinti smulki\u0105j\u0105 motorik\u0105 ir suteikti vaikams linksm\u0105 b\u016bd\u0105 i\u0161reik\u0161ti savo asmenyb\u0119. Blizgantys karoliukai: Naudojant pa\u017eangi\u0105 spalv\u0173 dengimo technik\u0105, \u0161io rinkinio karoliukai turi ry\u0161ki\u0105, blizgan\u010di\u0105 apdail\u0105, kuri sustiprina juvelyrini\u0173 dirbini\u0173 estetin\u012f patrauklum\u0105. Puikus dovanos pasirinkimas: Apima apgalvotas papildomas funkcijas, tokias kaip \u012fmontuotas veidrodis ir laikymo stal\u010diai, tod\u0117l tai yra i\u0161skirtin\u0117 dovana, kuri skatina k\u016brybi\u0161kum\u0105 ir asmenyb\u0117s augim\u0105. Lengvai naudojamas: Rinkinys yra puikus pradedantiesiems ir padeda tobulinti k\u016brimo \u012fg\u016bd\u017eius su paprastomis,ai\u0161kiomis instrukcijomis, tod\u0117l surinkimo procesas tampa malonus ir \u012ftraukiantis. Tvarkingas: Kiekvienas komponentas yra tvarkingai organizuotas rinkinyje, tod\u0117l karoliukus ir pakabukus lengva rasti ir laikyti, suma\u017einant netvark\u0105 ir neprarandant detali\u0173. Am\u017eius: 8+ D\u0117\u017eut\u0117s matmenys: 21,5 cm x 15,7 cm x 11 cm Rinkin\u012f sudaro: Skaidri virvel\u0117, 1 instrukcijos knygel\u0117, juvelyrikos aksesuarai<\/p>","protected":false},"featured_media":4926,"template":"","meta":[],"product_brand":[],"product_cat":[236,242,272,244,245,255,263,273],"product_tag":[],"class_list":{"0":"post-4925","1":"product","2":"type-product","3":"status-publish","4":"has-post-thumbnail","6":"product_cat-6-metai","7":"product_cat-dovanu-idejos","8":"product_cat-kaledines-dovanos","9":"product_cat-kas-populiaru","10":"product_cat-kurybiniu-uzduociu-knygeles","11":"product_cat-naujienos","12":"product_cat-pasidaryk-pats","13":"product_cat-visi-aksesuarai","15":"first","16":"instock","17":"taxable","18":"shipping-taxable","19":"product-type-simple"},"jetpack_sharing_enabled":true,"_links":{"self":[{"href":"https:\/\/b2b.mideer.lt\/lv\/wp-json\/wp\/v2\/product\/4925"}],"collection":[{"href":"https:\/\/b2b.mideer.lt\/lv\/wp-json\/wp\/v2\/product"}],"about":[{"href":"https:\/\/b2b.mideer.lt\/lv\/wp-json\/wp\/v2\/types\/product"}],"wp:featuredmedia":[{"embeddable":true,"href":"https:\/\/b2b.mideer.lt\/lv\/wp-json\/wp\/v2\/media\/4926"}],"wp:attachment":[{"href":"https:\/\/b2b.mideer.lt\/lv\/wp-json\/wp\/v2\/media?parent=4925"}],"wp:term":[{"taxonomy":"product_brand","embeddable":true,"href":"https:\/\/b2b.mideer.lt\/lv\/wp-json\/wp\/v2\/product_brand?post=4925"},{"taxonomy":"product_cat","embeddable":true,"href":"https:\/\/b2b.mideer.lt\/lv\/wp-json\/wp\/v2\/product_cat?post=4925"},{"taxonomy":"product_tag","embeddable":true,"href":"https:\/\/b2b.mideer.lt\/lv\/wp-json\/wp\/v2\/product_tag?post=4925"}],"curies":[{"name":"wp","href":"https:\/\/api.w.org\/{rel}","templated":true}]}}