{"id":4884,"date":"2025-01-15T10:47:30","date_gmt":"2025-01-15T10:47:30","guid":{"rendered":"https:\/\/b2b.mideer.lt\/?post_type=product&#038;p=4884"},"modified":"2026-04-19T07:30:04","modified_gmt":"2026-04-19T07:30:04","slug":"sukneliu-gamybos-knyga-vintazine-kolekcija","status":"publish","type":"product","link":"https:\/\/b2b.mideer.lt\/lv\/product\/sukneliu-gamybos-knyga-vintazine-kolekcija\/","title":{"rendered":"\u0160\u016b\u0161anas gr\u0101mata - Vintage kolekcija"},"content":{"rendered":"<p data-sourcepos=\"1:1-1:491\">Atbr\u012bvojiet savu mazo iek\u0161\u0113jo modes dizaineri ar mideer DIY <strong>kleitu \u0161\u016b\u0161anas gr\u0101mata<\/strong>! \u0160\u012b rado\u0161\u0101 un izgl\u012btojo\u0161\u0101 gr\u0101mata \u013cauj b\u0113rniem pa\u0161iem projekt\u0113t un izgatavot savas unik\u0101l\u0101s kleitas. Iesp\u0113jas ir bezgal\u012bgas, pateicoties da\u017e\u0101diem kr\u0101sainiem \u012bstiem audumiem un uzl\u012bm\u0113m. Viegli saprotam\u0101s instrukcijas pal\u012bdz b\u0113rniem jautri un vienk\u0101r\u0161i izveidot savu sap\u0146u kleitu. \u0160is komplekts ir dro\u0161s un iztur\u012bgs. Tas ir lieliski piem\u0113rots izt\u0113les un smalk\u0101s motorikas att\u012bst\u012b\u0161anai.<\/p>\n<p data-sourcepos=\"3:1-3:110\">\u0160aj\u0101 Vintage kolekcij\u0101 ir p\u0101rst\u0101v\u0113ts gei\u0161u un citu karalisko \u0123ime\u0146u tradicion\u0101lais stils. Nosl\u0113pumains un eksotisks.<\/p>\n<ul>\n<li data-sourcepos=\"5:1-8:38\"><strong>Am\u017eius: <\/strong>3+<\/li>\n<li data-sourcepos=\"5:1-8:38\"><strong>Izm\u0113ri:<\/strong> 20 cm x 17 cm x 5 cm<\/li>\n<li data-sourcepos=\"5:1-8:38\"><strong>Tostarp<\/strong>4 t\u0113rpu uzl\u012bm\u0113\u0161anas lapas, 5 uzl\u012bmju dekor\u0113\u0161anas lapas, 5 z\u012bm\u0113\u0161anas lapas, 2 sejas apglezno\u0161anas lapas, 4 uzl\u012bmju lapas, ap\u0123\u0113rbu trafareti, 1 auduma iepakojums, 1 rombveida uzl\u012bmju lapa, 1 ota, 1 uzl\u012bmju instruments;<\/li>\n<li data-sourcepos=\"5:1-8:38\"><strong>Materi\u0101li<\/strong>: kartons, audums, plastmasa<\/li>\n<\/ul>","protected":false},"excerpt":{"rendered":"<p data-sourcepos=\"1:1-1:491\">Atbr\u012bvojiet savu mazo iek\u0161\u0113jo modes dizaineri ar mideer DIY <strong>kleitu \u0161\u016b\u0161anas gr\u0101mata<\/strong>! \u0160\u012b rado\u0161\u0101 un izgl\u012btojo\u0161\u0101 gr\u0101mata \u013cauj b\u0113rniem pa\u0161iem projekt\u0113t un izgatavot savas unik\u0101l\u0101s kleitas. Iesp\u0113jas ir bezgal\u012bgas, pateicoties da\u017e\u0101diem kr\u0101sainiem \u012bstiem audumiem un uzl\u012bm\u0113m. Viegli saprotam\u0101s instrukcijas pal\u012bdz b\u0113rniem jautri un vienk\u0101r\u0161i izveidot savu sap\u0146u kleitu. \u0160is komplekts ir dro\u0161s un iztur\u012bgs. Tas ir lieliski piem\u0113rots izt\u0113les un smalk\u0101s motorikas att\u012bst\u012b\u0161anai.<\/p>\n<p data-sourcepos=\"3:1-3:110\">\u0160aj\u0101 Vintage kolekcij\u0101 ir p\u0101rst\u0101v\u0113ts gei\u0161u un citu karalisko \u0123ime\u0146u tradicion\u0101lais stils. Nosl\u0113pumains un eksotisks.<\/p>\n<ul>\n<li data-sourcepos=\"5:1-8:38\"><strong>Am\u017eius: <\/strong>3+<\/li>\n<li data-sourcepos=\"5:1-8:38\"><strong>Izm\u0113ri:<\/strong> 20 cm x 17 cm x 5 cm<\/li>\n<li data-sourcepos=\"5:1-8:38\"><strong>Tostarp<\/strong>4 t\u0113rpu uzl\u012bm\u0113\u0161anas lapas, 5 uzl\u012bmju dekor\u0113\u0161anas lapas, 5 z\u012bm\u0113\u0161anas lapas, 2 sejas apglezno\u0161anas lapas, 4 uzl\u012bmju lapas, ap\u0123\u0113rbu trafareti, 1 auduma iepakojums, 1 rombveida uzl\u012bmju lapa, 1 ota, 1 uzl\u012bmju instruments;<\/li>\n<li data-sourcepos=\"5:1-8:38\"><strong>Materi\u0101li<\/strong>: kartons, audums, plastmasa<\/li>\n<\/ul>","protected":false},"featured_media":4885,"template":"","meta":[],"product_brand":[],"product_cat":[234,235,236,244,250,255,267,275],"product_tag":[],"class_list":{"0":"post-4884","1":"product","2":"type-product","3":"status-publish","4":"has-post-thumbnail","6":"product_cat-3-4-metai","7":"product_cat-5-6-metai","8":"product_cat-6-metai","9":"product_cat-kas-populiaru","10":"product_cat-menai-ir-kurybiniai-uzsiemimai","11":"product_cat-naujienos","12":"product_cat-spalvinimo-knygeles","13":"product_cat-visos-meno-prekes","15":"first","16":"instock","17":"taxable","18":"shipping-taxable","19":"product-type-simple"},"jetpack_sharing_enabled":true,"_links":{"self":[{"href":"https:\/\/b2b.mideer.lt\/lv\/wp-json\/wp\/v2\/product\/4884"}],"collection":[{"href":"https:\/\/b2b.mideer.lt\/lv\/wp-json\/wp\/v2\/product"}],"about":[{"href":"https:\/\/b2b.mideer.lt\/lv\/wp-json\/wp\/v2\/types\/product"}],"wp:featuredmedia":[{"embeddable":true,"href":"https:\/\/b2b.mideer.lt\/lv\/wp-json\/wp\/v2\/media\/4885"}],"wp:attachment":[{"href":"https:\/\/b2b.mideer.lt\/lv\/wp-json\/wp\/v2\/media?parent=4884"}],"wp:term":[{"taxonomy":"product_brand","embeddable":true,"href":"https:\/\/b2b.mideer.lt\/lv\/wp-json\/wp\/v2\/product_brand?post=4884"},{"taxonomy":"product_cat","embeddable":true,"href":"https:\/\/b2b.mideer.lt\/lv\/wp-json\/wp\/v2\/product_cat?post=4884"},{"taxonomy":"product_tag","embeddable":true,"href":"https:\/\/b2b.mideer.lt\/lv\/wp-json\/wp\/v2\/product_tag?post=4884"}],"curies":[{"name":"wp","href":"https:\/\/api.w.org\/{rel}","templated":true}]}}