{"id":4882,"date":"2025-01-15T10:38:30","date_gmt":"2025-01-15T10:38:30","guid":{"rendered":"https:\/\/b2b.mideer.lt\/?post_type=product&#038;p=4882"},"modified":"2026-04-05T07:32:12","modified_gmt":"2026-04-05T07:32:12","slug":"vienpusiai-nuplaunami-flomasteriai-24-spalvos","status":"publish","type":"product","link":"https:\/\/b2b.mideer.lt\/lv\/product\/vienpusiai-nuplaunami-flomasteriai-24-spalvos\/","title":{"rendered":"Mazg\u0101jamie mar\u0137ieri flom\u0101steri - 24 kr\u0101sas"},"content":{"rendered":"<div class=\"richTextContainer text-align-left\" dir=\"auto\">\n<p data-sourcepos=\"3:1-3:230\"><strong>mideer Vienpus\u0113ji mazg\u0101jami mar\u0137ieri\u00a0<\/strong> - ir lielisks r\u012bks mazajiem m\u0101ksliniekiem, kuri v\u0113las viegli un rado\u0161i izpausties z\u012bm\u0113jumos. Tie ir lieliski piem\u0113roti da\u017e\u0101d\u0101m tehnik\u0101m, s\u0101kot no smalku deta\u013cu l\u012bdz drosm\u012bgiem otas triepieniem.<\/p>\n<p data-sourcepos=\"5:1-5:15\"><strong>Ieguvumi:<\/strong><\/p>\n<ul data-sourcepos=\"7:1-12:0\">\n<li data-sourcepos=\"7:1-7:115\"><strong>Viegla t\u012br\u012b\u0161ana:<\/strong> \u016adens b\u0101zes kr\u0101sas viegli nomazg\u0101jas no \u0101das, ap\u0123\u0113rba un vairuma virsmu.<\/li>\n<li data-sourcepos=\"8:1-8:126\"><strong>Daudzpus\u012bga izmanto\u0161ana:<\/strong> \u013bauj z\u012bm\u0113t gan pl\u0101nas, gan biezas l\u012bnijas, stimul\u0113jot b\u0113rnu izt\u0113li un z\u012bm\u0113\u0161anas prasmes.<\/li>\n<li data-sourcepos=\"9:1-9:75\"><strong>Dro\u0161s b\u0113rniem:<\/strong> Nesatur alkoholu, t\u0101p\u0113c ir dro\u0161a pat maziem b\u0113rniem.<\/li>\n<li data-sourcepos=\"10:1-10:86\"><strong>Iztur\u012bgs:<\/strong> Augstais kr\u0101svielu saturs nodro\u0161ina ilgsto\u0161u lieto\u0161anu un spilgtas kr\u0101sas.<\/li>\n<li data-sourcepos=\"11:1-12:0\"><strong>Neimigr\u0101cija:<\/strong> Z\u012bm\u0113jumi nep\u0101rpl\u016bst uz otru pap\u012bra pusi.<\/li>\n<\/ul>\n<p data-sourcepos=\"13:1-13:41\"><strong>Komplekt\u0101 ir 24 kr\u0101saini mar\u0137ieri.<\/strong><\/p>\n<p data-sourcepos=\"15:1-15:70\">\u0160ie mar\u0137ieri pal\u012bdz\u0113s j\u016bsu b\u0113rnam atkl\u0101t un izpaust savu rado\u0161umu!<\/p>\n<\/div>\n<div class=\"richTextContainer text-align-left\" dir=\"auto\">\n<ul>\n<li><span class=\"text-only\" data-eleid=\"11\"><strong>Am\u017eius:<\/strong> 3+<\/span><\/li>\n<li><span class=\"text-only\" data-eleid=\"13\"><strong>D\u0117\u017eut\u0117s matmenys:<\/strong> 11,5 cm x 11,5 cm x 13,5 cm<\/span><\/li>\n<li><span class=\"text-only\" data-eleid=\"15\"><strong>Ietver:<\/strong> 24 flom\u0101steri<\/span><\/li>\n<li><span class=\"text-only\" data-eleid=\"17\"><strong>Materi\u0101ls:<\/strong> \u016adens b\u0101zes tinte<\/span><\/li>\n<\/ul>\n<\/div>","protected":false},"excerpt":{"rendered":"<div class=\"richTextContainer text-align-left\" dir=\"auto\">\n<p data-sourcepos=\"3:1-3:230\"><strong>mideer Vienpus\u0113ji mazg\u0101jami mar\u0137ieri\u00a0<\/strong> - ir lielisks r\u012bks mazajiem m\u0101ksliniekiem, kuri v\u0113las viegli un rado\u0161i izpausties z\u012bm\u0113jumos. Tie ir lieliski piem\u0113roti da\u017e\u0101d\u0101m tehnik\u0101m, s\u0101kot no smalku deta\u013cu l\u012bdz drosm\u012bgiem otas triepieniem.<\/p>\n<p data-sourcepos=\"5:1-5:15\"><strong>Ieguvumi:<\/strong><\/p>\n<ul data-sourcepos=\"7:1-12:0\">\n<li data-sourcepos=\"7:1-7:115\"><strong>Viegla t\u012br\u012b\u0161ana:<\/strong> \u016adens b\u0101zes kr\u0101sas viegli nomazg\u0101jas no \u0101das, ap\u0123\u0113rba un vairuma virsmu.<\/li>\n<li data-sourcepos=\"8:1-8:126\"><strong>Daudzpus\u012bga izmanto\u0161ana:<\/strong> \u013bauj z\u012bm\u0113t gan pl\u0101nas, gan biezas l\u012bnijas, stimul\u0113jot b\u0113rnu izt\u0113li un z\u012bm\u0113\u0161anas prasmes.<\/li>\n<li data-sourcepos=\"9:1-9:75\"><strong>Dro\u0161s b\u0113rniem:<\/strong> Nesatur alkoholu, t\u0101p\u0113c ir dro\u0161a pat maziem b\u0113rniem.<\/li>\n<li data-sourcepos=\"10:1-10:86\"><strong>Iztur\u012bgs:<\/strong> Augstais kr\u0101svielu saturs nodro\u0161ina ilgsto\u0161u lieto\u0161anu un spilgtas kr\u0101sas.<\/li>\n<li data-sourcepos=\"11:1-12:0\"><strong>Neimigr\u0101cija:<\/strong> Z\u012bm\u0113jumi nep\u0101rpl\u016bst uz otru pap\u012bra pusi.<\/li>\n<\/ul>\n<p data-sourcepos=\"13:1-13:41\"><strong>Komplekt\u0101 ir 36 kr\u0101saini mar\u0137ieri.<\/strong><\/p>\n<p data-sourcepos=\"15:1-15:70\">\u0160ie mar\u0137ieri pal\u012bdz\u0113s j\u016bsu b\u0113rnam atkl\u0101t un izpaust savu rado\u0161umu!<\/p>\n<\/div>\n<div class=\"richTextContainer text-align-left\" dir=\"auto\">\n<ul>\n<li><span class=\"text-only\" data-eleid=\"11\"><strong>Am\u017eius:<\/strong> 3+<\/span><\/li>\n<li><span class=\"text-only\" data-eleid=\"13\"><strong>D\u0117\u017eut\u0117s matmenys:<\/strong> 11,5 cm x 11,5 cm x 13,5 cm<\/span><\/li>\n<li><span class=\"text-only\" data-eleid=\"15\"><strong>Ietver:<\/strong> 36 flom\u0101steri<\/span><\/li>\n<li><span class=\"text-only\" data-eleid=\"17\"><strong>Materi\u0101ls:<\/strong> \u016adens b\u0101zes tinte<\/span><\/li>\n<\/ul>\n<\/div>","protected":false},"featured_media":4876,"template":"","meta":[],"product_brand":[],"product_cat":[234,235,236,244,250,252,255,268,275],"product_tag":[],"class_list":{"0":"post-4882","1":"product","2":"type-product","3":"status-publish","4":"has-post-thumbnail","6":"product_cat-3-4-metai","7":"product_cat-5-6-metai","8":"product_cat-6-metai","9":"product_cat-kas-populiaru","10":"product_cat-menai-ir-kurybiniai-uzsiemimai","11":"product_cat-meno-reikmenys","12":"product_cat-naujienos","13":"product_cat-spalvinimo-priemones","14":"product_cat-visos-meno-prekes","16":"first","17":"instock","18":"taxable","19":"shipping-taxable","20":"product-type-simple"},"jetpack_sharing_enabled":true,"_links":{"self":[{"href":"https:\/\/b2b.mideer.lt\/lv\/wp-json\/wp\/v2\/product\/4882"}],"collection":[{"href":"https:\/\/b2b.mideer.lt\/lv\/wp-json\/wp\/v2\/product"}],"about":[{"href":"https:\/\/b2b.mideer.lt\/lv\/wp-json\/wp\/v2\/types\/product"}],"wp:featuredmedia":[{"embeddable":true,"href":"https:\/\/b2b.mideer.lt\/lv\/wp-json\/wp\/v2\/media\/4876"}],"wp:attachment":[{"href":"https:\/\/b2b.mideer.lt\/lv\/wp-json\/wp\/v2\/media?parent=4882"}],"wp:term":[{"taxonomy":"product_brand","embeddable":true,"href":"https:\/\/b2b.mideer.lt\/lv\/wp-json\/wp\/v2\/product_brand?post=4882"},{"taxonomy":"product_cat","embeddable":true,"href":"https:\/\/b2b.mideer.lt\/lv\/wp-json\/wp\/v2\/product_cat?post=4882"},{"taxonomy":"product_tag","embeddable":true,"href":"https:\/\/b2b.mideer.lt\/lv\/wp-json\/wp\/v2\/product_tag?post=4882"}],"curies":[{"name":"wp","href":"https:\/\/api.w.org\/{rel}","templated":true}]}}