{"id":482,"date":"2024-04-26T07:43:08","date_gmt":"2024-04-26T07:43:08","guid":{"rendered":"https:\/\/b2b.mideer.lt\/product\/pirstu-dazu-prijuoste\/"},"modified":"2026-04-19T07:29:50","modified_gmt":"2026-04-19T07:29:50","slug":"pirstu-dazu-prijuoste","status":"publish","type":"product","link":"https:\/\/b2b.mideer.lt\/lv\/product\/pirstu-dazu-prijuoste\/","title":{"rendered":"Maz\u0101 m\u0101kslinieka priek\u0161auts"},"content":{"rendered":"<p data-sourcepos=\"5:1-5:319\">\u0160is \u016bdensnecaurlaid\u012bgais priek\u0161auts ir ide\u0101li piem\u0113rots, lai \u013cautu b\u0113rniem un jums izbaud\u012bt m\u0101kslu, vienlaikus saglab\u0101jot ap\u0123\u0113rbu t\u012bru un nesm\u0113r\u0113tu traipus! Priek\u0161auta izm\u0113rs ir univers\u0101ls un piem\u0113rots visu vecumu b\u0113rniem.<\/p>","protected":false},"excerpt":{"rendered":"<p>\u0160is \u016bdensnecaurlaid\u012bgais priek\u0161auts ir ide\u0101li piem\u0113rots, lai \u013cautu b\u0113rniem un jums izbaud\u012bt m\u0101kslu, vienlaikus saglab\u0101jot ap\u0123\u0113rbu t\u012bru un nesm\u0113r\u0113tu traipus! Priek\u0161auta izm\u0113rs ir univers\u0101ls un piem\u0113rots visu vecumu b\u0113rniem.<\/p>","protected":false},"featured_media":2631,"template":"","meta":[],"product_brand":[],"product_cat":[280,250,252,277,273,275],"product_tag":[30,16,41,27,20,54,22],"class_list":{"0":"post-482","1":"product","2":"type-product","3":"status-publish","4":"has-post-thumbnail","6":"product_cat-akcija","7":"product_cat-menai-ir-kurybiniai-uzsiemimai","8":"product_cat-meno-reikmenys","9":"product_cat-smart-products-filter-index-do-not-delete","10":"product_cat-visi-aksesuarai","11":"product_cat-visos-meno-prekes","12":"product_tag-2023-new-in","13":"product_tag-age-3-4-years","14":"product_tag-art-supplies","15":"product_tag-arts-crafts","16":"product_tag-gift","17":"product_tag-menininko-rinkinys","18":"product_tag-regular-sale","20":"first","21":"instock","22":"taxable","23":"shipping-taxable","24":"product-type-simple"},"jetpack_sharing_enabled":true,"_links":{"self":[{"href":"https:\/\/b2b.mideer.lt\/lv\/wp-json\/wp\/v2\/product\/482"}],"collection":[{"href":"https:\/\/b2b.mideer.lt\/lv\/wp-json\/wp\/v2\/product"}],"about":[{"href":"https:\/\/b2b.mideer.lt\/lv\/wp-json\/wp\/v2\/types\/product"}],"wp:featuredmedia":[{"embeddable":true,"href":"https:\/\/b2b.mideer.lt\/lv\/wp-json\/wp\/v2\/media\/2631"}],"wp:attachment":[{"href":"https:\/\/b2b.mideer.lt\/lv\/wp-json\/wp\/v2\/media?parent=482"}],"wp:term":[{"taxonomy":"product_brand","embeddable":true,"href":"https:\/\/b2b.mideer.lt\/lv\/wp-json\/wp\/v2\/product_brand?post=482"},{"taxonomy":"product_cat","embeddable":true,"href":"https:\/\/b2b.mideer.lt\/lv\/wp-json\/wp\/v2\/product_cat?post=482"},{"taxonomy":"product_tag","embeddable":true,"href":"https:\/\/b2b.mideer.lt\/lv\/wp-json\/wp\/v2\/product_tag?post=482"}],"curies":[{"name":"wp","href":"https:\/\/api.w.org\/{rel}","templated":true}]}}