{"id":480,"date":"2024-04-26T07:43:07","date_gmt":"2024-04-26T07:43:07","guid":{"rendered":"https:\/\/b2b.mideer.lt\/product\/little-designer-magic-club\/"},"modified":"2026-04-19T07:29:52","modified_gmt":"2026-04-19T07:29:52","slug":"little-designer-magic-club","status":"publish","type":"product","link":"https:\/\/b2b.mideer.lt\/lv\/product\/little-designer-magic-club\/","title":{"rendered":"Rado\u0161as aktivit\u0101tes Gr\u0101matu burvju klubs"},"content":{"rendered":"<p data-sourcepos=\"5:1-5:93\">Kr\u0101sojiet, veidojiet un l\u012bm\u0113jiet! \u0160\u012b \"Maz\u0101 dizainera\" rado\u0161o aktivit\u0101\u0161u gr\u0101mata mazajiem m\u0101ksliniekiem paver 36 lappuses ar burv\u012bg\u0101m iesp\u0113j\u0101m. \u012asti audumi un rotaslietu veidnes sniedz neierobe\u017eotu rado\u0161o br\u012bv\u012bbu. Viegli atverami un \u0101tri l\u012bm\u0113jami elementi \u013caus bez piep\u016bles rad\u012bt p\u0101rsteidzo\u0161us darbi\u0146us. Gr\u0101mata veicina roku veikl\u012bbu, koncentr\u0113\u0161an\u0101s sp\u0113jas, kr\u0101su saska\u0146o\u0161anas prasmes un skaistuma izj\u016btu.<\/p>\n<ul data-sourcepos=\"9:1-10:74\">\n<li data-sourcepos=\"9:1-9:163\"><strong>Rado\u0161uma veicin\u0101\u0161ana:<\/strong> Gr\u0101mata pied\u0101v\u0101 bezgal\u012bgas iesp\u0113jas mazajiem m\u0101ksliniekiem izpaust savu rado\u0161umu, izmantojot da\u017e\u0101dus audumus, rakstus un kr\u0101sas.<\/li>\n<li data-sourcepos=\"10:1-10:74\"><strong>Roku veikl\u012bbas treni\u0146\u0161:<\/strong> Mazo deta\u013cu nopl\u0113\u0161ana un l\u012bm\u0113\u0161ana att\u012bsta roku veikl\u012bbu un koordin\u0101ciju.<\/li>\n<li data-sourcepos=\"11:1-11:133\"><strong>Koncentr\u0101cijas stiprin\u0101\u0161ana:<\/strong> Rado\u0161ais process prasa koncentr\u0113\u0161anos un uzman\u012bbu deta\u013c\u0101m, veicinot koncentr\u0113\u0161an\u0101s prasmes.<\/li>\n<li data-sourcepos=\"12:1-12:152\"><strong>M\u0101c\u0101s kombin\u0113t kr\u0101sas:<\/strong> Gr\u0101mati\u0146a sniedz iesp\u0113ju eksperiment\u0113t ar da\u017e\u0101d\u0101m kr\u0101s\u0101m un atrast skaistas kombin\u0101cijas, att\u012bstot savu est\u0113tisko gaumi.<\/li>\n<li data-sourcepos=\"13:1-13:118\"><strong>Att\u012bst\u012bt skaistuma izj\u016btu:<\/strong> Radot skaistus m\u0101kslas darbus, b\u0113rni att\u012bsta skaistuma izj\u016btu un est\u0113tisko izpausmi.<\/li>\n<li data-sourcepos=\"14:1-15:0\"><strong>Izklaide un m\u0101c\u012b\u0161an\u0101s vien\u0101:<\/strong> Gr\u0101mata ne tikai m\u0101ca, bet ar\u012b sniedz jums daudz prieka un jautr\u012bbas pavad\u012bt laiku, radot.<\/li>\n<\/ul>\n<ul>\n<li><strong>Am\u017eius:<\/strong> 5+<\/li>\n<li><strong>D\u0117\u017eut\u0117s matmenys:<\/strong> 22 x 17,3 x 3,5 cm<\/li>\n<li><strong>Materi\u0101ls:<\/strong> Pap\u012brs<\/li>\n<\/ul>","protected":false},"excerpt":{"rendered":"<p>Spalvinti, kurti ir klijuoti! \u0160i &#8220;Ma\u017eojo Dizainerio&#8221; k\u016brybini\u0173 u\u017eduo\u010di\u0173 knygel\u0117 atveria 36 puslapius magi\u0161k\u0173 galimybi\u0173 ma\u017eiesiems menininkams. Tikri audiniai ir papuo\u0161al\u0173 \u0161ablonai suteikia begal\u0119 k\u016brybin\u0117s laisv\u0117s. Lengvai atpl\u0117\u0161iami ir greitai priklijuojami elementai leis sukurti nuostabius k\u016brinius be vargo. Knygel\u0117 skatina rank\u0173 miklum\u0105, koncentracij\u0105, spalv\u0173 derinimo \u012fg\u016bd\u017eius ir gro\u017eio pajautim\u0105. K\u016brybi\u0161kumo skatinimas: Knygel\u0117 suteikia beribes galimybes ma\u017eiesiems menininkams tyrin\u0117ti savo k\u016brybi\u0161kum\u0105 naudojant \u012fvairius audinius, \u0161ablonus ir spalvas. Rank\u0173 miklumo lavinimas: Smulki\u0173 detali\u0173 atpl\u0117\u0161imas ir priklijavimas lavina rank\u0173 miklum\u0105 ir koordinacij\u0105. Koncentracijos stiprinimas: K\u016brybinis procesas reikalauja susikaupimo ir d\u0117mesio detal\u0117ms, skatindamas koncentracijos \u012fg\u016bd\u017eius. Spalv\u0173 derinimo mokymasis: Knygel\u0117 suteikia galimyb\u0119 eksperimentuoti su skirtingomis spalvomis ir rasti gra\u017eius derinius, ugdydama estetin\u012f skon\u012f. Gro\u017eio pajautimo ugdymas: Kuriant nuostabius k\u016brinius, vaikai lavina savo gro\u017eio pajautim\u0105 ir estetin\u0119 i\u0161rai\u0161k\u0105. Pramogos ir mokymasis viename: Knygel\u0117 ne tik moko, bet ir suteikia daug d\u017eiaugsmo ir smagu praleisti laik\u0105 kuriant. Am\u017eius: 5+ D\u0117\u017eut\u0117s matmenys: 22 x 17,3 x 3,5 cm Med\u017eiaga: Popierius<\/p>","protected":false},"featured_media":2614,"template":"","meta":[],"product_brand":[],"product_cat":[235,236,244,245,250,263,277,267,275],"product_tag":[17,27,40,145,28,85,20,36,52,51,53,187,129,130,148,149,22,136,76,151,152],"class_list":{"0":"post-480","1":"product","2":"type-product","3":"status-publish","4":"has-post-thumbnail","6":"product_cat-5-6-metai","7":"product_cat-6-metai","8":"product_cat-kas-populiaru","9":"product_cat-kurybiniu-uzduociu-knygeles","10":"product_cat-menai-ir-kurybiniai-uzsiemimai","11":"product_cat-pasidaryk-pats","12":"product_cat-smart-products-filter-index-do-not-delete","13":"product_cat-spalvinimo-knygeles","14":"product_cat-visos-meno-prekes","15":"product_tag-age-5-6-years","16":"product_tag-arts-crafts","17":"product_tag-best-sellers","18":"product_tag-coloring-rolls-books","19":"product_tag-diy","20":"product_tag-for-girls","21":"product_tag-gift","22":"product_tag-kol-koc","23":"product_tag-kurybines-dirbtuveles","24":"product_tag-kurybines-dirbtuves","25":"product_tag-kurybiskumui","26":"product_tag-lipdukai-mergaitems","27":"product_tag-lipdukai-vaikams","28":"product_tag-lipduku-rinkinys","29":"product_tag-princese","30":"product_tag-princesems","31":"product_tag-regular-sale","32":"product_tag-spalvinimo-knygele","33":"product_tag-us-warehouse","34":"product_tag-viskas-mergaitems","35":"product_tag-viskas-princesems","37":"first","38":"instock","39":"taxable","40":"shipping-taxable","41":"product-type-simple"},"jetpack_sharing_enabled":true,"_links":{"self":[{"href":"https:\/\/b2b.mideer.lt\/lv\/wp-json\/wp\/v2\/product\/480"}],"collection":[{"href":"https:\/\/b2b.mideer.lt\/lv\/wp-json\/wp\/v2\/product"}],"about":[{"href":"https:\/\/b2b.mideer.lt\/lv\/wp-json\/wp\/v2\/types\/product"}],"wp:featuredmedia":[{"embeddable":true,"href":"https:\/\/b2b.mideer.lt\/lv\/wp-json\/wp\/v2\/media\/2614"}],"wp:attachment":[{"href":"https:\/\/b2b.mideer.lt\/lv\/wp-json\/wp\/v2\/media?parent=480"}],"wp:term":[{"taxonomy":"product_brand","embeddable":true,"href":"https:\/\/b2b.mideer.lt\/lv\/wp-json\/wp\/v2\/product_brand?post=480"},{"taxonomy":"product_cat","embeddable":true,"href":"https:\/\/b2b.mideer.lt\/lv\/wp-json\/wp\/v2\/product_cat?post=480"},{"taxonomy":"product_tag","embeddable":true,"href":"https:\/\/b2b.mideer.lt\/lv\/wp-json\/wp\/v2\/product_tag?post=480"}],"curies":[{"name":"wp","href":"https:\/\/api.w.org\/{rel}","templated":true}]}}