{"id":476,"date":"2024-04-26T07:43:02","date_gmt":"2024-04-26T07:43:02","guid":{"rendered":"https:\/\/b2b.mideer.lt\/product\/makeup-manual-princess-ball\/"},"modified":"2026-04-03T07:30:54","modified_gmt":"2026-04-03T07:30:54","slug":"makiazo-knygele-princeses-pokylis","status":"publish","type":"product","link":"https:\/\/b2b.mideer.lt\/lv\/product\/makiazo-knygele-princeses-pokylis\/","title":{"rendered":"Make-up gr\u0101mata Princess Party"},"content":{"rendered":"<p data-sourcepos=\"5:1-5:254\">Make-up! Sa\u0123\u0113rbieties! Viss vien\u0101! \u0160is komplekts imit\u0113 \u012bstas grima paletes br\u012bnumu un \u013cauj meiten\u0113m izbaud\u012bt \u0123\u0113rb\u0161an\u0101s prieku. Izv\u0113lieties vienu no trim da\u017e\u0101d\u0101m t\u0113m\u0101m.<\/p>\n<p data-sourcepos=\"7:1-7:185\">Kolekcij\u0101 \"Make-up book: Kolekcij\u0101 \"Make-Up Make-Up\" j\u016bs atrad\u012bsiet \u012bstu princesi ar kroni un elegantu kleitu. Veidojiet da\u017e\u0101das kombin\u0101cijas, rot\u0101jiet un izdai\u013cojiet princesi - padariet vi\u0146u mirdzo\u0161u un kr\u0101\u0161\u0146u!<\/p>\n<ul>\n<li><strong>Am\u017eius:<\/strong> 5+<\/li>\n<li><strong>D\u0117\u017eut\u0117s matmenys:<\/strong> 22 x 17,3 x 3,5 cm<\/li>\n<li><strong>Iek\u013cauts:<\/strong> 1 ota, 2 kr\u0101su pap\u012bri, 3 uzl\u012bmes, 1 tuk\u0161a t\u0101fele, 2 aizmugur\u0113j\u0101s l\u012bmlentes<\/li>\n<li><strong>Materi\u0101ls:<\/strong> Pap\u012brs, audums, plastmasa<\/li>\n<\/ul>","protected":false},"excerpt":{"rendered":"<p>Makia\u017eas! Pasipuo\u0161k! Viskas viename! \u0160is rinkinys imituoja tikros makia\u017eo palet\u0117s stebukl\u0105 ir leid\u017eia mergait\u0117ms pasinerti \u012f puo\u0161imosi d\u017eiaugsm\u0105. Rinkis net i\u0161 trij\u0173 skirting\u0173 tem\u0173. Rinkinyje &#8220;Makia\u017eo knygel\u0117: Princes\u0117s Pokylis&#8221; rasi tikr\u0105 princes\u0119 su kar\u016bna ir eleganti\u0161ka suknele. Kurk skirtingus derinius, puo\u0161k ir gra\u017eink princes\u0119 \u2013 suteik jai spindesio ir \u017eavesio! Am\u017eius: 5+ D\u0117\u017eut\u0117s matmenys: 22 x 17,3 x 3,5 cm \u012etraukta: 1 \u0161epet\u0117lis, 2 popieriai su da\u017eais, 3 lipdukai, 1 tu\u0161\u010dias lenta, 2 nugarin\u0117s klijai Med\u017eiaga: Popierius, audinys, plastmas\u0117<\/p>","protected":false},"featured_media":2593,"template":"","meta":[],"product_brand":[],"product_cat":[235,236,244,245,250,263,277,267,275],"product_tag":[17,18,27,80,40,145,28,85,20,52,51,53,187,129,130,56,148,149,22,136,49,29,151,152],"class_list":{"0":"post-476","1":"product","2":"type-product","3":"status-publish","4":"has-post-thumbnail","6":"product_cat-5-6-metai","7":"product_cat-6-metai","8":"product_cat-kas-populiaru","9":"product_cat-kurybiniu-uzduociu-knygeles","10":"product_cat-menai-ir-kurybiniai-uzsiemimai","11":"product_cat-pasidaryk-pats","12":"product_cat-smart-products-filter-index-do-not-delete","13":"product_cat-spalvinimo-knygeles","14":"product_cat-visos-meno-prekes","15":"product_tag-age-5-6-years","16":"product_tag-age-6-years","17":"product_tag-arts-crafts","18":"product_tag-back-in-stock","19":"product_tag-best-sellers","20":"product_tag-coloring-rolls-books","21":"product_tag-diy","22":"product_tag-for-girls","23":"product_tag-gift","24":"product_tag-kurybines-dirbtuveles","25":"product_tag-kurybines-dirbtuves","26":"product_tag-kurybiskumui","27":"product_tag-lipdukai-mergaitems","28":"product_tag-lipdukai-vaikams","29":"product_tag-lipduku-rinkinys","30":"product_tag-piesimo-rinkinys","31":"product_tag-princese","32":"product_tag-princesems","33":"product_tag-regular-sale","34":"product_tag-spalvinimo-knygele","35":"product_tag-spalvinimo-priemones","36":"product_tag-stickers-sticker-books","37":"product_tag-viskas-mergaitems","38":"product_tag-viskas-princesems","40":"first","41":"outofstock","42":"taxable","43":"shipping-taxable","44":"product-type-simple"},"jetpack_sharing_enabled":true,"_links":{"self":[{"href":"https:\/\/b2b.mideer.lt\/lv\/wp-json\/wp\/v2\/product\/476"}],"collection":[{"href":"https:\/\/b2b.mideer.lt\/lv\/wp-json\/wp\/v2\/product"}],"about":[{"href":"https:\/\/b2b.mideer.lt\/lv\/wp-json\/wp\/v2\/types\/product"}],"wp:featuredmedia":[{"embeddable":true,"href":"https:\/\/b2b.mideer.lt\/lv\/wp-json\/wp\/v2\/media\/2593"}],"wp:attachment":[{"href":"https:\/\/b2b.mideer.lt\/lv\/wp-json\/wp\/v2\/media?parent=476"}],"wp:term":[{"taxonomy":"product_brand","embeddable":true,"href":"https:\/\/b2b.mideer.lt\/lv\/wp-json\/wp\/v2\/product_brand?post=476"},{"taxonomy":"product_cat","embeddable":true,"href":"https:\/\/b2b.mideer.lt\/lv\/wp-json\/wp\/v2\/product_cat?post=476"},{"taxonomy":"product_tag","embeddable":true,"href":"https:\/\/b2b.mideer.lt\/lv\/wp-json\/wp\/v2\/product_tag?post=476"}],"curies":[{"name":"wp","href":"https:\/\/api.w.org\/{rel}","templated":true}]}}