{"id":4748,"date":"2024-11-20T13:43:00","date_gmt":"2024-11-20T13:43:00","guid":{"rendered":"https:\/\/b2b.mideer.lt\/?post_type=product&#038;p=4748"},"modified":"2026-04-05T07:32:22","modified_gmt":"2026-04-05T07:32:22","slug":"oro-molio-rinkinys-24-spalvos","status":"publish","type":"product","link":"https:\/\/b2b.mideer.lt\/lv\/product\/oro-molio-rinkinys-24-spalvos\/","title":{"rendered":"Gaisa m\u0101la komplekts, 24 kr\u0101sas"},"content":{"rendered":"<p data-sourcepos=\"5:1-5:53\"><strong>Mideer gaisa m\u0101la komplekts - bezgal\u012bgas rado\u0161\u0101s iesp\u0113jas!<\/strong><\/p>\n<p data-sourcepos=\"7:1-7:236\">Atkl\u0101jiet kr\u0101saino gaisa m\u0101lu pasauli! \u0160is 24 kr\u0101su komplekts sniegs j\u016bsu mazulim stund\u0101m jautru nodarbi. Veidojiet, m\u012bciet, veidojiet - iesp\u0113jas ir bezgal\u012bgas! Gaisa m\u0101ls ir lielisks veids, k\u0101 att\u012bst\u012bt s\u012bko motoriku, rado\u0161umu un izt\u0113li.<\/p>\n<ul data-sourcepos=\"9:1-14:0\">\n<li data-sourcepos=\"9:1-9:59\"><strong>24 spilgtas kr\u0101sas:<\/strong> Atbr\u012bvo savu iek\u0161\u0113jo m\u0101kslinieku!<\/li>\n<li data-sourcepos=\"10:1-10:81\"><strong>5 speci\u0101lie instrumenti:<\/strong> Veidojiet, gludiniet, izgrieziet - j\u016bsu darbi b\u016bs unik\u0101li!<\/li>\n<li data-sourcepos=\"11:1-11:66\"><strong>M\u012bksts un pat\u012bkams piesk\u0101rienam:<\/strong> Ide\u0101li piem\u0113rots maz\u0101m rok\u0101m.<\/li>\n<li data-sourcepos=\"12:1-12:65\"><strong>Veicina rado\u0161umu:<\/strong> Izveidojiet da\u017e\u0101das fig\u016bras un rot\u0101jumus.<\/li>\n<li data-sourcepos=\"13:1-14:0\"><strong>Dro\u0161s b\u0113rniem:<\/strong> Izgatavots no netoksiskiem materi\u0101liem.<\/li>\n<li data-sourcepos=\"13:1-14:0\"><strong>Am\u017eius:<\/strong> 3+<\/li>\n<li data-sourcepos=\"13:1-14:0\"><strong>Iepakojuma izm\u0113ri:<\/strong> 22,8 cm x 21,9 cm x 14,5 cm<\/li>\n<\/ul>\n<p>Komplekt\u0101 ietilpst 24 kastes gaisa m\u0101la, 5 da\u017e\u0101di veido\u0161anas r\u012bki, instrukcijas.<\/p>\n<h3 data-sourcepos=\"15:1-15:50\"><\/h3>","protected":false},"excerpt":{"rendered":"<p>Mideer oro molio rinkinys \u2013 neribotos k\u016brybos galimyb\u0117s! Atrask spalving\u0105 oro molio pasaul\u012f! \u0160is 24 spalv\u0173 rinkinys suteiks tavo ma\u017eyliui valandas \u012fdomi\u0173 u\u017esi\u0117mim\u0173. Formuok, minkyk, kurk \u2013 neribotos galimyb\u0117s! Oro molis \u2013 tai puikus b\u016bdas lavinti smulki\u0105j\u0105 motorik\u0105, k\u016brybi\u0161kum\u0105 ir vaizduot\u0119. 24 ry\u0161kios spalvos: I\u0161laisvink savo vidin\u012f meninink\u0105! 5 special\u016bs \u012frankiai: Formuok, lygink, rai\u017eyk \u2013 tavo k\u016briniai bus unikal\u016bs! Mink\u0161tas ir malonus liesti: Idealiai tinka ma\u017eoms rankyt\u0117ms. Lavina k\u016brybi\u0161kum\u0105: Kurk \u012fvairias fig\u016br\u0117les ir dekoracijas. Saugus vaikams: Pagamintas i\u0161 netoksi\u0161k\u0173 med\u017eiag\u0173. Am\u017eius: 3+ Pakuot\u0117s matmenys: 22,8cm x 21,9cm x 14,5cm Rinkinyje 24 d\u0117\u017eut\u0117s oro molio, 5 skiritngi \u012frankiai formavimui, instrukcija.<\/p>","protected":false},"featured_media":4749,"template":"","meta":[],"product_brand":[],"product_cat":[234,235,236,242,272,250,252,255,263,275],"product_tag":[],"class_list":{"0":"post-4748","1":"product","2":"type-product","3":"status-publish","4":"has-post-thumbnail","6":"product_cat-3-4-metai","7":"product_cat-5-6-metai","8":"product_cat-6-metai","9":"product_cat-dovanu-idejos","10":"product_cat-kaledines-dovanos","11":"product_cat-menai-ir-kurybiniai-uzsiemimai","12":"product_cat-meno-reikmenys","13":"product_cat-naujienos","14":"product_cat-pasidaryk-pats","15":"product_cat-visos-meno-prekes","17":"first","18":"instock","19":"taxable","20":"shipping-taxable","21":"product-type-simple"},"jetpack_sharing_enabled":true,"_links":{"self":[{"href":"https:\/\/b2b.mideer.lt\/lv\/wp-json\/wp\/v2\/product\/4748"}],"collection":[{"href":"https:\/\/b2b.mideer.lt\/lv\/wp-json\/wp\/v2\/product"}],"about":[{"href":"https:\/\/b2b.mideer.lt\/lv\/wp-json\/wp\/v2\/types\/product"}],"wp:featuredmedia":[{"embeddable":true,"href":"https:\/\/b2b.mideer.lt\/lv\/wp-json\/wp\/v2\/media\/4749"}],"wp:attachment":[{"href":"https:\/\/b2b.mideer.lt\/lv\/wp-json\/wp\/v2\/media?parent=4748"}],"wp:term":[{"taxonomy":"product_brand","embeddable":true,"href":"https:\/\/b2b.mideer.lt\/lv\/wp-json\/wp\/v2\/product_brand?post=4748"},{"taxonomy":"product_cat","embeddable":true,"href":"https:\/\/b2b.mideer.lt\/lv\/wp-json\/wp\/v2\/product_cat?post=4748"},{"taxonomy":"product_tag","embeddable":true,"href":"https:\/\/b2b.mideer.lt\/lv\/wp-json\/wp\/v2\/product_tag?post=4748"}],"curies":[{"name":"wp","href":"https:\/\/api.w.org\/{rel}","templated":true}]}}