{"id":473,"date":"2024-04-26T07:42:59","date_gmt":"2024-04-26T07:42:59","guid":{"rendered":"https:\/\/b2b.mideer.lt\/product\/makeup-manual-lady-tea-party\/"},"modified":"2026-04-05T07:32:11","modified_gmt":"2026-04-05T07:32:11","slug":"makeup-manual-lady-tea-party","status":"publish","type":"product","link":"https:\/\/b2b.mideer.lt\/lv\/product\/makeup-manual-lady-tea-party\/","title":{"rendered":"Make-up buklets P\u0113cpusdienas t\u0113ja d\u0101m\u0101m"},"content":{"rendered":"<p data-sourcepos=\"5:1-5:236\">Make-up! Sa\u0123\u0113rbieties! Viss vien\u0101! \u0160is komplekts imit\u0113 grima paleti un \u013cauj meiten\u0113m izbaud\u012bt grima prieku. Izv\u0113lieties vienu no trim da\u017e\u0101d\u0101m t\u0113m\u0101m.<\/p>\n<p data-sourcepos=\"7:1-7:230\">Kolekcij\u0101 \"Make-up book: D\u0101mas p\u0113cpusdienas t\u0113jas ball\u012bte\" j\u016bs atrad\u012bsiet \u013coti graciozu un elegantu d\u0101mu. Vi\u0146as elegant\u0101 friz\u016bra, izsmalcin\u0101tais stils un manieres atkl\u0101j \u012bstu d\u0101mu. \u013baujiet va\u013cu savai izt\u0113lei, izrot\u0101jot un izdai\u013cojot vi\u0146u!<\/p>\n<ul data-mce-fragment=\"1\">\n<li><strong>Am\u017eius:<\/strong> 5+<\/li>\n<li><strong>D\u0117\u017eut\u0117s matmenys:<\/strong> 22 x 17,3 x 3,5 cm<\/li>\n<li><strong>Iek\u013cauts:<\/strong> 1 ota, 2 kr\u0101su pap\u012bri, 3 uzl\u012bmes, 1 tuk\u0161a t\u0101fele, 2 aizmugur\u0113j\u0101s l\u012bmlentes<\/li>\n<li><strong>Materi\u0101ls:<\/strong> Pap\u012brs, audums, plastmasa<\/li>\n<\/ul>","protected":false},"excerpt":{"rendered":"<p>Makia\u017eas! Pasipuo\u0161k! Viskas viename! \u0160is rinkinys imituoja makia\u017eo palet\u0119 ir leid\u017eia mergait\u0117ms pasinerti \u012f puo\u0161imosi d\u017eiaugsm\u0105. Rinkis galite net i\u0161 trij\u0173 skirting\u0173 tem\u0173. Rinkinyje &#8220;Makia\u017eo knygel\u0117: Damos Popiet\u0117s Arbat\u0117l\u0117&#8221; rasi ypatingai grak\u0161\u010di\u0105 ir eleganti\u0161k\u0105 dam\u0105. Jos daili \u0161ukuosena, rafinuotas stilius ir manieros atskleid\u017eia tikr\u0105 ledi. Leisk vaizduotei pasireik\u0161ti puo\u0161dama ir gra\u017eindama j\u0105! Am\u017eius: 5+ D\u0117\u017eut\u0117s matmenys: 22 x 17,3 x 3,5 cm \u012etraukta: 1 \u0161epet\u0117lis, 2 popieriai su da\u017eais, 3 lipdukai, 1 tu\u0161\u010dias lenta, 2 nugarin\u0117s klijai Med\u017eiaga: Popierius, audinys, plastmas\u0117<\/p>","protected":false},"featured_media":2573,"template":"","meta":[],"product_brand":[],"product_cat":[235,236,244,250,263,277,267],"product_tag":[17,18,27,40,145,28,85,20,127,176,128,52,51,53,187,129,130,54,148,149,22,136,29,151,152],"class_list":{"0":"post-473","1":"product","2":"type-product","3":"status-publish","4":"has-post-thumbnail","6":"product_cat-5-6-metai","7":"product_cat-6-metai","8":"product_cat-kas-populiaru","9":"product_cat-menai-ir-kurybiniai-uzsiemimai","10":"product_cat-pasidaryk-pats","11":"product_cat-smart-products-filter-index-do-not-delete","12":"product_cat-spalvinimo-knygeles","13":"product_tag-age-5-6-years","14":"product_tag-age-6-years","15":"product_tag-arts-crafts","16":"product_tag-best-sellers","17":"product_tag-coloring-rolls-books","18":"product_tag-diy","19":"product_tag-for-girls","20":"product_tag-gift","21":"product_tag-ilgalaikiai-lipdukai","22":"product_tag-kelionei-su-vaiku","23":"product_tag-klijuojami-lipdukai","24":"product_tag-kurybines-dirbtuveles","25":"product_tag-kurybines-dirbtuves","26":"product_tag-kurybiskumui","27":"product_tag-lipdukai-mergaitems","28":"product_tag-lipdukai-vaikams","29":"product_tag-lipduku-rinkinys","30":"product_tag-menininko-rinkinys","31":"product_tag-princese","32":"product_tag-princesems","33":"product_tag-regular-sale","34":"product_tag-spalvinimo-knygele","35":"product_tag-stickers-sticker-books","36":"product_tag-viskas-mergaitems","37":"product_tag-viskas-princesems","39":"first","40":"instock","41":"taxable","42":"shipping-taxable","43":"product-type-simple"},"jetpack_sharing_enabled":true,"_links":{"self":[{"href":"https:\/\/b2b.mideer.lt\/lv\/wp-json\/wp\/v2\/product\/473"}],"collection":[{"href":"https:\/\/b2b.mideer.lt\/lv\/wp-json\/wp\/v2\/product"}],"about":[{"href":"https:\/\/b2b.mideer.lt\/lv\/wp-json\/wp\/v2\/types\/product"}],"wp:featuredmedia":[{"embeddable":true,"href":"https:\/\/b2b.mideer.lt\/lv\/wp-json\/wp\/v2\/media\/2573"}],"wp:attachment":[{"href":"https:\/\/b2b.mideer.lt\/lv\/wp-json\/wp\/v2\/media?parent=473"}],"wp:term":[{"taxonomy":"product_brand","embeddable":true,"href":"https:\/\/b2b.mideer.lt\/lv\/wp-json\/wp\/v2\/product_brand?post=473"},{"taxonomy":"product_cat","embeddable":true,"href":"https:\/\/b2b.mideer.lt\/lv\/wp-json\/wp\/v2\/product_cat?post=473"},{"taxonomy":"product_tag","embeddable":true,"href":"https:\/\/b2b.mideer.lt\/lv\/wp-json\/wp\/v2\/product_tag?post=473"}],"curies":[{"name":"wp","href":"https:\/\/api.w.org\/{rel}","templated":true}]}}