{"id":4726,"date":"2024-11-20T11:31:59","date_gmt":"2024-11-20T11:31:59","guid":{"rendered":"https:\/\/b2b.mideer.lt\/?post_type=product&#038;p=4726"},"modified":"2026-04-06T07:33:07","modified_gmt":"2026-04-06T07:33:07","slug":"madingi-nagu-lipdukai-princeses-tematika","status":"publish","type":"product","link":"https:\/\/b2b.mideer.lt\/lv\/product\/madingi-nagu-lipdukai-princeses-tematika\/","title":{"rendered":"Modernas nagu uzl\u012bmes - princeses t\u0113ma"},"content":{"rendered":"<p>Da\u017e\u0101d\u0101s mirdzo\u0161\u0101s nagu uzl\u012bmes ar sp\u012bdumiem, 3D efektiem, folijas efektiem un sp\u012bdo\u0161\u0101m uzl\u012bm\u0113m \u0101tri iedz\u012bvina b\u0113rnu nagu fant\u0101zijas, t\u0101s stingri turas, ir dro\u0161as un viegli no\u0146emamas, \u013caujot b\u0113rniem br\u012bvi izpaust savu izt\u0113li un rado\u0161umu.<\/p>\n<ul>\n<li><strong>Am\u017eius: <\/strong>3+<\/li>\n<li><strong>Iepakojuma izm\u0113ri: <\/strong>13 cm x 20 cm<\/li>\n<li><strong>Komplekt\u0101: <\/strong>300 uzl\u012bmes<\/li>\n<\/ul>","protected":false},"excerpt":{"rendered":"<p>Blizgan\u010di\u0173 mideer nag\u0173 lipduk\u0173 rinkinio \u012fvairov\u0117 su blizgu\u010diais, 3D efektais, folijos efektais ir lipdukais \u0161vie\u010dian\u010diais tamsoje, greitai \u012fgyvendina vaik\u0173 nag\u0173 fantazijas, tvirtai laikosi, yra saug\u016bs ir lengvai nuimami, leisdami vaikmas laisvai i\u0161reik\u0161ti j\u0173 vaizduot\u0119, bei k\u016brybi\u0161kum\u0105. Am\u017eius: 3+ Pakuot\u0117s matmenys: 13cm x 20cm Rinkinyje: 300 lipduk\u0173<\/p>","protected":false},"featured_media":4731,"template":"","meta":[],"product_brand":[],"product_cat":[234,235,236,255,273],"product_tag":[],"class_list":{"0":"post-4726","1":"product","2":"type-product","3":"status-publish","4":"has-post-thumbnail","6":"product_cat-3-4-metai","7":"product_cat-5-6-metai","8":"product_cat-6-metai","9":"product_cat-naujienos","10":"product_cat-visi-aksesuarai","12":"first","13":"instock","14":"taxable","15":"shipping-taxable","16":"product-type-simple"},"jetpack_sharing_enabled":true,"_links":{"self":[{"href":"https:\/\/b2b.mideer.lt\/lv\/wp-json\/wp\/v2\/product\/4726"}],"collection":[{"href":"https:\/\/b2b.mideer.lt\/lv\/wp-json\/wp\/v2\/product"}],"about":[{"href":"https:\/\/b2b.mideer.lt\/lv\/wp-json\/wp\/v2\/types\/product"}],"wp:featuredmedia":[{"embeddable":true,"href":"https:\/\/b2b.mideer.lt\/lv\/wp-json\/wp\/v2\/media\/4731"}],"wp:attachment":[{"href":"https:\/\/b2b.mideer.lt\/lv\/wp-json\/wp\/v2\/media?parent=4726"}],"wp:term":[{"taxonomy":"product_brand","embeddable":true,"href":"https:\/\/b2b.mideer.lt\/lv\/wp-json\/wp\/v2\/product_brand?post=4726"},{"taxonomy":"product_cat","embeddable":true,"href":"https:\/\/b2b.mideer.lt\/lv\/wp-json\/wp\/v2\/product_cat?post=4726"},{"taxonomy":"product_tag","embeddable":true,"href":"https:\/\/b2b.mideer.lt\/lv\/wp-json\/wp\/v2\/product_tag?post=4726"}],"curies":[{"name":"wp","href":"https:\/\/api.w.org\/{rel}","templated":true}]}}