{"id":4714,"date":"2024-11-17T14:47:19","date_gmt":"2024-11-17T14:47:19","guid":{"rendered":"https:\/\/b2b.mideer.lt\/?post_type=product&#038;p=4714"},"modified":"2026-04-19T07:30:02","modified_gmt":"2026-04-19T07:30:02","slug":"princeses-lipduku-rinkinys","status":"publish","type":"product","link":"https:\/\/b2b.mideer.lt\/lv\/product\/princeses-lipduku-rinkinys\/","title":{"rendered":"Princeses uzl\u012bmju komplekts"},"content":{"rendered":"<p data-sourcepos=\"3:1-3:434\">\u0160is ir ma\u0123isks mideer komplekts ar vair\u0101k nek\u0101 1000 uzl\u012bm\u0113m, kas paredz\u0113tas rado\u0161uma un izt\u0113les iedvesmo\u0161anai. \u0160is komplekts ir lieliski piem\u0113rots b\u0113rniem, kuriem pat\u012bk dekor\u0113t un personaliz\u0113t savu izskatu ar skaist\u0101m uzl\u012bm\u0113m. B\u0113rni var izmantot da\u017e\u0101da veida uzl\u012bmes, lai izveidotu savus pasaku z\u012bm\u0113jumus uz nagiem, rok\u0101m, vaigiem un daudz ko citu.<\/p>\n<ul>\n<li data-sourcepos=\"7:1-7:158\"><strong>1000+ fantastiskas uzl\u012bmes:<\/strong> Komplekt\u0101 ir pla\u0161s uzl\u012bmes nagu, tetov\u0113jumu un d\u0101rgakme\u0146u rot\u0101jumu kl\u0101sts, kas sniedz jums neierobe\u017eotas rado\u0161\u0101s iesp\u0113jas.<\/li>\n<li data-sourcepos=\"8:1-8:181\"><strong>Princeses t\u0113mas dizains:<\/strong> uzl\u012bmes ar iem\u012b\u013cotajiem princeses elementiem mudina b\u0113rnus izmantot izt\u0113li un izbaud\u012bt br\u012bv\u0101 stila \u0123\u0113rb\u0161an\u0101s sp\u0113les.<\/li>\n<li data-sourcepos=\"9:1-9:182\"><strong>Organiz\u0113ts akordeona tipa iepakojums:<\/strong> Komplektam ir \u0113rts akordeona tipa iepakojums ar rokturi, t\u0101p\u0113c tas ir ide\u0101li piem\u0113rots izklaidei ce\u013c\u0101.<\/li>\n<li data-sourcepos=\"10:1-10:157\"><strong>\u0100dai draudz\u012bgs un viegli t\u012br\u0101ms:<\/strong> Uzl\u012bmes ir saudz\u012bgas pret \u0101du un viegli nomazg\u0101jamas, t\u0101p\u0113c b\u0113rni var izbaud\u012bt tetov\u0113\u0161anas prieku bez raiz\u0113m.<\/li>\n<li data-sourcepos=\"11:1-12:0\"><strong>Viegla no\u0146em\u0161ana:<\/strong> Uzl\u012bmes viegli no\u0146emas, neatst\u0101jot nek\u0101das p\u0113das.<\/li>\n<li data-sourcepos=\"13:1-15:158\"><strong>Am\u017eius:<\/strong> 3+<\/li>\n<li data-sourcepos=\"13:1-15:158\"><strong>Kastes izm\u0113ri:<\/strong>\u00a025 cm x 22,50 cm x 2,3 cm<\/li>\n<li data-sourcepos=\"13:1-15:158\"><strong>Tostarp:<\/strong> 10 loksnes parasto uzl\u012bmju, 6 loksnes tetov\u0113jumu uzl\u012bmju, 1 loksne lielu rombveida uzl\u012bmju, 1 loksne mazu rombveida uzl\u012bmju, 6 loksnes nagu uzl\u012bmju.<\/li>\n<\/ul>","protected":false},"excerpt":{"rendered":"<p>Tai magi\u0161kas mideer rinkinys, kuriame yra daugiau nei 1000 lipduk\u0173, sukurt\u0173, kad \u012fkv\u0117pt\u0173 k\u016brybi\u0161kum\u0105 ir vaizduot\u0119. \u0160is rinkinys puikiai tinka vaikams, kurie m\u0117gsta papuo\u0161ti ir personalizuoti savo i\u0161vaizd\u0105 gra\u017eiais lipdukais. Vaikai gali naudoti \u012fvairi\u0173 r\u016b\u0161i\u0173 lipdukus, kad sukurt\u0173 savo pasak\u0173 dizain\u0105 ant nag\u0173, rank\u0173, skruost\u0173 ir daug daugiau. 1000+ fantasti\u0161k\u0173 lipduk\u0173: rinkinys apima plat\u0173 lipduk\u0173 pasirinkim\u0105 nagams, tatuiruot\u0117ms ir brangakmeni\u0173 dekoracijoms, suteikdamas begalines k\u016brybines galimybes. Princes\u0117s tematikos dizainas: lipdukai su mylimais princes\u0117s elementais, skatina vaikus naudoti savo vaizduot\u0119 ir m\u0117gautis laisvo stiliaus apsirengimo \u017eaidimais. Organizuota akordeono stiliaus pakuot\u0117: rinkinys pateikiamas patogioje akordeono stiliaus pakuot\u0117je su ranken\u0117le, tod\u0117l jis puikiai tinka linksmyb\u0117ms keliaujant. Draugi\u0161kas odai ir lengvai valomas: lipdukai yra \u0161veln\u016bs odai ir lengvai nuplaunami, tod\u0117l vaikai gali m\u0117gautis tatuiruo\u010di\u0173 malonumu be joki\u0173 r\u016bpes\u010di\u0173. Lengvas nu\u0117mimas: Lipdukai lengvai nusiima nepalikdami joki\u0173 \u017eymi\u0173. Am\u017eius: 3+ D\u0117\u017eut\u0117s Matmenys:\u00a025cm x 22,50 cm x 2,3 cm \u012eskaitant: 10 lap\u0173 \u012fprast\u0173 lipduk\u0173, 6 lapai tatuiruo\u010di\u0173 lipduk\u0173, 1 lapas dideli\u0173 deimantini\u0173 lipduk\u0173, 1 lapas ma\u017e\u0173 deimantini\u0173 lipduk\u0173, 6 lapai nag\u0173 lipduk\u0173<\/p>","protected":false},"featured_media":4715,"template":"","meta":[],"product_brand":[],"product_cat":[234,235,236,250,255,263,273],"product_tag":[],"class_list":{"0":"post-4714","1":"product","2":"type-product","3":"status-publish","4":"has-post-thumbnail","6":"product_cat-3-4-metai","7":"product_cat-5-6-metai","8":"product_cat-6-metai","9":"product_cat-menai-ir-kurybiniai-uzsiemimai","10":"product_cat-naujienos","11":"product_cat-pasidaryk-pats","12":"product_cat-visi-aksesuarai","14":"first","15":"outofstock","16":"taxable","17":"shipping-taxable","18":"product-type-simple"},"jetpack_sharing_enabled":true,"_links":{"self":[{"href":"https:\/\/b2b.mideer.lt\/lv\/wp-json\/wp\/v2\/product\/4714"}],"collection":[{"href":"https:\/\/b2b.mideer.lt\/lv\/wp-json\/wp\/v2\/product"}],"about":[{"href":"https:\/\/b2b.mideer.lt\/lv\/wp-json\/wp\/v2\/types\/product"}],"wp:featuredmedia":[{"embeddable":true,"href":"https:\/\/b2b.mideer.lt\/lv\/wp-json\/wp\/v2\/media\/4715"}],"wp:attachment":[{"href":"https:\/\/b2b.mideer.lt\/lv\/wp-json\/wp\/v2\/media?parent=4714"}],"wp:term":[{"taxonomy":"product_brand","embeddable":true,"href":"https:\/\/b2b.mideer.lt\/lv\/wp-json\/wp\/v2\/product_brand?post=4714"},{"taxonomy":"product_cat","embeddable":true,"href":"https:\/\/b2b.mideer.lt\/lv\/wp-json\/wp\/v2\/product_cat?post=4714"},{"taxonomy":"product_tag","embeddable":true,"href":"https:\/\/b2b.mideer.lt\/lv\/wp-json\/wp\/v2\/product_tag?post=4714"}],"curies":[{"name":"wp","href":"https:\/\/api.w.org\/{rel}","templated":true}]}}