{"id":4706,"date":"2024-11-17T14:23:05","date_gmt":"2024-11-17T14:23:05","guid":{"rendered":"https:\/\/b2b.mideer.lt\/?post_type=product&#038;p=4706"},"modified":"2026-04-19T07:30:02","modified_gmt":"2026-04-19T07:30:02","slug":"6in1-stalo-zaidimu-knyga-nuotykiai-muziejuje","status":"publish","type":"product","link":"https:\/\/b2b.mideer.lt\/lv\/product\/6in1-stalo-zaidimu-knyga-nuotykiai-muziejuje\/","title":{"rendered":"6in1 galda sp\u0113\u013cu komplekts\/gr\u0101mata"},"content":{"rendered":"<p data-sourcepos=\"3:1-3:294\">Kompakts un \u013coti atkar\u012bbu izraiso\u0161s m\u012bdiju sp\u0113\u013cu komplekts, kas atdz\u012bvina klasisk\u0101s galda sp\u0113les unik\u0101l\u0101 p\u0101rn\u0113s\u0101jam\u0101 form\u0101t\u0101. \u0160is komplekts ir lieliski piem\u0113rots \u0123imen\u0113m un jaunajiem sp\u0113l\u0113t\u0101jiem, pied\u0101v\u0101jot da\u017e\u0101das strat\u0113\u0123iskas un jautras sp\u0113les, kas piem\u0113rotas da\u017e\u0101diem prasmju l\u012bme\u0146iem un interes\u0113m.<\/p>\n<ul>\n<li data-sourcepos=\"7:1-7:188\"><strong>6 popul\u0101ras sp\u0113les vien\u0101.<\/strong><\/li>\n<li data-sourcepos=\"8:1-8:123\"><strong>Kompakts un p\u0101rn\u0113s\u0101jams:<\/strong> viegli ietilpst mugursom\u0101s un rokassom\u0101s, t\u0101p\u0113c ir ide\u0101li piem\u0113rots ce\u013co\u0161anai un izklaidei ce\u013c\u0101.<\/li>\n<li><strong>Ide\u0101li piem\u0113rots diviem vai div\u0101m person\u0101m<\/strong><strong>vair\u0101k sp\u0113l\u0113t\u0101ju.<\/strong><\/li>\n<li data-sourcepos=\"10:1-10:162\"><strong>Gr\u0101matas stila dizains:<\/strong>\u00a0P\u0101r\u0161\u0137irstiet lapas, lai main\u012btu sp\u0113les laukumus, un kauli\u0146i un fig\u016bri\u0146as ir iestr\u0101d\u0101tas gr\u0101matas iek\u0161pus\u0113 - \u0113rti un k\u0101rt\u012bgi.<\/li>\n<li data-sourcepos=\"11:1-11:163\"><strong>Pak\u0101peniska smaguma pak\u0101pe:<\/strong>\u00a0Sp\u0113les ir no viegl\u0101m l\u012bdz sare\u017e\u0123\u012bt\u0101m, pal\u012bdzot b\u0113rniem att\u012bst\u012bt noteikumu iev\u0113ro\u0161anu, lo\u0123isko dom\u0101\u0161anu un \u0101tr\u0101s reakcijas prasmes.<\/li>\n<li data-sourcepos=\"13:1-13:141\"><strong>Aizraujo\u0161i si\u017eeta elementi:<\/strong>\u00a0Katra sp\u0113le ir piepild\u012bta ar interesantiem si\u017eetiem, kas rada bag\u0101t\u012bgu, aizraujo\u0161u sp\u0113les vidi.<\/li>\n<li data-sourcepos=\"14:1-14:154\"><strong>Magn\u0113tisk\u0101s sp\u0113les fig\u016bri\u0146as:<\/strong>\u00a0Fig\u016bri\u0146\u0101m ir m\u012bksta magn\u0113tiska aizmugure, kas \u013cauj t\u0101s stingri piestiprin\u0101t pie sp\u0113\u013cu gr\u0101matas, lai t\u0101s nepazustu.<\/li>\n<li data-sourcepos=\"15:1-15:114\"><strong>\u016adensnecaurlaid\u012bgs materi\u0101ls:<\/strong>\u00a0Sp\u0113\u013cu virsmu ir viegli t\u012br\u012bt, t\u0101d\u0113j\u0101di palielinot t\u0101s ilgm\u016b\u017e\u012bbu un iztur\u012bbu.<\/li>\n<li data-sourcepos=\"16:1-17:0\"><strong>Viegli saprotams sp\u0113les ce\u013cvedis katr\u0101 sp\u0113les lap\u0101.<\/strong><\/li>\n<li data-sourcepos=\"16:1-17:0\"><strong>Am\u017eius:<\/strong> 3+<\/li>\n<li data-sourcepos=\"16:1-17:0\"><strong>Kastes izm\u0113ri:<\/strong> 25,50 cm x 23 cm x 1,70 cm<\/li>\n<li data-sourcepos=\"16:1-17:0\"><strong>Tostarp:<\/strong> 1 sp\u0113les gr\u0101mata (iek\u0161pus\u0113 iek\u013cautas sp\u0113les fig\u016bri\u0146as un kauli\u0146i)<\/li>\n<\/ul>","protected":false},"excerpt":{"rendered":"<p>Kompakts un \u013coti atkar\u012bbu izraiso\u0161s m\u012bdiju sp\u0113\u013cu komplekts, kas atdz\u012bvina klasisk\u0101s galda sp\u0113les unik\u0101l\u0101 p\u0101rn\u0113s\u0101jam\u0101 form\u0101t\u0101. \u0160is komplekts ir lieliski piem\u0113rots \u0123imen\u0113m un jaunajiem sp\u0113l\u0113t\u0101jiem, pied\u0101v\u0101jot da\u017e\u0101das strat\u0113\u0123iskas un jautras sp\u0113les, kas piem\u0113rotas da\u017e\u0101diem prasmju l\u012bme\u0146iem un interes\u0113m. 6 popul\u0101ras sp\u0113les vien\u0101. Kompakts un p\u0101rn\u0113s\u0101jams: viegli ietilpst mugursom\u0101s un rokassom\u0101s, t\u0101p\u0113c ir ide\u0101li piem\u0113rots ce\u013co\u0161anai un izklaidei ce\u013c\u0101. Ide\u0101li piem\u0113rots diviem vai vair\u0101k sp\u0113l\u0113t\u0101jiem. Gr\u0101matas stila dizains: p\u0101r\u0161\u0137irstiet lapaspuses, lai main\u012btu sp\u0113\u013cu laukumus, un kauli\u0146i un fig\u016bri\u0146as ir iestr\u0101d\u0101tas gr\u0101matas iek\u0161pus\u0113 - \u0113rti un gl\u012bti. Pak\u0101peniska gr\u016bt\u012bbas pak\u0101pe: sp\u0113les ir no viegl\u0101m l\u012bdz sare\u017e\u0123\u012bt\u0101m, pal\u012bdzot b\u0113rniem att\u012bst\u012bt noteikumu iev\u0113ro\u0161anu, lo\u0123isko dom\u0101\u0161anu un \u0101tr\u0101s reakcijas prasmes. Aizraujo\u0161i si\u017eeti: katra sp\u0113le ir papildin\u0101ta ar interesantiem si\u017eetiem, kas rada bag\u0101t\u012bgu, aizraujo\u0161u sp\u0113les vidi. Magn\u0113tisk\u0101s sp\u0113les fig\u016bri\u0146as: fig\u016bri\u0146\u0101m ir m\u012bksta magn\u0113tisk\u0101 aizmugure, kas cie\u0161i piestiprina t\u0101s pie sp\u0113\u013cu gr\u0101matas, nodro\u0161inot, ka t\u0101s nepaz\u016bd. \u016adensnecaurlaid\u012bgs materi\u0101ls: sp\u0113les virsma ir viegli t\u012br\u0101ma, palielinot iztur\u012bbu un ilgm\u016b\u017e\u012bbu. Viegli saprotama sp\u0113les rokasgr\u0101mata katr\u0101 sp\u0113les lap\u0101. Vecums: 3+ Kastes izm\u0113ri: 25,50 cm x 23 cm x 1,70 cm Komplekt\u0101 ietilpst: 1 sp\u0113\u013cu gr\u0101mata (iek\u0161pus\u0113 iek\u013cautas sp\u0113les fig\u016bri\u0146as un kauli\u0146i).<\/p>","protected":false},"featured_media":4707,"template":"","meta":[],"product_brand":[],"product_cat":[234,235,236,239,242,272,255,269,276],"product_tag":[],"class_list":{"0":"post-4706","1":"product","2":"type-product","3":"status-publish","4":"has-post-thumbnail","6":"product_cat-3-4-metai","7":"product_cat-5-6-metai","8":"product_cat-6-metai","9":"product_cat-daugiau-zaislu-ir-zaidimu","10":"product_cat-dovanu-idejos","11":"product_cat-kaledines-dovanos","12":"product_cat-naujienos","13":"product_cat-stalo-zaidimai","14":"product_cat-zaislai-ir-zaidimai","16":"first","17":"instock","18":"taxable","19":"shipping-taxable","20":"product-type-simple"},"jetpack_sharing_enabled":true,"_links":{"self":[{"href":"https:\/\/b2b.mideer.lt\/lv\/wp-json\/wp\/v2\/product\/4706"}],"collection":[{"href":"https:\/\/b2b.mideer.lt\/lv\/wp-json\/wp\/v2\/product"}],"about":[{"href":"https:\/\/b2b.mideer.lt\/lv\/wp-json\/wp\/v2\/types\/product"}],"wp:featuredmedia":[{"embeddable":true,"href":"https:\/\/b2b.mideer.lt\/lv\/wp-json\/wp\/v2\/media\/4707"}],"wp:attachment":[{"href":"https:\/\/b2b.mideer.lt\/lv\/wp-json\/wp\/v2\/media?parent=4706"}],"wp:term":[{"taxonomy":"product_brand","embeddable":true,"href":"https:\/\/b2b.mideer.lt\/lv\/wp-json\/wp\/v2\/product_brand?post=4706"},{"taxonomy":"product_cat","embeddable":true,"href":"https:\/\/b2b.mideer.lt\/lv\/wp-json\/wp\/v2\/product_cat?post=4706"},{"taxonomy":"product_tag","embeddable":true,"href":"https:\/\/b2b.mideer.lt\/lv\/wp-json\/wp\/v2\/product_tag?post=4706"}],"curies":[{"name":"wp","href":"https:\/\/api.w.org\/{rel}","templated":true}]}}