{"id":4675,"date":"2024-10-30T15:42:17","date_gmt":"2024-10-30T15:42:17","guid":{"rendered":"https:\/\/b2b.mideer.lt\/?post_type=product&#038;p=4675"},"modified":"2026-04-25T07:31:22","modified_gmt":"2026-04-25T07:31:22","slug":"level-up-deliones-5-lygis-pasaku-pasaulis-2","status":"publish","type":"product","link":"https:\/\/b2b.mideer.lt\/lv\/product\/level-up-deliones-5-lygis-pasaku-pasaulis-2\/","title":{"rendered":"L\u012bme\u0146a paaugstin\u0101\u0161anas m\u012bklu komplekts - 5. l\u012bmenis Pasaku pasaule"},"content":{"rendered":"<div class=\"relative p-1 rounded-sm h-9 w-9 text-white flex items-center justify-center\">\n<div class=\"flex-shrink-0 flex flex-col relative items-end\">\n<div class=\"pt-0.5\">\n<div class=\"gizmo-shadow-stroke flex h-6 w-6 items-center justify-center overflow-hidden rounded-full\">\n<div class=\"relative p-1 rounded-sm h-9 w-9 text-white flex items-center justify-center\">\n<p data-sourcepos=\"1:1-1:448\">Mideer l\u012bme\u0146a paaugstin\u0101\u0161ana! m\u012bklu kolekcij\u0101 ir 8 l\u012bme\u0146i. Puzles gabali\u0146u skaits pieaug no l\u012bme\u0146a uz l\u012bmeni, lai atbilstu b\u0113rnu intelektu\u0101lajai att\u012bst\u012bbai un aktiviz\u0113tu visus smadze\u0146u darb\u012bbas aspektus. Att\u0113li s\u0101kas ar vienu dz\u012bvnieku un beidzas ar sare\u017e\u0123\u012bt\u0101m ain\u0101m, lai pak\u0101peniski att\u012bst\u012btu b\u0113rnu izzi\u0146as sp\u0113jas. Att\u0113li da\u017e\u0101dos m\u0101kslinieciskos stilos rosina b\u0113rnu izt\u0113li. Gludas un m\u012bkstas malas veicina dro\u0161u un interakt\u012bvu rota\u013cu un m\u0101c\u012b\u0161anos.<\/p>\n<p data-sourcepos=\"3:1-3:132\"><strong>5. l\u012bmenis:<\/strong> Pasaku pasaules t\u0113ma ietver 3 puzles katr\u0101 kast\u0113 un 3 pasaku kolekcijas ainas.<\/p>\n<\/div>\n<div class=\"relative p-1 rounded-sm h-9 w-9 text-white flex items-center justify-center\">\n<ul>\n<li><strong>Vecums<\/strong>: 4+<\/li>\n<li><strong>Kastes izm\u0113ri<\/strong>: 19,2 cm x 22,5 cm x 12,5 cm<\/li>\n<li><strong>Da\u013cu skaits<\/strong>: 99 da\u013cas, 120 da\u013cas, 140 da\u013cas<\/li>\n<li><strong>Puzles lielums<\/strong>: 37,5 x 28,2 cm<\/li>\n<li><strong>Pieejams no<\/strong>: P\u0101rtikas kategorijas biezs kartons, apdruk\u0101ts ar sojas tinti.<\/li>\n<\/ul>\n<\/div>\n<\/div>\n<\/div>\n<\/div>\n<\/div>","protected":false},"excerpt":{"rendered":"<p>Mideer l\u012bme\u0146a paaugstin\u0101\u0161ana! m\u012bklu kolekcij\u0101 ir 8 l\u012bme\u0146i. Puzles gabali\u0146u skaits pieaug no l\u012bme\u0146a uz l\u012bmeni, lai atbilstu b\u0113rnu intelektu\u0101lajai att\u012bst\u012bbai un aktiviz\u0113tu visus smadze\u0146u darb\u012bbas aspektus. Att\u0113li s\u0101kas ar vienu dz\u012bvnieku un beidzas ar sare\u017e\u0123\u012bt\u0101m ain\u0101m, lai pak\u0101peniski att\u012bst\u012btu b\u0113rnu izzi\u0146as sp\u0113jas. Att\u0113li da\u017e\u0101dos m\u0101kslinieciskos stilos rosina b\u0113rnu izt\u0113li. Gludas un m\u012bkstas malas veicina dro\u0161u un interakt\u012bvu rota\u013cu un m\u0101c\u012b\u0161anos. 5. l\u012bmenis: Pasaku pasaules t\u0113ma ietver 3 puzles katr\u0101 kast\u012bt\u0113 un 3 ainas no pasaku gr\u0101matas. Vecums: 4+ Kastes izm\u0113ri: 19,2 cm x 22,5 cm x 12,5 cm Gabali\u0146u skaits: 99 gabali\u0146i, 120 gabali\u0146i, 140 gabali\u0146i Salikt\u0101s puzles izm\u0113rs: 37,5 x 28,2 cm Materi\u0101ls.<\/p>","protected":false},"featured_media":4676,"template":"","meta":[],"product_brand":[],"product_cat":[234,235,236,240,247,255,258,274],"product_tag":[],"class_list":{"0":"post-4675","1":"product","2":"type-product","3":"status-publish","4":"has-post-thumbnail","6":"product_cat-3-4-metai","7":"product_cat-5-6-metai","8":"product_cat-6-metai","9":"product_cat-deliones","10":"product_cat-level-up-deliones","11":"product_cat-naujienos","12":"product_cat-nuo-100-iki-300-daliu","13":"product_cat-visos-deliones","15":"first","16":"instock","17":"taxable","18":"shipping-taxable","19":"product-type-simple"},"jetpack_sharing_enabled":true,"_links":{"self":[{"href":"https:\/\/b2b.mideer.lt\/lv\/wp-json\/wp\/v2\/product\/4675"}],"collection":[{"href":"https:\/\/b2b.mideer.lt\/lv\/wp-json\/wp\/v2\/product"}],"about":[{"href":"https:\/\/b2b.mideer.lt\/lv\/wp-json\/wp\/v2\/types\/product"}],"wp:featuredmedia":[{"embeddable":true,"href":"https:\/\/b2b.mideer.lt\/lv\/wp-json\/wp\/v2\/media\/4676"}],"wp:attachment":[{"href":"https:\/\/b2b.mideer.lt\/lv\/wp-json\/wp\/v2\/media?parent=4675"}],"wp:term":[{"taxonomy":"product_brand","embeddable":true,"href":"https:\/\/b2b.mideer.lt\/lv\/wp-json\/wp\/v2\/product_brand?post=4675"},{"taxonomy":"product_cat","embeddable":true,"href":"https:\/\/b2b.mideer.lt\/lv\/wp-json\/wp\/v2\/product_cat?post=4675"},{"taxonomy":"product_tag","embeddable":true,"href":"https:\/\/b2b.mideer.lt\/lv\/wp-json\/wp\/v2\/product_tag?post=4675"}],"curies":[{"name":"wp","href":"https:\/\/api.w.org\/{rel}","templated":true}]}}